{"id":9519,"date":"2024-10-01T17:38:07","date_gmt":"2024-10-01T17:38:07","guid":{"rendered":"https:\/\/kindart.is\/?post_type=product&#038;p=9519"},"modified":"2025-09-29T14:51:57","modified_gmt":"2025-09-29T14:51:57","slug":"njala-personur-og-leikendur","status":"publish","type":"product","link":"https:\/\/kindart.is\/en\/vara\/njala-personur-og-leikendur\/","title":{"rendered":"NJ\u00c1LA Pers\u00f3nur og leikendur"},"content":{"rendered":"<p><strong>NJ\u00c1LA Pers\u00f3nur og leikendur<\/strong>. H\u00f6fundur: Bjarni Eir\u00edkur Sigur\u00f0sson b\u00f3ndi og Nj\u00e1lus\u00e9rfr\u00e6\u00f0ingur er allra manna fr\u00f3\u00f0astur um Nj\u00e1lu og Nj\u00e1lusl\u00f3\u00f0ir. \u00cd b\u00f3kinni skilar hann ni\u00f0urst\u00f6\u00f0um s\u00ednum og hva\u00f0 vakti fyrir s\u00f6gupers\u00f3nunum. Hann endursegir a\u00f0 hluta efni Brennu-Nj\u00e1lss\u00f6gu, en \u00fe\u00f3 ekki alveg. \u00dea\u00f0 sem er innan g\u00e6salappa, einkum tilv\u00edsanir \u00ed or\u00f0 s\u00f6gupers\u00f3na, er \u00fe\u00f3 n\u00e1nast alltaf or\u00f0r\u00e9tt \u00far s\u00f6gunni.Stu\u00f0st er vi\u00f0 \u00fatg\u00e1fu J\u00f3ns B\u00f6\u00f0varssonar \u00e1 Nj\u00e1lu sem I\u00d0N\u00da gaf \u00fat. B\u00f3kin er l\u00edmheft og sett \u00ed kartonk\u00e1pu. St\u00e6r\u00f0: 24 X 16.9 cm. og 150 bls.<\/p>\n<p><strong>\u00datg\u00e1fa og prentun<\/strong>:<br \/>\n\u00datgefandi: S\u00f6gur, \u00dat\u00e1fa, Reykjav\u00edk 2012. Prentun: Prentsmi\u00f0jan Oddi.<\/p>\n","protected":false},"excerpt":{"rendered":"<p>NJ\u00c1LA Pers\u00f3nur og leikendur. H\u00f6fundur: Bjarni Eir\u00edkur Sigur\u00f0sson b\u00f3ndi og Nj\u00e1lus\u00e9rfr\u00e6\u00f0ingur er allra manna fr\u00f3\u00f0astur um Nj\u00e1lu og Nj\u00e1lusl\u00f3\u00f0ir. \u00cd b\u00f3kinni skilar hann ni\u00f0urst\u00f6\u00f0um s\u00ednum og hva\u00f0 vakti fyrir s\u00f6gupers\u00f3nunum. Hann endursegir a\u00f0 hluta efni Brennu-Nj\u00e1lss\u00f6gu, en \u00fe\u00f3 ekki alveg. \u00dea\u00f0 sem er innan g\u00e6salappa, einkum tilv\u00edsanir \u00ed or\u00f0 s\u00f6gupers\u00f3na, er \u00fe\u00f3 n\u00e1nast alltaf or\u00f0r\u00e9tt [&hellip;]<\/p>\n","protected":false},"featured_media":9520,"template":"","meta":{"slim_seo":{"title":"NJ\u00c1LA Pers\u00f3nur og leikendur - KindArt","description":"NJ\u00c1LA Pers\u00f3nur og leikendur . H\u00f6fundur: Bjarni Eir\u00edkur Sigur\u00f0sson b\u00f3ndi og Nj\u00e1lus\u00e9rfr\u00e6\u00f0ingur er allra manna fr\u00f3\u00f0astur um Nj\u00e1lu og Nj\u00e1lusl\u00f3\u00f0ir. \u00cd b\u00f3kinni skilar"}},"product_brand":[],"product_cat":[82],"product_tag":[],"class_list":{"0":"post-9519","1":"product","2":"type-product","3":"status-publish","4":"has-post-thumbnail","6":"product_cat-baekur","7":"product_shipping_class-litill","9":"first","10":"outofstock","11":"purchasable","12":"product-type-simple"},"_links":{"self":[{"href":"https:\/\/kindart.is\/en\/wp-json\/wp\/v2\/product\/9519","targetHints":{"allow":["GET"]}}],"collection":[{"href":"https:\/\/kindart.is\/en\/wp-json\/wp\/v2\/product"}],"about":[{"href":"https:\/\/kindart.is\/en\/wp-json\/wp\/v2\/types\/product"}],"wp:featuredmedia":[{"embeddable":true,"href":"https:\/\/kindart.is\/en\/wp-json\/wp\/v2\/media\/9520"}],"wp:attachment":[{"href":"https:\/\/kindart.is\/en\/wp-json\/wp\/v2\/media?parent=9519"}],"wp:term":[{"taxonomy":"product_brand","embeddable":true,"href":"https:\/\/kindart.is\/en\/wp-json\/wp\/v2\/product_brand?post=9519"},{"taxonomy":"product_cat","embeddable":true,"href":"https:\/\/kindart.is\/en\/wp-json\/wp\/v2\/product_cat?post=9519"},{"taxonomy":"product_tag","embeddable":true,"href":"https:\/\/kindart.is\/en\/wp-json\/wp\/v2\/product_tag?post=9519"}],"curies":[{"name":"wp","href":"https:\/\/api.w.org\/{rel}","templated":true}]}}