{"id":9529,"date":"2024-10-01T17:44:22","date_gmt":"2024-10-01T17:44:22","guid":{"rendered":"https:\/\/kindart.is\/vara\/visnabokin-kvedandi\/"},"modified":"2024-10-01T17:44:22","modified_gmt":"2024-10-01T17:44:22","slug":"visnabokin-kvedandi","status":"publish","type":"product","link":"https:\/\/kindart.is\/en\/vara\/visnabokin-kvedandi\/","title":{"rendered":"V\u00edsnab\u00f3kin KVE\u00d0ANDI"},"content":{"rendered":"<p><strong>V\u00edsnab\u00f3kin KVE\u00d0ANDI<\/strong>, V\u00edsnaf\u00e9lagi\u00f0 var stofna\u00f0 12.apr\u00edl 1996 og var J\u00f3hanna \u00c1. Steingr\u00edmsd\u00f3ttir a\u00f0al hvatama\u00f0ur a\u00f0 stofnun \u00feess og fyrsti forma\u00f0ur. Kj\u00f6ror\u00f0 \u00feess var: H\u00f6ldum uppi merki st\u00f6kunnar &#8211; B\u00f3kin er v\u00edrheft. St\u00e6r\u00f0: 21 X 14.8 cm og 94 bls.<\/p>\n<p><strong>\u00datg\u00e1fa og prentun<\/strong>:<br \/>\n\u00datgefandi: V\u00edsnaf\u00e9lagi\u00f0 Kve\u00f0andi, H\u00fasav\u00edk 2006, sem stofna\u00f0 var 12.apr\u00edl 1996. Prentun: \u00d6rkin ehf, H\u00fasav\u00edk 2006.<\/p>\n","protected":false},"excerpt":{"rendered":"<p>V\u00edsnab\u00f3kin KVE\u00d0ANDI, V\u00edsnaf\u00e9lagi\u00f0 var stofna\u00f0 12.apr\u00edl 1996 og var J\u00f3hanna \u00c1. Steingr\u00edmsd\u00f3ttir a\u00f0al hvatama\u00f0ur a\u00f0 stofnun \u00feess og fyrsti forma\u00f0ur. Kj\u00f6ror\u00f0 \u00feess var: H\u00f6ldum uppi merki st\u00f6kunnar &#8211; B\u00f3kin er v\u00edrheft. St\u00e6r\u00f0: 21 X 14.8 cm og 94 bls. \u00datg\u00e1fa og prentun: \u00datgefandi: V\u00edsnaf\u00e9lagi\u00f0 Kve\u00f0andi, H\u00fasav\u00edk 2006, sem stofna\u00f0 var 12.apr\u00edl 1996. Prentun: \u00d6rkin ehf, [&hellip;]<\/p>\n","protected":false},"featured_media":9526,"template":"","meta":{"slim_seo":{"title":"V\u00edsnab\u00f3kin KVE\u00d0ANDI - KindArt","description":"V\u00edsnab\u00f3kin KVE\u00d0ANDI , V\u00edsnaf\u00e9lagi\u00f0 var stofna\u00f0 12.apr\u00edl 1996 og var J\u00f3hanna \u00c1. Steingr\u00edmsd\u00f3ttir a\u00f0al hvatama\u00f0ur a\u00f0 stofnun \u00feess og fyrsti forma\u00f0ur. Kj\u00f6ror\u00f0 \u00feess"}},"product_brand":[],"product_cat":[88],"product_tag":[],"class_list":{"0":"post-9529","1":"product","2":"type-product","3":"status-publish","4":"has-post-thumbnail","6":"product_cat-uncategorized-en","7":"product_shipping_class-small-en","9":"first","10":"instock","11":"purchasable","12":"product-type-simple"},"_links":{"self":[{"href":"https:\/\/kindart.is\/en\/wp-json\/wp\/v2\/product\/9529","targetHints":{"allow":["GET"]}}],"collection":[{"href":"https:\/\/kindart.is\/en\/wp-json\/wp\/v2\/product"}],"about":[{"href":"https:\/\/kindart.is\/en\/wp-json\/wp\/v2\/types\/product"}],"wp:featuredmedia":[{"embeddable":true,"href":"https:\/\/kindart.is\/en\/wp-json\/wp\/v2\/media\/9526"}],"wp:attachment":[{"href":"https:\/\/kindart.is\/en\/wp-json\/wp\/v2\/media?parent=9529"}],"wp:term":[{"taxonomy":"product_brand","embeddable":true,"href":"https:\/\/kindart.is\/en\/wp-json\/wp\/v2\/product_brand?post=9529"},{"taxonomy":"product_cat","embeddable":true,"href":"https:\/\/kindart.is\/en\/wp-json\/wp\/v2\/product_cat?post=9529"},{"taxonomy":"product_tag","embeddable":true,"href":"https:\/\/kindart.is\/en\/wp-json\/wp\/v2\/product_tag?post=9529"}],"curies":[{"name":"wp","href":"https:\/\/api.w.org\/{rel}","templated":true}]}}