{"id":9531,"date":"2024-10-01T17:48:01","date_gmt":"2024-10-01T17:48:01","guid":{"rendered":"https:\/\/kindart.is\/?post_type=product&#038;p=9531"},"modified":"2025-02-11T15:33:52","modified_gmt":"2025-02-11T15:33:52","slug":"knut-hamsun-og-kynni-min-af-honum","status":"publish","type":"product","link":"https:\/\/kindart.is\/en\/vara\/knut-hamsun-og-kynni-min-af-honum\/","title":{"rendered":"KNUT HAMSUN og kynni m\u00edn af honum"},"content":{"rendered":"<p><strong>KNUT HAMSUN og kynni m\u00edn af honum<\/strong> eftir Harald Grieg. Freysteinn Gunnarsson \u00fe\u00fdddi. Harald var eldri br\u00f3\u00f0ir sk\u00e1ldsins Nordahls Griegs sem hinga\u00f0 kom \u00e1 str\u00ed\u00f0s\u00e1runum. og er Harald sag\u00f0ur \u00e1g\u00e6tur rith\u00f6fundur. Hann skrifa\u00f0i endurminningar s\u00ednar \u00ed tveimur bindum. \u00dea\u00f0an eru \u00feessar minningar um Knut Hamsun. B\u00f3kin er saumheft og fest \u00ed k\u00e1pu. St\u00e6r\u00f0: 21.7 X14.5 cm og 80 bls. Harald stj\u00f3rna\u00f0i st\u00e6rsta \u00fatg\u00e1fufyrirt\u00e6ki Nor\u00f0manna Gyldendal \u00ed n\u00e6r fj\u00f3ra \u00e1ratugi. Hann segir \u00feetta rit s\u00e9 \u00e6tla\u00f0 norsku b\u00f3ksalaf\u00f3lki til meiri \u00feekkingar \u00e1 Hamsun sj\u00e1lfum og me\u00f0 kve\u00f0ju til \u00feess fr\u00e1 h\u00f6fundi ritsins.<\/p>\n<p><strong>\u00datg\u00e1fa og prentun<\/strong>:<br \/>\nJ\u00f3lab\u00f3k \u00cdsafoldar 1964. Prentun: \u00cdsafoldarprentsmi\u00f0ja 1964.<\/p>\n","protected":false},"excerpt":{"rendered":"<p>KNUT HAMSUN og kynni m\u00edn af honum eftir Harald Grieg. Freysteinn Gunnarsson \u00fe\u00fdddi. Harald var eldri br\u00f3\u00f0ir sk\u00e1ldsins Nordahls Griegs sem hinga\u00f0 kom \u00e1 str\u00ed\u00f0s\u00e1runum. og er Harald sag\u00f0ur \u00e1g\u00e6tur rith\u00f6fundur. Hann skrifa\u00f0i endurminningar s\u00ednar \u00ed tveimur bindum. \u00dea\u00f0an eru \u00feessar minningar um Knut Hamsun. B\u00f3kin er saumheft og fest \u00ed k\u00e1pu. St\u00e6r\u00f0: 21.7 X14.5 [&hellip;]<\/p>\n","protected":false},"featured_media":9532,"template":"","meta":{"slim_seo":{"title":"KNUT HAMSUN og kynni m\u00edn af honum - KindArt","description":"KNUT HAMSUN og kynni m\u00edn af honum eftir Harald Grieg. Freysteinn Gunnarsson \u00fe\u00fdddi. Harald var eldri br\u00f3\u00f0ir sk\u00e1ldsins Nordahls Griegs sem hinga\u00f0 kom \u00e1 str\u00ed\u00f0s\u00e1run"}},"product_brand":[],"product_cat":[82],"product_tag":[],"class_list":{"0":"post-9531","1":"product","2":"type-product","3":"status-publish","4":"has-post-thumbnail","6":"product_cat-baekur","7":"product_shipping_class-litill","9":"first","10":"outofstock","11":"purchasable","12":"product-type-simple"},"_links":{"self":[{"href":"https:\/\/kindart.is\/en\/wp-json\/wp\/v2\/product\/9531","targetHints":{"allow":["GET"]}}],"collection":[{"href":"https:\/\/kindart.is\/en\/wp-json\/wp\/v2\/product"}],"about":[{"href":"https:\/\/kindart.is\/en\/wp-json\/wp\/v2\/types\/product"}],"wp:featuredmedia":[{"embeddable":true,"href":"https:\/\/kindart.is\/en\/wp-json\/wp\/v2\/media\/9532"}],"wp:attachment":[{"href":"https:\/\/kindart.is\/en\/wp-json\/wp\/v2\/media?parent=9531"}],"wp:term":[{"taxonomy":"product_brand","embeddable":true,"href":"https:\/\/kindart.is\/en\/wp-json\/wp\/v2\/product_brand?post=9531"},{"taxonomy":"product_cat","embeddable":true,"href":"https:\/\/kindart.is\/en\/wp-json\/wp\/v2\/product_cat?post=9531"},{"taxonomy":"product_tag","embeddable":true,"href":"https:\/\/kindart.is\/en\/wp-json\/wp\/v2\/product_tag?post=9531"}],"curies":[{"name":"wp","href":"https:\/\/api.w.org\/{rel}","templated":true}]}}