{"id":9539,"date":"2024-10-01T17:54:09","date_gmt":"2024-10-01T17:54:09","guid":{"rendered":"https:\/\/kindart.is\/vara\/islenzk-sagnablod\/"},"modified":"2024-10-01T17:54:09","modified_gmt":"2024-10-01T17:54:09","slug":"islenzk-sagnablod","status":"publish","type":"product","link":"https:\/\/kindart.is\/en\/vara\/islenzk-sagnablod\/","title":{"rendered":"\u00cdslenzk Sagnabl\u00f6\u00f0"},"content":{"rendered":"<p><strong>\u00cdslenzk Sagnabl\u00f6\u00f0<\/strong>, \u00fatgefin a\u00f0 tilhlutan hins \u00edslenzka B\u00f3kmentaf\u00e9lags. Fyrsta Bindi, 1-5. Deild. Fr\u00e1 1816 &#8211; sumarm\u00e1la 1821.P\u00e9sinn er v\u00edrheftur, st\u00e6r\u00f0: 21 X 14.7 cm. og 18 bls. &#8211; Titilbla\u00f0 sem er nota\u00f0 sem k\u00e1pa \u00e1 B\u00f3ks\u00f6luskr\u00e1 Braga Kristj\u00f3nssonar nr. 32, 1985.<\/p>\n<p><strong>\u00datg\u00e1fa og prentun<\/strong>:<br \/>\nB\u00f3kavar\u00f0an &#8211; Antikvariat, Hverfisgata 52, Reykjav\u00edk, B\u00f3ks\u00f6luskr\u00e1 nr. 32, Ma\u00ed 1985. Prentun: Fj\u00f6lritun &#8211; fr\u00e1gangur: Stensill.<\/p>\n","protected":false},"excerpt":{"rendered":"<p>\u00cdslenzk Sagnabl\u00f6\u00f0, \u00fatgefin a\u00f0 tilhlutan hins \u00edslenzka B\u00f3kmentaf\u00e9lags. Fyrsta Bindi, 1-5. Deild. Fr\u00e1 1816 &#8211; sumarm\u00e1la 1821.P\u00e9sinn er v\u00edrheftur, st\u00e6r\u00f0: 21 X 14.7 cm. og 18 bls. &#8211; Titilbla\u00f0 sem er nota\u00f0 sem k\u00e1pa \u00e1 B\u00f3ks\u00f6luskr\u00e1 Braga Kristj\u00f3nssonar nr. 32, 1985. \u00datg\u00e1fa og prentun: B\u00f3kavar\u00f0an &#8211; Antikvariat, Hverfisgata 52, Reykjav\u00edk, B\u00f3ks\u00f6luskr\u00e1 nr. 32, Ma\u00ed 1985. [&hellip;]<\/p>\n","protected":false},"featured_media":9538,"template":"","meta":{"slim_seo":{"title":"\u00cdslenzk Sagnabl\u00f6\u00f0 - KindArt","description":"\u00cdslenzk Sagnabl\u00f6\u00f0 , \u00fatgefin a\u00f0 tilhlutan hins \u00edslenzka B\u00f3kmentaf\u00e9lags. Fyrsta Bindi, 1-5. Deild. Fr\u00e1 1816 - sumarm\u00e1la 1821.P\u00e9sinn er v\u00edrheftur, st\u00e6r\u00f0: 21 X 14.7"}},"product_brand":[],"product_cat":[83],"product_tag":[],"class_list":{"0":"post-9539","1":"product","2":"type-product","3":"status-publish","4":"has-post-thumbnail","6":"product_cat-books","7":"product_shipping_class-small-en","9":"first","10":"instock","11":"purchasable","12":"product-type-simple"},"_links":{"self":[{"href":"https:\/\/kindart.is\/en\/wp-json\/wp\/v2\/product\/9539","targetHints":{"allow":["GET"]}}],"collection":[{"href":"https:\/\/kindart.is\/en\/wp-json\/wp\/v2\/product"}],"about":[{"href":"https:\/\/kindart.is\/en\/wp-json\/wp\/v2\/types\/product"}],"wp:featuredmedia":[{"embeddable":true,"href":"https:\/\/kindart.is\/en\/wp-json\/wp\/v2\/media\/9538"}],"wp:attachment":[{"href":"https:\/\/kindart.is\/en\/wp-json\/wp\/v2\/media?parent=9539"}],"wp:term":[{"taxonomy":"product_brand","embeddable":true,"href":"https:\/\/kindart.is\/en\/wp-json\/wp\/v2\/product_brand?post=9539"},{"taxonomy":"product_cat","embeddable":true,"href":"https:\/\/kindart.is\/en\/wp-json\/wp\/v2\/product_cat?post=9539"},{"taxonomy":"product_tag","embeddable":true,"href":"https:\/\/kindart.is\/en\/wp-json\/wp\/v2\/product_tag?post=9539"}],"curies":[{"name":"wp","href":"https:\/\/api.w.org\/{rel}","templated":true}]}}