{"id":9545,"date":"2024-10-01T17:58:28","date_gmt":"2024-10-01T17:58:28","guid":{"rendered":"https:\/\/kindart.is\/vara\/eg-thekki-konur\/"},"modified":"2024-10-01T17:58:28","modified_gmt":"2024-10-01T17:58:28","slug":"eg-thekki-konur","status":"publish","type":"product","link":"https:\/\/kindart.is\/en\/vara\/eg-thekki-konur\/","title":{"rendered":"Eg \u00feekki konur"},"content":{"rendered":"<p><strong>Eg \u00feekki konur<\/strong>, lj\u00f3\u00f0ab\u00f3k eftir B\u00f6\u00f0var fr\u00e1 Hn\u00edfsdal. B\u00f3kin er bundin \u00ed rautt shirtingsband, alband me\u00f0 gylltan skrautramma \u00e1 framhli\u00f0 og gyllt \u00e1 kj\u00f6l. St\u00e6r\u00f0: 19 X 12.5 cm og 143 bls.<\/p>\n<p><strong>\u00datg\u00e1fa og prentun<\/strong>:<br \/>\nKostna\u00f0arma\u00f0ur: \u00d3lafur Erlingsson Reykjav\u00edk 1930. Prentun: \u00cdsafoldarprentsmi\u00f0ja.<\/p>\n","protected":false},"excerpt":{"rendered":"<p>Eg \u00feekki konur, lj\u00f3\u00f0ab\u00f3k eftir B\u00f6\u00f0var fr\u00e1 Hn\u00edfsdal. B\u00f3kin er bundin \u00ed rautt shirtingsband, alband me\u00f0 gylltan skrautramma \u00e1 framhli\u00f0 og gyllt \u00e1 kj\u00f6l. St\u00e6r\u00f0: 19 X 12.5 cm og 143 bls. \u00datg\u00e1fa og prentun: Kostna\u00f0arma\u00f0ur: \u00d3lafur Erlingsson Reykjav\u00edk 1930. Prentun: \u00cdsafoldarprentsmi\u00f0ja.<\/p>\n","protected":false},"featured_media":9542,"template":"","meta":{"slim_seo":{"title":"Eg \u00feekki konur - KindArt","description":"Eg \u00feekki konur , lj\u00f3\u00f0ab\u00f3k eftir B\u00f6\u00f0var fr\u00e1 Hn\u00edfsdal. B\u00f3kin er bundin \u00ed rautt shirtingsband, alband me\u00f0 gylltan skrautramma \u00e1 framhli\u00f0 og gyllt \u00e1 kj\u00f6l. St\u00e6r\u00f0: 19"}},"product_brand":[],"product_cat":[83],"product_tag":[],"class_list":{"0":"post-9545","1":"product","2":"type-product","3":"status-publish","4":"has-post-thumbnail","6":"product_cat-books","7":"product_shipping_class-small-en","9":"first","10":"outofstock","11":"purchasable","12":"product-type-simple"},"_links":{"self":[{"href":"https:\/\/kindart.is\/en\/wp-json\/wp\/v2\/product\/9545","targetHints":{"allow":["GET"]}}],"collection":[{"href":"https:\/\/kindart.is\/en\/wp-json\/wp\/v2\/product"}],"about":[{"href":"https:\/\/kindart.is\/en\/wp-json\/wp\/v2\/types\/product"}],"wp:featuredmedia":[{"embeddable":true,"href":"https:\/\/kindart.is\/en\/wp-json\/wp\/v2\/media\/9542"}],"wp:attachment":[{"href":"https:\/\/kindart.is\/en\/wp-json\/wp\/v2\/media?parent=9545"}],"wp:term":[{"taxonomy":"product_brand","embeddable":true,"href":"https:\/\/kindart.is\/en\/wp-json\/wp\/v2\/product_brand?post=9545"},{"taxonomy":"product_cat","embeddable":true,"href":"https:\/\/kindart.is\/en\/wp-json\/wp\/v2\/product_cat?post=9545"},{"taxonomy":"product_tag","embeddable":true,"href":"https:\/\/kindart.is\/en\/wp-json\/wp\/v2\/product_tag?post=9545"}],"curies":[{"name":"wp","href":"https:\/\/api.w.org\/{rel}","templated":true}]}}