{"id":9558,"date":"2024-10-08T15:46:27","date_gmt":"2024-10-08T15:46:27","guid":{"rendered":"https:\/\/kindart.is\/vara\/menn-og-minningar-2\/"},"modified":"2024-10-08T16:53:40","modified_gmt":"2024-10-08T16:53:40","slug":"menn-og-minningar-2","status":"publish","type":"product","link":"https:\/\/kindart.is\/en\/vara\/menn-og-minningar-2\/","title":{"rendered":"Menn og minningar"},"content":{"rendered":"<p><strong>Menn og minningar<\/strong>, Fimmt\u00edu \u00e6visagnir og fr\u00e1sagna\u00fe\u00e6ttir. H\u00f6fundur: Valt\u00fdr Stef\u00e1nsson. \u00deetta er \u00feri\u00f0ja b\u00f3k Valt\u00fds af samskonar efni. \u00cd \u00feessari b\u00f3k er svo efnisyfirlit og nafnaskr\u00e1 yfir \u00f6ll \u00ferj\u00fa bindin. B\u00f3kin er bundin \u00ed svart rex\u00edn, gyllt \u00e1 kj\u00f6l og Atli M\u00e1r teikna\u00f0i k\u00e1pu, spjaldapapp\u00edr og band. St\u00e6r\u00f0: 21.9 X16.7 cm og 388 bls.<\/p>\n<p><strong>\u00datg\u00e1fa og prentun<\/strong>:<br \/>\n\u00datgefandi: B\u00f3kfells\u00fatg\u00e1fan Reykjav\u00edk 1959. Prentun: Prentsmi\u00f0jan Oddi. Myndam\u00f3t: Prentm\u00f3t. B\u00f3kband: Sveinab\u00f3kbandi\u00f0.<\/p>\n","protected":false},"excerpt":{"rendered":"<p>Menn og minningar, Fimmt\u00edu \u00e6visagnir og fr\u00e1sagna\u00fe\u00e6ttir. H\u00f6fundur: Valt\u00fdr Stef\u00e1nsson. \u00deetta er \u00feri\u00f0ja b\u00f3k Valt\u00fds af samskonar efni. \u00cd \u00feessari b\u00f3k er svo efnisyfirlit og nafnaskr\u00e1 yfir \u00f6ll \u00ferj\u00fa bindin. B\u00f3kin er bundin \u00ed svart rex\u00edn, gyllt \u00e1 kj\u00f6l og Atli M\u00e1r teikna\u00f0i k\u00e1pu, spjaldapapp\u00edr og band. St\u00e6r\u00f0: 21.9 X16.7 cm og 388 bls. \u00datg\u00e1fa [&hellip;]<\/p>\n","protected":false},"featured_media":9553,"template":"","meta":{"slim_seo":{"title":"Menn og minningar - KindArt","description":"Menn og minningar , Fimmt\u00edu \u00e6visagnir og fr\u00e1sagna\u00fe\u00e6ttir. H\u00f6fundur: Valt\u00fdr Stef\u00e1nsson. \u00deetta er \u00feri\u00f0ja b\u00f3k Valt\u00fds af samskonar efni. \u00cd \u00feessari b\u00f3k er svo efnisyf"}},"product_brand":[],"product_cat":[83],"product_tag":[],"class_list":{"0":"post-9558","1":"product","2":"type-product","3":"status-publish","4":"has-post-thumbnail","6":"product_cat-books","7":"product_shipping_class-small-en","9":"first","10":"instock","11":"purchasable","12":"product-type-simple"},"_links":{"self":[{"href":"https:\/\/kindart.is\/en\/wp-json\/wp\/v2\/product\/9558","targetHints":{"allow":["GET"]}}],"collection":[{"href":"https:\/\/kindart.is\/en\/wp-json\/wp\/v2\/product"}],"about":[{"href":"https:\/\/kindart.is\/en\/wp-json\/wp\/v2\/types\/product"}],"wp:featuredmedia":[{"embeddable":true,"href":"https:\/\/kindart.is\/en\/wp-json\/wp\/v2\/media\/9553"}],"wp:attachment":[{"href":"https:\/\/kindart.is\/en\/wp-json\/wp\/v2\/media?parent=9558"}],"wp:term":[{"taxonomy":"product_brand","embeddable":true,"href":"https:\/\/kindart.is\/en\/wp-json\/wp\/v2\/product_brand?post=9558"},{"taxonomy":"product_cat","embeddable":true,"href":"https:\/\/kindart.is\/en\/wp-json\/wp\/v2\/product_cat?post=9558"},{"taxonomy":"product_tag","embeddable":true,"href":"https:\/\/kindart.is\/en\/wp-json\/wp\/v2\/product_tag?post=9558"}],"curies":[{"name":"wp","href":"https:\/\/api.w.org\/{rel}","templated":true}]}}