{"id":9566,"date":"2024-10-16T18:28:47","date_gmt":"2024-10-16T18:28:47","guid":{"rendered":"https:\/\/kindart.is\/vara\/ljodsprotar\/"},"modified":"2024-10-16T18:28:47","modified_gmt":"2024-10-16T18:28:47","slug":"ljodsprotar","status":"publish","type":"product","link":"https:\/\/kindart.is\/en\/vara\/ljodsprotar\/","title":{"rendered":"Lj\u00f3\u00f0sprotar"},"content":{"rendered":"<p><strong>Lj\u00f3\u00f0sprotar<\/strong> er \u00feri\u00f0ja og s\u00ed\u00f0asta b\u00f3kin \u00ed lj\u00f3\u00f0a\u00fatg\u00e1fu N\u00e1msgagnastofnunar. Fyrsta b\u00f3kin var Lj\u00f3\u00f0sporar 1988 og \u00f6nnur b\u00f3kin Lj\u00f3\u00f0speglar 1989. Lj\u00f3\u00f0in eru fr\u00e1 \u00fdmsum t\u00edmum og hlutur n\u00fat\u00edmalj\u00f3\u00f0a ekki minni en eldri lj\u00f3\u00f0a. B\u00e6kurnar eru bundnar \u00ed har\u00f0spj\u00f6ld sem eru kl\u00e6dd hv\u00edtum glanskarton me\u00f0 sm\u00e1myndum \u00ed lit. St\u00e6r\u00f0: 25 X 17.2 cm og 144 bls.<\/p>\n<p><strong>\u00datg\u00e1fa og prentun<\/strong>:<br \/>\n\u00datg\u00e1fa: N\u00e1msgagnastofnun Reykjav\u00edk 1990. Prentun og b\u00f3kband: G. Ben, prentstofa.<\/p>\n","protected":false},"excerpt":{"rendered":"<p>Lj\u00f3\u00f0sprotar er \u00feri\u00f0ja og s\u00ed\u00f0asta b\u00f3kin \u00ed lj\u00f3\u00f0a\u00fatg\u00e1fu N\u00e1msgagnastofnunar. Fyrsta b\u00f3kin var Lj\u00f3\u00f0sporar 1988 og \u00f6nnur b\u00f3kin Lj\u00f3\u00f0speglar 1989. Lj\u00f3\u00f0in eru fr\u00e1 \u00fdmsum t\u00edmum og hlutur n\u00fat\u00edmalj\u00f3\u00f0a ekki minni en eldri lj\u00f3\u00f0a. B\u00e6kurnar eru bundnar \u00ed har\u00f0spj\u00f6ld sem eru kl\u00e6dd hv\u00edtum glanskarton me\u00f0 sm\u00e1myndum \u00ed lit. St\u00e6r\u00f0: 25 X 17.2 cm og 144 bls. \u00datg\u00e1fa [&hellip;]<\/p>\n","protected":false},"featured_media":9561,"template":"","meta":{"slim_seo":{"title":"Lj\u00f3\u00f0sprotar - KindArt","description":"Lj\u00f3\u00f0sprotar er \u00feri\u00f0ja og s\u00ed\u00f0asta b\u00f3kin \u00ed lj\u00f3\u00f0a\u00fatg\u00e1fu N\u00e1msgagnastofnunar. Fyrsta b\u00f3kin var Lj\u00f3\u00f0sporar 1988 og \u00f6nnur b\u00f3kin Lj\u00f3\u00f0speglar 1989. Lj\u00f3\u00f0in eru fr\u00e1 \u00fdmsum"}},"product_brand":[],"product_cat":[83],"product_tag":[],"class_list":{"0":"post-9566","1":"product","2":"type-product","3":"status-publish","4":"has-post-thumbnail","6":"product_cat-books","7":"product_shipping_class-small-en","9":"first","10":"instock","11":"purchasable","12":"product-type-simple"},"_links":{"self":[{"href":"https:\/\/kindart.is\/en\/wp-json\/wp\/v2\/product\/9566","targetHints":{"allow":["GET"]}}],"collection":[{"href":"https:\/\/kindart.is\/en\/wp-json\/wp\/v2\/product"}],"about":[{"href":"https:\/\/kindart.is\/en\/wp-json\/wp\/v2\/types\/product"}],"wp:featuredmedia":[{"embeddable":true,"href":"https:\/\/kindart.is\/en\/wp-json\/wp\/v2\/media\/9561"}],"wp:attachment":[{"href":"https:\/\/kindart.is\/en\/wp-json\/wp\/v2\/media?parent=9566"}],"wp:term":[{"taxonomy":"product_brand","embeddable":true,"href":"https:\/\/kindart.is\/en\/wp-json\/wp\/v2\/product_brand?post=9566"},{"taxonomy":"product_cat","embeddable":true,"href":"https:\/\/kindart.is\/en\/wp-json\/wp\/v2\/product_cat?post=9566"},{"taxonomy":"product_tag","embeddable":true,"href":"https:\/\/kindart.is\/en\/wp-json\/wp\/v2\/product_tag?post=9566"}],"curies":[{"name":"wp","href":"https:\/\/api.w.org\/{rel}","templated":true}]}}