{"id":9574,"date":"2024-10-16T18:33:13","date_gmt":"2024-10-16T18:33:13","guid":{"rendered":"https:\/\/kindart.is\/vara\/milli-trjanna\/"},"modified":"2024-10-16T18:33:13","modified_gmt":"2024-10-16T18:33:13","slug":"milli-trjanna","status":"publish","type":"product","link":"https:\/\/kindart.is\/en\/vara\/milli-trjanna\/","title":{"rendered":"Milli trj\u00e1nna"},"content":{"rendered":"<p><strong>Milli trj\u00e1nna<\/strong>, sm\u00e1s\u00f6gur eftir Gyr\u00f0i El\u00edasson. \u00c1ttunda sm\u00e1sagnasafn hans. B\u00f3kin er bundin \u00ed f\u00f6lbr\u00fanan b\u00f3kbandsstriga, alband me\u00f0 \u00e1letrun \u00e1 kj\u00f6l, gr\u00e1 saurbl\u00f6\u00f0 og hl\u00edf\u00f0ark\u00e1pa utanum. St\u00e6r\u00f0: 21.8 X14.2 cm.<\/p>\n<p><strong>\u00datg\u00e1fa og prentun<\/strong>:<br \/>\n\u00datgefandi: Uppheimar, Akranesi 2009. Prentun: Prentsmi\u00f0jan Oddi.<\/p>\n","protected":false},"excerpt":{"rendered":"<p>Milli trj\u00e1nna, sm\u00e1s\u00f6gur eftir Gyr\u00f0i El\u00edasson. \u00c1ttunda sm\u00e1sagnasafn hans. B\u00f3kin er bundin \u00ed f\u00f6lbr\u00fanan b\u00f3kbandsstriga, alband me\u00f0 \u00e1letrun \u00e1 kj\u00f6l, gr\u00e1 saurbl\u00f6\u00f0 og hl\u00edf\u00f0ark\u00e1pa utanum. St\u00e6r\u00f0: 21.8 X14.2 cm. \u00datg\u00e1fa og prentun: \u00datgefandi: Uppheimar, Akranesi 2009. Prentun: Prentsmi\u00f0jan Oddi.<\/p>\n","protected":false},"featured_media":9569,"template":"","meta":{"slim_seo":{"title":"Milli trj\u00e1nna - KindArt","description":"Milli trj\u00e1nna , sm\u00e1s\u00f6gur eftir Gyr\u00f0i El\u00edasson. \u00c1ttunda sm\u00e1sagnasafn hans. B\u00f3kin er bundin \u00ed f\u00f6lbr\u00fanan b\u00f3kbandsstriga, alband me\u00f0 \u00e1letrun \u00e1 kj\u00f6l, gr\u00e1 saurbl\u00f6\u00f0 og"}},"product_brand":[],"product_cat":[83],"product_tag":[],"class_list":{"0":"post-9574","1":"product","2":"type-product","3":"status-publish","4":"has-post-thumbnail","6":"product_cat-books","7":"product_shipping_class-small-en","9":"first","10":"instock","11":"purchasable","12":"product-type-simple"},"_links":{"self":[{"href":"https:\/\/kindart.is\/en\/wp-json\/wp\/v2\/product\/9574","targetHints":{"allow":["GET"]}}],"collection":[{"href":"https:\/\/kindart.is\/en\/wp-json\/wp\/v2\/product"}],"about":[{"href":"https:\/\/kindart.is\/en\/wp-json\/wp\/v2\/types\/product"}],"wp:featuredmedia":[{"embeddable":true,"href":"https:\/\/kindart.is\/en\/wp-json\/wp\/v2\/media\/9569"}],"wp:attachment":[{"href":"https:\/\/kindart.is\/en\/wp-json\/wp\/v2\/media?parent=9574"}],"wp:term":[{"taxonomy":"product_brand","embeddable":true,"href":"https:\/\/kindart.is\/en\/wp-json\/wp\/v2\/product_brand?post=9574"},{"taxonomy":"product_cat","embeddable":true,"href":"https:\/\/kindart.is\/en\/wp-json\/wp\/v2\/product_cat?post=9574"},{"taxonomy":"product_tag","embeddable":true,"href":"https:\/\/kindart.is\/en\/wp-json\/wp\/v2\/product_tag?post=9574"}],"curies":[{"name":"wp","href":"https:\/\/api.w.org\/{rel}","templated":true}]}}