{"id":9581,"date":"2024-10-16T18:37:43","date_gmt":"2024-10-16T18:37:43","guid":{"rendered":"https:\/\/kindart.is\/vara\/sudri\/"},"modified":"2024-10-16T18:37:43","modified_gmt":"2024-10-16T18:37:43","slug":"sudri","status":"publish","type":"product","link":"https:\/\/kindart.is\/en\/vara\/sudri\/","title":{"rendered":"SU\u00d0RI"},"content":{"rendered":"<p><strong>SU\u00d0RI<\/strong>, \u00de\u00e6ttir \u00far framfaras\u00f6gu Sunnlendinga fr\u00e1 L\u00f3magn\u00fap til Hellishei\u00f0ar I. Bjarni Bjarnason fr\u00e1 Laugarvatni safna\u00f0i. B\u00f3kin er bundin \u00ed br\u00fant gerviefni, alband, (Ballacron). St\u00e6r\u00f0: 21.9 X14.0 cm.<\/p>\n<p><strong>\u00datg\u00e1fa og prentun<\/strong>:<br \/>\nBjarni Bjarnason fr\u00e1 Laugarvatni gaf \u00fat 1969. Prentun: Prentsmi\u00f0jan Vi\u00f0ey. Reykjav\u00edk. B\u00f3kband: B\u00f3kbindarinn.<\/p>\n","protected":false},"excerpt":{"rendered":"<p>SU\u00d0RI, \u00de\u00e6ttir \u00far framfaras\u00f6gu Sunnlendinga fr\u00e1 L\u00f3magn\u00fap til Hellishei\u00f0ar I. Bjarni Bjarnason fr\u00e1 Laugarvatni safna\u00f0i. B\u00f3kin er bundin \u00ed br\u00fant gerviefni, alband, (Ballacron). St\u00e6r\u00f0: 21.9 X14.0 cm. \u00datg\u00e1fa og prentun: Bjarni Bjarnason fr\u00e1 Laugarvatni gaf \u00fat 1969. Prentun: Prentsmi\u00f0jan Vi\u00f0ey. Reykjav\u00edk. B\u00f3kband: B\u00f3kbindarinn.<\/p>\n","protected":false},"featured_media":9578,"template":"","meta":{"slim_seo":{"title":"SU\u00d0RI - KindArt","description":"SU\u00d0RI , \u00de\u00e6ttir \u00far framfaras\u00f6gu Sunnlendinga fr\u00e1 L\u00f3magn\u00fap til Hellishei\u00f0ar I. Bjarni Bjarnason fr\u00e1 Laugarvatni safna\u00f0i. B\u00f3kin er bundin \u00ed br\u00fant gerviefni, alband"}},"product_brand":[],"product_cat":[83],"product_tag":[],"class_list":{"0":"post-9581","1":"product","2":"type-product","3":"status-publish","4":"has-post-thumbnail","6":"product_cat-books","7":"product_shipping_class-small-en","9":"first","10":"outofstock","11":"purchasable","12":"product-type-simple"},"_links":{"self":[{"href":"https:\/\/kindart.is\/en\/wp-json\/wp\/v2\/product\/9581","targetHints":{"allow":["GET"]}}],"collection":[{"href":"https:\/\/kindart.is\/en\/wp-json\/wp\/v2\/product"}],"about":[{"href":"https:\/\/kindart.is\/en\/wp-json\/wp\/v2\/types\/product"}],"wp:featuredmedia":[{"embeddable":true,"href":"https:\/\/kindart.is\/en\/wp-json\/wp\/v2\/media\/9578"}],"wp:attachment":[{"href":"https:\/\/kindart.is\/en\/wp-json\/wp\/v2\/media?parent=9581"}],"wp:term":[{"taxonomy":"product_brand","embeddable":true,"href":"https:\/\/kindart.is\/en\/wp-json\/wp\/v2\/product_brand?post=9581"},{"taxonomy":"product_cat","embeddable":true,"href":"https:\/\/kindart.is\/en\/wp-json\/wp\/v2\/product_cat?post=9581"},{"taxonomy":"product_tag","embeddable":true,"href":"https:\/\/kindart.is\/en\/wp-json\/wp\/v2\/product_tag?post=9581"}],"curies":[{"name":"wp","href":"https:\/\/api.w.org\/{rel}","templated":true}]}}