{"id":9589,"date":"2024-10-16T18:43:14","date_gmt":"2024-10-16T18:43:14","guid":{"rendered":"https:\/\/kindart.is\/vara\/andedrakt-av-koppar\/"},"modified":"2024-10-16T18:43:14","modified_gmt":"2024-10-16T18:43:14","slug":"andedrakt-av-koppar","status":"publish","type":"product","link":"https:\/\/kindart.is\/en\/vara\/andedrakt-av-koppar\/","title":{"rendered":"Andedrakt av Koppar"},"content":{"rendered":"<p><strong>Andedrakt av Koppar<\/strong>, Andra upplagan. Lj\u00f3\u00f0ab\u00f3k eftir Rabbe Enckell.<br \/>\n\u00c1 aftari k\u00e1pu eru umsagnir s\u00e6nskra sk\u00e1lda um b\u00f3kina og skrifar Olof Lagercrantz \u00ed Svenska Dagbladet a\u00f0 \u00feetta s\u00e9 besta b\u00f3k \u00e1 s\u00e6nskri tungu \u00feetta \u00e1ri\u00f0. B\u00f3kin er heft \u00ed kartonk\u00e1pu. St\u00e6r\u00f0: 21.5 X14.8 cm og 80 bls.<\/p>\n<p><strong>\u00datg\u00e1fa og prentun<\/strong>:<br \/>\n\u00datgefandi: Wahlstr\u00f6m &amp; Widstrand, Stockholm. Prentun: Tammerfors Handelstryckeri, 1947.<\/p>\n","protected":false},"excerpt":{"rendered":"<p>Andedrakt av Koppar, Andra upplagan. Lj\u00f3\u00f0ab\u00f3k eftir Rabbe Enckell. \u00c1 aftari k\u00e1pu eru umsagnir s\u00e6nskra sk\u00e1lda um b\u00f3kina og skrifar Olof Lagercrantz \u00ed Svenska Dagbladet a\u00f0 \u00feetta s\u00e9 besta b\u00f3k \u00e1 s\u00e6nskri tungu \u00feetta \u00e1ri\u00f0. B\u00f3kin er heft \u00ed kartonk\u00e1pu. St\u00e6r\u00f0: 21.5 X14.8 cm og 80 bls. \u00datg\u00e1fa og prentun: \u00datgefandi: Wahlstr\u00f6m &amp; Widstrand, Stockholm. [&hellip;]<\/p>\n","protected":false},"featured_media":9584,"template":"","meta":{"slim_seo":{"title":"Andedrakt av Koppar - KindArt","description":"Andedrakt av Koppar , Andra upplagan. Lj\u00f3\u00f0ab\u00f3k eftir Rabbe Enckell. \u00c1 aftari k\u00e1pu eru umsagnir s\u00e6nskra sk\u00e1lda um b\u00f3kina og skrifar Olof Lagercrantz \u00ed Svenska Da"}},"product_brand":[],"product_cat":[83],"product_tag":[],"class_list":{"0":"post-9589","1":"product","2":"type-product","3":"status-publish","4":"has-post-thumbnail","6":"product_cat-books","7":"product_shipping_class-small-en","9":"first","10":"instock","11":"purchasable","12":"product-type-simple"},"_links":{"self":[{"href":"https:\/\/kindart.is\/en\/wp-json\/wp\/v2\/product\/9589","targetHints":{"allow":["GET"]}}],"collection":[{"href":"https:\/\/kindart.is\/en\/wp-json\/wp\/v2\/product"}],"about":[{"href":"https:\/\/kindart.is\/en\/wp-json\/wp\/v2\/types\/product"}],"wp:featuredmedia":[{"embeddable":true,"href":"https:\/\/kindart.is\/en\/wp-json\/wp\/v2\/media\/9584"}],"wp:attachment":[{"href":"https:\/\/kindart.is\/en\/wp-json\/wp\/v2\/media?parent=9589"}],"wp:term":[{"taxonomy":"product_brand","embeddable":true,"href":"https:\/\/kindart.is\/en\/wp-json\/wp\/v2\/product_brand?post=9589"},{"taxonomy":"product_cat","embeddable":true,"href":"https:\/\/kindart.is\/en\/wp-json\/wp\/v2\/product_cat?post=9589"},{"taxonomy":"product_tag","embeddable":true,"href":"https:\/\/kindart.is\/en\/wp-json\/wp\/v2\/product_tag?post=9589"}],"curies":[{"name":"wp","href":"https:\/\/api.w.org\/{rel}","templated":true}]}}