{"id":9597,"date":"2024-10-16T18:48:42","date_gmt":"2024-10-16T18:48:42","guid":{"rendered":"https:\/\/kindart.is\/vara\/bomben-och-lyran\/"},"modified":"2024-10-16T18:48:42","modified_gmt":"2024-10-16T18:48:42","slug":"bomben-och-lyran","status":"publish","type":"product","link":"https:\/\/kindart.is\/en\/vara\/bomben-och-lyran\/","title":{"rendered":"Bomben och Lyran"},"content":{"rendered":"<p><strong>Bomben och Lyran<\/strong>. \u00de\u00fd\u00f0ingar \u00far \u00fe\u00fdsku, ensku og amer\u00edskri lj\u00f3\u00f0ager\u00f0 eftir Johannes Edfelt. Saumu\u00f0 og sett \u00ed kartonk\u00e1pu.St\u00e6r\u00f0: 20.3 X 13.8 cm og 90 bls.<\/p>\n<p><strong>\u00datg\u00e1fa og prentun<\/strong>:<br \/>\n\u00datgefandi: Bonniers. Stockholm 1946. Prentun: Alb. Bonniers boktryckeri.<\/p>\n","protected":false},"excerpt":{"rendered":"<p>Bomben och Lyran. \u00de\u00fd\u00f0ingar \u00far \u00fe\u00fdsku, ensku og amer\u00edskri lj\u00f3\u00f0ager\u00f0 eftir Johannes Edfelt. Saumu\u00f0 og sett \u00ed kartonk\u00e1pu.St\u00e6r\u00f0: 20.3 X 13.8 cm og 90 bls. \u00datg\u00e1fa og prentun: \u00datgefandi: Bonniers. Stockholm 1946. Prentun: Alb. Bonniers boktryckeri.<\/p>\n","protected":false},"featured_media":9592,"template":"","meta":{"slim_seo":{"title":"Bomben och Lyran - KindArt","description":"Bomben och Lyran . \u00de\u00fd\u00f0ingar \u00far \u00fe\u00fdsku, ensku og amer\u00edskri lj\u00f3\u00f0ager\u00f0 eftir Johannes Edfelt. Saumu\u00f0 og sett \u00ed kartonk\u00e1pu.St\u00e6r\u00f0: 20.3 X 13.8 cm og 90 bls. \u00datg\u00e1fa og"}},"product_brand":[],"product_cat":[83],"product_tag":[],"class_list":{"0":"post-9597","1":"product","2":"type-product","3":"status-publish","4":"has-post-thumbnail","6":"product_cat-books","7":"product_shipping_class-small-en","9":"first","10":"instock","11":"purchasable","12":"product-type-simple"},"_links":{"self":[{"href":"https:\/\/kindart.is\/en\/wp-json\/wp\/v2\/product\/9597","targetHints":{"allow":["GET"]}}],"collection":[{"href":"https:\/\/kindart.is\/en\/wp-json\/wp\/v2\/product"}],"about":[{"href":"https:\/\/kindart.is\/en\/wp-json\/wp\/v2\/types\/product"}],"wp:featuredmedia":[{"embeddable":true,"href":"https:\/\/kindart.is\/en\/wp-json\/wp\/v2\/media\/9592"}],"wp:attachment":[{"href":"https:\/\/kindart.is\/en\/wp-json\/wp\/v2\/media?parent=9597"}],"wp:term":[{"taxonomy":"product_brand","embeddable":true,"href":"https:\/\/kindart.is\/en\/wp-json\/wp\/v2\/product_brand?post=9597"},{"taxonomy":"product_cat","embeddable":true,"href":"https:\/\/kindart.is\/en\/wp-json\/wp\/v2\/product_cat?post=9597"},{"taxonomy":"product_tag","embeddable":true,"href":"https:\/\/kindart.is\/en\/wp-json\/wp\/v2\/product_tag?post=9597"}],"curies":[{"name":"wp","href":"https:\/\/api.w.org\/{rel}","templated":true}]}}