{"id":9610,"date":"2024-10-28T13:07:37","date_gmt":"2024-10-28T13:07:37","guid":{"rendered":"https:\/\/kindart.is\/vara\/dagrenning\/"},"modified":"2024-10-28T13:07:37","modified_gmt":"2024-10-28T13:07:37","slug":"dagrenning","status":"publish","type":"product","link":"https:\/\/kindart.is\/en\/vara\/dagrenning\/","title":{"rendered":"Dagrenning"},"content":{"rendered":"<p><strong>Dagrenning<\/strong>. \u00deetta bla\u00f0 kom \u00fat 1924. Ritstj\u00f3ri var Bjarni J\u00f3nsson fr\u00e1 Vogi. St\u00e6r\u00f0: 33.3 X 21.1 cm.<\/p>\n<p><strong>\u00datg\u00e1fa og prentun<\/strong>:<br \/>\n\u00datgefendur: Nokkrir ungir menn. Prentun: \u00cdsafoldarprentsmi\u00f0ja.<\/p>\n","protected":false},"excerpt":{"rendered":"<p>Dagrenning. \u00deetta bla\u00f0 kom \u00fat 1924. Ritstj\u00f3ri var Bjarni J\u00f3nsson fr\u00e1 Vogi. St\u00e6r\u00f0: 33.3 X 21.1 cm. \u00datg\u00e1fa og prentun: \u00datgefendur: Nokkrir ungir menn. Prentun: \u00cdsafoldarprentsmi\u00f0ja.<\/p>\n","protected":false},"featured_media":9609,"template":"","meta":{"slim_seo":{"title":"Dagrenning - KindArt","description":"Dagrenning . \u00deetta bla\u00f0 kom \u00fat 1924. Ritstj\u00f3ri var Bjarni J\u00f3nsson fr\u00e1 Vogi. St\u00e6r\u00f0: 33.3 X 21.1 cm. \u00datg\u00e1fa og prentun : \u00datgefendur: Nokkrir ungir menn. Prentun:"}},"product_brand":[],"product_cat":[83],"product_tag":[],"class_list":{"0":"post-9610","1":"product","2":"type-product","3":"status-publish","4":"has-post-thumbnail","6":"product_cat-books","7":"product_shipping_class-small-en","9":"first","10":"instock","11":"purchasable","12":"product-type-simple"},"_links":{"self":[{"href":"https:\/\/kindart.is\/en\/wp-json\/wp\/v2\/product\/9610","targetHints":{"allow":["GET"]}}],"collection":[{"href":"https:\/\/kindart.is\/en\/wp-json\/wp\/v2\/product"}],"about":[{"href":"https:\/\/kindart.is\/en\/wp-json\/wp\/v2\/types\/product"}],"wp:featuredmedia":[{"embeddable":true,"href":"https:\/\/kindart.is\/en\/wp-json\/wp\/v2\/media\/9609"}],"wp:attachment":[{"href":"https:\/\/kindart.is\/en\/wp-json\/wp\/v2\/media?parent=9610"}],"wp:term":[{"taxonomy":"product_brand","embeddable":true,"href":"https:\/\/kindart.is\/en\/wp-json\/wp\/v2\/product_brand?post=9610"},{"taxonomy":"product_cat","embeddable":true,"href":"https:\/\/kindart.is\/en\/wp-json\/wp\/v2\/product_cat?post=9610"},{"taxonomy":"product_tag","embeddable":true,"href":"https:\/\/kindart.is\/en\/wp-json\/wp\/v2\/product_tag?post=9610"}],"curies":[{"name":"wp","href":"https:\/\/api.w.org\/{rel}","templated":true}]}}