{"id":9614,"date":"2024-10-28T13:13:06","date_gmt":"2024-10-28T13:13:06","guid":{"rendered":"https:\/\/kindart.is\/vara\/godan-daginn\/"},"modified":"2024-10-28T13:13:06","modified_gmt":"2024-10-28T13:13:06","slug":"godan-daginn","status":"publish","type":"product","link":"https:\/\/kindart.is\/en\/vara\/godan-daginn\/","title":{"rendered":"G\u00f3\u00f0an daginn"},"content":{"rendered":"<p><strong>G\u00f3\u00f0an daginn<\/strong> var b\u00e6jarbla\u00f0 Siglufjar\u00f0ar og kom \u00fat \u00ed 7 \u00e1r 1942 &#8211; 1948.<\/p>\n<p><strong>\u00datg\u00e1fa og prentun<\/strong>:<br \/>\n\u00datgefandi og \u00e1byrg\u00f0arma\u00f0ur: Hannes J\u00f3nasson. Prentun Siglufjar\u00f0arprentsmi\u00f0ja.<\/p>\n","protected":false},"excerpt":{"rendered":"<p>G\u00f3\u00f0an daginn var b\u00e6jarbla\u00f0 Siglufjar\u00f0ar og kom \u00fat \u00ed 7 \u00e1r 1942 &#8211; 1948. \u00datg\u00e1fa og prentun: \u00datgefandi og \u00e1byrg\u00f0arma\u00f0ur: Hannes J\u00f3nasson. Prentun Siglufjar\u00f0arprentsmi\u00f0ja.<\/p>\n","protected":false},"featured_media":9613,"template":"","meta":{"slim_seo":{"title":"G\u00f3\u00f0an daginn - KindArt","description":"G\u00f3\u00f0an daginn var b\u00e6jarbla\u00f0 Siglufjar\u00f0ar og kom \u00fat \u00ed 7 \u00e1r 1942 - 1948. \u00datg\u00e1fa og prentun : \u00datgefandi og \u00e1byrg\u00f0arma\u00f0ur: Hannes J\u00f3nasson. Prentun Siglufjar\u00f0arprent"}},"product_brand":[],"product_cat":[83],"product_tag":[],"class_list":{"0":"post-9614","1":"product","2":"type-product","3":"status-publish","4":"has-post-thumbnail","6":"product_cat-books","7":"product_shipping_class-small-en","9":"first","10":"instock","11":"purchasable","12":"product-type-simple"},"_links":{"self":[{"href":"https:\/\/kindart.is\/en\/wp-json\/wp\/v2\/product\/9614","targetHints":{"allow":["GET"]}}],"collection":[{"href":"https:\/\/kindart.is\/en\/wp-json\/wp\/v2\/product"}],"about":[{"href":"https:\/\/kindart.is\/en\/wp-json\/wp\/v2\/types\/product"}],"wp:featuredmedia":[{"embeddable":true,"href":"https:\/\/kindart.is\/en\/wp-json\/wp\/v2\/media\/9613"}],"wp:attachment":[{"href":"https:\/\/kindart.is\/en\/wp-json\/wp\/v2\/media?parent=9614"}],"wp:term":[{"taxonomy":"product_brand","embeddable":true,"href":"https:\/\/kindart.is\/en\/wp-json\/wp\/v2\/product_brand?post=9614"},{"taxonomy":"product_cat","embeddable":true,"href":"https:\/\/kindart.is\/en\/wp-json\/wp\/v2\/product_cat?post=9614"},{"taxonomy":"product_tag","embeddable":true,"href":"https:\/\/kindart.is\/en\/wp-json\/wp\/v2\/product_tag?post=9614"}],"curies":[{"name":"wp","href":"https:\/\/api.w.org\/{rel}","templated":true}]}}