{"id":9619,"date":"2024-10-28T13:47:03","date_gmt":"2024-10-28T13:47:03","guid":{"rendered":"https:\/\/kindart.is\/vara\/raudi-faninn\/"},"modified":"2024-10-28T13:50:27","modified_gmt":"2024-10-28T13:50:27","slug":"raudi-faninn","status":"publish","type":"product","link":"https:\/\/kindart.is\/en\/vara\/raudi-faninn\/","title":{"rendered":"Rau\u00f0i f\u00e1ninn"},"content":{"rendered":"<p><strong>Rau\u00f0i f\u00e1ninn<\/strong>. Ritstj\u00f3ri og \u00e1bm.: Sigur\u00f0ur J\u00f3hannsson &#8211; Box 361 Reykjav\u00edk. Einkunaror\u00f0 bla\u00f0sins eru: \u00d6reigar \u00ed \u00f6llum l\u00f6ndum sameinist!<\/p>\n<p><strong>\u00datg\u00e1fa og prentun<\/strong>:<br \/>\n\u00datgefandi: Samband ungra komm\u00fanista, sem er deild \u00ed Internationale ungra komm\u00fanista. Prentun: F\u00e9lagsprentsmi\u00f0jan \u00ed Reykjav\u00edk.<\/p>\n","protected":false},"excerpt":{"rendered":"<p>Rau\u00f0i f\u00e1ninn. Ritstj\u00f3ri og \u00e1bm.: Sigur\u00f0ur J\u00f3hannsson &#8211; Box 361 Reykjav\u00edk. Einkunaror\u00f0 bla\u00f0sins eru: \u00d6reigar \u00ed \u00f6llum l\u00f6ndum sameinist! \u00datg\u00e1fa og prentun: \u00datgefandi: Samband ungra komm\u00fanista, sem er deild \u00ed Internationale ungra komm\u00fanista. Prentun: F\u00e9lagsprentsmi\u00f0jan \u00ed Reykjav\u00edk.<\/p>\n","protected":false},"featured_media":9618,"template":"","meta":{"slim_seo":{"title":"Rau\u00f0i f\u00e1ninn - KindArt","description":"Rau\u00f0i f\u00e1ninn . Ritstj\u00f3ri og \u00e1bm.: Sigur\u00f0ur J\u00f3hannsson - Box 361 Reykjav\u00edk. Einkunaror\u00f0 bla\u00f0sins eru: \u00d6reigar \u00ed \u00f6llum l\u00f6ndum sameinist! \u00datg\u00e1fa og prentun : \u00datgef"}},"product_brand":[],"product_cat":[83],"product_tag":[],"class_list":{"0":"post-9619","1":"product","2":"type-product","3":"status-publish","4":"has-post-thumbnail","6":"product_cat-books","7":"product_shipping_class-small-en","9":"first","10":"instock","11":"purchasable","12":"product-type-simple"},"_links":{"self":[{"href":"https:\/\/kindart.is\/en\/wp-json\/wp\/v2\/product\/9619","targetHints":{"allow":["GET"]}}],"collection":[{"href":"https:\/\/kindart.is\/en\/wp-json\/wp\/v2\/product"}],"about":[{"href":"https:\/\/kindart.is\/en\/wp-json\/wp\/v2\/types\/product"}],"wp:featuredmedia":[{"embeddable":true,"href":"https:\/\/kindart.is\/en\/wp-json\/wp\/v2\/media\/9618"}],"wp:attachment":[{"href":"https:\/\/kindart.is\/en\/wp-json\/wp\/v2\/media?parent=9619"}],"wp:term":[{"taxonomy":"product_brand","embeddable":true,"href":"https:\/\/kindart.is\/en\/wp-json\/wp\/v2\/product_brand?post=9619"},{"taxonomy":"product_cat","embeddable":true,"href":"https:\/\/kindart.is\/en\/wp-json\/wp\/v2\/product_cat?post=9619"},{"taxonomy":"product_tag","embeddable":true,"href":"https:\/\/kindart.is\/en\/wp-json\/wp\/v2\/product_tag?post=9619"}],"curies":[{"name":"wp","href":"https:\/\/api.w.org\/{rel}","templated":true}]}}