{"id":9626,"date":"2024-10-28T13:56:15","date_gmt":"2024-10-28T13:56:15","guid":{"rendered":"https:\/\/kindart.is\/vara\/hardjaxl-rjettlaetis-og-laga\/"},"modified":"2024-10-28T13:56:15","modified_gmt":"2024-10-28T13:56:15","slug":"hardjaxl-rjettlaetis-og-laga","status":"publish","type":"product","link":"https:\/\/kindart.is\/en\/vara\/hardjaxl-rjettlaetis-og-laga\/","title":{"rendered":"Har\u00f0jaxl rjettl\u00e6tis og laga"},"content":{"rendered":"<p><strong>Har\u00f0jaxl rjettl\u00e6tis og laga<\/strong>. Ritstj\u00f3ri var Oddur Sigurgeirsson. St\u00e6r\u00f0: 35.6 X 23.2 cm. Oddur segist vera formannssonur og rith\u00f6fundur, \u00e6tta\u00f0ur af Skaganum. Hann var alltaf kalla\u00f0ur Oddur af Skaganum \u00ed m\u00ednu ungd\u00e6mi og s\u00e1 \u00e9g hann oft ef ekki daglega \u00e1 Laugaveginum.<\/p>\n<p><strong>\u00datg\u00e1fa og prentun<\/strong>:<br \/>\n\u00datgefandi: Har\u00f0jaxlsflokkurinn \u00e1 \u00cdslandi. Prentun: Prentsmi\u00f0ja Hallgr\u00edms Benediktssonar. Bergsta\u00f0astr\u00e6ti 19 \u00ed Reykjav\u00edk. Bla\u00f0i\u00f0 kom \u00fat 1924-1927.<\/p>\n","protected":false},"excerpt":{"rendered":"<p>Har\u00f0jaxl rjettl\u00e6tis og laga. Ritstj\u00f3ri var Oddur Sigurgeirsson. St\u00e6r\u00f0: 35.6 X 23.2 cm. Oddur segist vera formannssonur og rith\u00f6fundur, \u00e6tta\u00f0ur af Skaganum. Hann var alltaf kalla\u00f0ur Oddur af Skaganum \u00ed m\u00ednu ungd\u00e6mi og s\u00e1 \u00e9g hann oft ef ekki daglega \u00e1 Laugaveginum. \u00datg\u00e1fa og prentun: \u00datgefandi: Har\u00f0jaxlsflokkurinn \u00e1 \u00cdslandi. Prentun: Prentsmi\u00f0ja Hallgr\u00edms Benediktssonar. Bergsta\u00f0astr\u00e6ti 19 [&hellip;]<\/p>\n","protected":false},"featured_media":9625,"template":"","meta":{"slim_seo":{"title":"Har\u00f0jaxl rjettl\u00e6tis og laga - KindArt","description":"Har\u00f0jaxl rjettl\u00e6tis og laga . Ritstj\u00f3ri var Oddur Sigurgeirsson. St\u00e6r\u00f0: 35.6 X 23.2 cm. Oddur segist vera formannssonur og rith\u00f6fundur, \u00e6tta\u00f0ur af Skaganum. Han"}},"product_brand":[],"product_cat":[83],"product_tag":[],"class_list":{"0":"post-9626","1":"product","2":"type-product","3":"status-publish","4":"has-post-thumbnail","6":"product_cat-books","7":"product_shipping_class-small-en","9":"first","10":"instock","11":"purchasable","12":"product-type-simple"},"_links":{"self":[{"href":"https:\/\/kindart.is\/en\/wp-json\/wp\/v2\/product\/9626","targetHints":{"allow":["GET"]}}],"collection":[{"href":"https:\/\/kindart.is\/en\/wp-json\/wp\/v2\/product"}],"about":[{"href":"https:\/\/kindart.is\/en\/wp-json\/wp\/v2\/types\/product"}],"wp:featuredmedia":[{"embeddable":true,"href":"https:\/\/kindart.is\/en\/wp-json\/wp\/v2\/media\/9625"}],"wp:attachment":[{"href":"https:\/\/kindart.is\/en\/wp-json\/wp\/v2\/media?parent=9626"}],"wp:term":[{"taxonomy":"product_brand","embeddable":true,"href":"https:\/\/kindart.is\/en\/wp-json\/wp\/v2\/product_brand?post=9626"},{"taxonomy":"product_cat","embeddable":true,"href":"https:\/\/kindart.is\/en\/wp-json\/wp\/v2\/product_cat?post=9626"},{"taxonomy":"product_tag","embeddable":true,"href":"https:\/\/kindart.is\/en\/wp-json\/wp\/v2\/product_tag?post=9626"}],"curies":[{"name":"wp","href":"https:\/\/api.w.org\/{rel}","templated":true}]}}