{"id":9630,"date":"2024-10-28T14:00:55","date_gmt":"2024-10-28T14:00:55","guid":{"rendered":"https:\/\/kindart.is\/vara\/thingey\/"},"modified":"2024-10-28T14:00:55","modified_gmt":"2024-10-28T14:00:55","slug":"thingey","status":"publish","type":"product","link":"https:\/\/kindart.is\/en\/vara\/thingey\/","title":{"rendered":"\u00deingey"},"content":{"rendered":"<p><strong>\u00deingey<\/strong> var fyrsta prenta\u00f0a bla\u00f0i\u00f0 sem gefi\u00f0 var \u00fat \u00e1 H\u00fasav\u00edk og var bla\u00f0 s\u00f3s\u00edalista \u00ed \u00deingeyjars\u00fdslu.\u00dea\u00f0 er m\u00e1na\u00f0arbla\u00f0. Ritstj\u00f3rar og \u00e1byrg\u00f0armenn: P\u00e1ll Kristj\u00e1nsson og Valdimar H\u00f3lm Hallsta\u00f0.St\u00e6r\u00f0: 45.6 X 30.5 cm.<\/p>\n<p><strong>\u00datg\u00e1fa og prentun<\/strong>:<br \/>\n\u00datgefdendur: S\u00f3s\u00edalistaf\u00e9l\u00f6gin \u00ed \u00deingeyjars\u00fdslu. Prentun: Prentsmi\u00f0ja Bj\u00f6rns J\u00f3nssonar Akureyri.<\/p>\n","protected":false},"excerpt":{"rendered":"<p>\u00deingey var fyrsta prenta\u00f0a bla\u00f0i\u00f0 sem gefi\u00f0 var \u00fat \u00e1 H\u00fasav\u00edk og var bla\u00f0 s\u00f3s\u00edalista \u00ed \u00deingeyjars\u00fdslu.\u00dea\u00f0 er m\u00e1na\u00f0arbla\u00f0. Ritstj\u00f3rar og \u00e1byrg\u00f0armenn: P\u00e1ll Kristj\u00e1nsson og Valdimar H\u00f3lm Hallsta\u00f0.St\u00e6r\u00f0: 45.6 X 30.5 cm. \u00datg\u00e1fa og prentun: \u00datgefdendur: S\u00f3s\u00edalistaf\u00e9l\u00f6gin \u00ed \u00deingeyjars\u00fdslu. Prentun: Prentsmi\u00f0ja Bj\u00f6rns J\u00f3nssonar Akureyri.<\/p>\n","protected":false},"featured_media":9629,"template":"","meta":{"slim_seo":{"title":"\u00deingey - KindArt","description":"\u00deingey var fyrsta prenta\u00f0a bla\u00f0i\u00f0 sem gefi\u00f0 var \u00fat \u00e1 H\u00fasav\u00edk og var bla\u00f0 s\u00f3s\u00edalista \u00ed \u00deingeyjars\u00fdslu.\u00dea\u00f0 er m\u00e1na\u00f0arbla\u00f0. Ritstj\u00f3rar og \u00e1byrg\u00f0armenn: P\u00e1ll Kristj"}},"product_brand":[],"product_cat":[83],"product_tag":[],"class_list":{"0":"post-9630","1":"product","2":"type-product","3":"status-publish","4":"has-post-thumbnail","6":"product_cat-books","7":"product_shipping_class-small-en","9":"first","10":"instock","11":"purchasable","12":"product-type-simple"},"_links":{"self":[{"href":"https:\/\/kindart.is\/en\/wp-json\/wp\/v2\/product\/9630","targetHints":{"allow":["GET"]}}],"collection":[{"href":"https:\/\/kindart.is\/en\/wp-json\/wp\/v2\/product"}],"about":[{"href":"https:\/\/kindart.is\/en\/wp-json\/wp\/v2\/types\/product"}],"wp:featuredmedia":[{"embeddable":true,"href":"https:\/\/kindart.is\/en\/wp-json\/wp\/v2\/media\/9629"}],"wp:attachment":[{"href":"https:\/\/kindart.is\/en\/wp-json\/wp\/v2\/media?parent=9630"}],"wp:term":[{"taxonomy":"product_brand","embeddable":true,"href":"https:\/\/kindart.is\/en\/wp-json\/wp\/v2\/product_brand?post=9630"},{"taxonomy":"product_cat","embeddable":true,"href":"https:\/\/kindart.is\/en\/wp-json\/wp\/v2\/product_cat?post=9630"},{"taxonomy":"product_tag","embeddable":true,"href":"https:\/\/kindart.is\/en\/wp-json\/wp\/v2\/product_tag?post=9630"}],"curies":[{"name":"wp","href":"https:\/\/api.w.org\/{rel}","templated":true}]}}