{"id":9635,"date":"2024-10-28T14:05:03","date_gmt":"2024-10-28T14:05:03","guid":{"rendered":"https:\/\/kindart.is\/vara\/aldan\/"},"modified":"2024-10-28T14:05:03","modified_gmt":"2024-10-28T14:05:03","slug":"aldan","status":"publish","type":"product","link":"https:\/\/kindart.is\/en\/vara\/aldan\/","title":{"rendered":"ALDAN"},"content":{"rendered":"<p><strong>ALDAN<\/strong>, Bla\u00f0 \u00edslenskra sj\u00f3manna kom \u00fat vikulega og oftar ef \u00e1st\u00e6\u00f0a \u00fe\u00f3tti til. Ritstj\u00f3ri var J\u00f3nas J\u00f3nasson , cand phil. og a\u00f0setur \u00feess var \u00ed Hafnarstr. 16 \u00ed Reykjav\u00edk. A\u00f0eins komu sj\u00f6 tbl. \u00fat af bla\u00f0inu, Fyrsta bla\u00f0i\u00f0 16. mars 1926 og \u00fea\u00f0 s\u00ed\u00f0asta 7. ma\u00ed sama \u00e1r. St\u00e6r\u00f0: 45.4 X 30.1 cm.<\/p>\n<p><strong>\u00datg\u00e1fa og prentun<\/strong>:<br \/>\n\u00datgefanda er ekki geti\u00f0 en prentun f\u00f3r fram \u00ed Prentsmi\u00f0junni Acta \u00ed Reykjav\u00edk.<\/p>\n","protected":false},"excerpt":{"rendered":"<p>ALDAN, Bla\u00f0 \u00edslenskra sj\u00f3manna kom \u00fat vikulega og oftar ef \u00e1st\u00e6\u00f0a \u00fe\u00f3tti til. Ritstj\u00f3ri var J\u00f3nas J\u00f3nasson , cand phil. og a\u00f0setur \u00feess var \u00ed Hafnarstr. 16 \u00ed Reykjav\u00edk. A\u00f0eins komu sj\u00f6 tbl. \u00fat af bla\u00f0inu, Fyrsta bla\u00f0i\u00f0 16. mars 1926 og \u00fea\u00f0 s\u00ed\u00f0asta 7. ma\u00ed sama \u00e1r. St\u00e6r\u00f0: 45.4 X 30.1 cm. \u00datg\u00e1fa og [&hellip;]<\/p>\n","protected":false},"featured_media":9634,"template":"","meta":{"slim_seo":{"title":"ALDAN - KindArt","description":"ALDAN , Bla\u00f0 \u00edslenskra sj\u00f3manna kom \u00fat vikulega og oftar ef \u00e1st\u00e6\u00f0a \u00fe\u00f3tti til. Ritstj\u00f3ri var J\u00f3nas J\u00f3nasson , cand phil. og a\u00f0setur \u00feess var \u00ed Hafnarstr. 16 \u00ed Re"}},"product_brand":[],"product_cat":[83],"product_tag":[],"class_list":{"0":"post-9635","1":"product","2":"type-product","3":"status-publish","4":"has-post-thumbnail","6":"product_cat-books","7":"product_shipping_class-small-en","9":"first","10":"instock","11":"purchasable","12":"product-type-simple"},"_links":{"self":[{"href":"https:\/\/kindart.is\/en\/wp-json\/wp\/v2\/product\/9635","targetHints":{"allow":["GET"]}}],"collection":[{"href":"https:\/\/kindart.is\/en\/wp-json\/wp\/v2\/product"}],"about":[{"href":"https:\/\/kindart.is\/en\/wp-json\/wp\/v2\/types\/product"}],"wp:featuredmedia":[{"embeddable":true,"href":"https:\/\/kindart.is\/en\/wp-json\/wp\/v2\/media\/9634"}],"wp:attachment":[{"href":"https:\/\/kindart.is\/en\/wp-json\/wp\/v2\/media?parent=9635"}],"wp:term":[{"taxonomy":"product_brand","embeddable":true,"href":"https:\/\/kindart.is\/en\/wp-json\/wp\/v2\/product_brand?post=9635"},{"taxonomy":"product_cat","embeddable":true,"href":"https:\/\/kindart.is\/en\/wp-json\/wp\/v2\/product_cat?post=9635"},{"taxonomy":"product_tag","embeddable":true,"href":"https:\/\/kindart.is\/en\/wp-json\/wp\/v2\/product_tag?post=9635"}],"curies":[{"name":"wp","href":"https:\/\/api.w.org\/{rel}","templated":true}]}}