{"id":9639,"date":"2024-10-29T18:01:15","date_gmt":"2024-10-29T18:01:15","guid":{"rendered":"https:\/\/kindart.is\/vara\/huginn\/"},"modified":"2024-10-29T18:01:15","modified_gmt":"2024-10-29T18:01:15","slug":"huginn","status":"publish","type":"product","link":"https:\/\/kindart.is\/en\/vara\/huginn\/","title":{"rendered":"Huginn"},"content":{"rendered":"<p><strong>Huginn<\/strong> var fr\u00e9tta- og augl\u00fdsingabla\u00f0 fyrir Vestmannaeyjar.- og \u00e1tti a\u00f0 koma \u00fat vikulega. Ritstj\u00f3ri og \u00e1byrg\u00f0arma\u00f0ur: Sigur\u00f0ur Gu\u00f0mundsson. \u00dea\u00f0 komu samt ekki \u00fat nema 15 tbl. og s\u00ed\u00f0asta bla\u00f0i\u00f0 kom \u00fat 20. okt\u00f3ber 1928.<\/p>\n<p><strong>\u00datg\u00e1fa og prentun<\/strong>:<br \/>\n\u00datgefandur: Sigur\u00f0ur Gu\u00f0mundsson og \u00c1rni Gu\u00f0laugsson prentari. Prentun: Prentsmi\u00f0jan Helgafellsbraut 19, sem var h\u00fas \u00cdsleifs H\u00f6gnasonar, en \u00fea\u00f0 h\u00fas gekk undir nafninu Bolsasta\u00f0ir. \u00cd stefnu bla\u00f0sins var hins vegar t\u00edunda\u00f0 a\u00f0 bla\u00f0i\u00f0 v\u00e6ri \u00f3h\u00e1\u00f0 \u00f6llum stj\u00f3rnm\u00e1laflokkum.<\/p>\n","protected":false},"excerpt":{"rendered":"<p>Huginn var fr\u00e9tta- og augl\u00fdsingabla\u00f0 fyrir Vestmannaeyjar.- og \u00e1tti a\u00f0 koma \u00fat vikulega. Ritstj\u00f3ri og \u00e1byrg\u00f0arma\u00f0ur: Sigur\u00f0ur Gu\u00f0mundsson. \u00dea\u00f0 komu samt ekki \u00fat nema 15 tbl. og s\u00ed\u00f0asta bla\u00f0i\u00f0 kom \u00fat 20. okt\u00f3ber 1928. \u00datg\u00e1fa og prentun: \u00datgefandur: Sigur\u00f0ur Gu\u00f0mundsson og \u00c1rni Gu\u00f0laugsson prentari. Prentun: Prentsmi\u00f0jan Helgafellsbraut 19, sem var h\u00fas \u00cdsleifs H\u00f6gnasonar, en \u00fea\u00f0 [&hellip;]<\/p>\n","protected":false},"featured_media":9638,"template":"","meta":{"slim_seo":{"title":"Huginn - KindArt","description":"Huginn var fr\u00e9tta- og augl\u00fdsingabla\u00f0 fyrir Vestmannaeyjar.- og \u00e1tti a\u00f0 koma \u00fat vikulega. Ritstj\u00f3ri og \u00e1byrg\u00f0arma\u00f0ur: Sigur\u00f0ur Gu\u00f0mundsson. \u00dea\u00f0 komu samt ekki \u00fat"}},"product_brand":[],"product_cat":[83],"product_tag":[],"class_list":{"0":"post-9639","1":"product","2":"type-product","3":"status-publish","4":"has-post-thumbnail","6":"product_cat-books","7":"product_shipping_class-small-en","9":"first","10":"instock","11":"purchasable","12":"product-type-simple"},"_links":{"self":[{"href":"https:\/\/kindart.is\/en\/wp-json\/wp\/v2\/product\/9639","targetHints":{"allow":["GET"]}}],"collection":[{"href":"https:\/\/kindart.is\/en\/wp-json\/wp\/v2\/product"}],"about":[{"href":"https:\/\/kindart.is\/en\/wp-json\/wp\/v2\/types\/product"}],"wp:featuredmedia":[{"embeddable":true,"href":"https:\/\/kindart.is\/en\/wp-json\/wp\/v2\/media\/9638"}],"wp:attachment":[{"href":"https:\/\/kindart.is\/en\/wp-json\/wp\/v2\/media?parent=9639"}],"wp:term":[{"taxonomy":"product_brand","embeddable":true,"href":"https:\/\/kindart.is\/en\/wp-json\/wp\/v2\/product_brand?post=9639"},{"taxonomy":"product_cat","embeddable":true,"href":"https:\/\/kindart.is\/en\/wp-json\/wp\/v2\/product_cat?post=9639"},{"taxonomy":"product_tag","embeddable":true,"href":"https:\/\/kindart.is\/en\/wp-json\/wp\/v2\/product_tag?post=9639"}],"curies":[{"name":"wp","href":"https:\/\/api.w.org\/{rel}","templated":true}]}}