{"id":9644,"date":"2024-10-29T18:07:34","date_gmt":"2024-10-29T18:07:34","guid":{"rendered":"https:\/\/kindart.is\/vara\/thveraeingur\/"},"modified":"2024-10-29T18:10:19","modified_gmt":"2024-10-29T18:10:19","slug":"thveraeingur","status":"publish","type":"product","link":"https:\/\/kindart.is\/en\/vara\/thveraeingur\/","title":{"rendered":"\u00dever\u00e6ingur"},"content":{"rendered":"<p><strong>\u00dever\u00e6ingur<\/strong>. \u00datgefandi segir \u00ed 1. tbl. bla\u00f0sins a\u00f0 hann muni \u00e1valt halda \u00feeim m\u00e1lsta\u00f0 fram, er hann telji r\u00e9ttastan \u00ed hverju m\u00e1li. \u00cd \u00feetta sinn segir hann a\u00f0 hann taki fyrir eing\u00f6ngu h\u00fasaleigul\u00f6gin og muni ekki skiljast vi\u00f0 \u00feau fyrr en \u00e1 \u00feeim hafi fengist b\u00f3t.<\/p>\n<p><strong>\u00datg\u00e1fa og prentun<\/strong>:<br \/>\n\u00datgefandi: \u00d3lafur J. Hvanndal prentmyndasmi\u00f0ur. Prentun: Steind\u00f3rsprent.<\/p>\n","protected":false},"excerpt":{"rendered":"<p>\u00dever\u00e6ingur. \u00datgefandi segir \u00ed 1. tbl. bla\u00f0sins a\u00f0 hann muni \u00e1valt halda \u00feeim m\u00e1lsta\u00f0 fram, er hann telji r\u00e9ttastan \u00ed hverju m\u00e1li. \u00cd \u00feetta sinn segir hann a\u00f0 hann taki fyrir eing\u00f6ngu h\u00fasaleigul\u00f6gin og muni ekki skiljast vi\u00f0 \u00feau fyrr en \u00e1 \u00feeim hafi fengist b\u00f3t. \u00datg\u00e1fa og prentun: \u00datgefandi: \u00d3lafur J. Hvanndal prentmyndasmi\u00f0ur. Prentun: [&hellip;]<\/p>\n","protected":false},"featured_media":9642,"template":"","meta":{"slim_seo":{"title":"\u00dever\u00e6ingur - KindArt","description":"\u00dever\u00e6ingur . \u00datgefandi segir \u00ed 1. tbl. bla\u00f0sins a\u00f0 hann muni \u00e1valt halda \u00feeim m\u00e1lsta\u00f0 fram, er hann telji r\u00e9ttastan \u00ed hverju m\u00e1li. \u00cd \u00feetta sinn segir hann a\u00f0 ha"}},"product_brand":[],"product_cat":[83],"product_tag":[],"class_list":{"0":"post-9644","1":"product","2":"type-product","3":"status-publish","4":"has-post-thumbnail","6":"product_cat-books","7":"product_shipping_class-small-en","9":"first","10":"instock","11":"purchasable","12":"product-type-simple"},"_links":{"self":[{"href":"https:\/\/kindart.is\/en\/wp-json\/wp\/v2\/product\/9644","targetHints":{"allow":["GET"]}}],"collection":[{"href":"https:\/\/kindart.is\/en\/wp-json\/wp\/v2\/product"}],"about":[{"href":"https:\/\/kindart.is\/en\/wp-json\/wp\/v2\/types\/product"}],"wp:featuredmedia":[{"embeddable":true,"href":"https:\/\/kindart.is\/en\/wp-json\/wp\/v2\/media\/9642"}],"wp:attachment":[{"href":"https:\/\/kindart.is\/en\/wp-json\/wp\/v2\/media?parent=9644"}],"wp:term":[{"taxonomy":"product_brand","embeddable":true,"href":"https:\/\/kindart.is\/en\/wp-json\/wp\/v2\/product_brand?post=9644"},{"taxonomy":"product_cat","embeddable":true,"href":"https:\/\/kindart.is\/en\/wp-json\/wp\/v2\/product_cat?post=9644"},{"taxonomy":"product_tag","embeddable":true,"href":"https:\/\/kindart.is\/en\/wp-json\/wp\/v2\/product_tag?post=9644"}],"curies":[{"name":"wp","href":"https:\/\/api.w.org\/{rel}","templated":true}]}}