{"id":9650,"date":"2024-10-29T18:13:34","date_gmt":"2024-10-29T18:13:34","guid":{"rendered":"https:\/\/kindart.is\/vara\/eyjabladid\/"},"modified":"2024-10-29T18:13:34","modified_gmt":"2024-10-29T18:13:34","slug":"eyjabladid","status":"publish","type":"product","link":"https:\/\/kindart.is\/en\/vara\/eyjabladid\/","title":{"rendered":"Eyjabla\u00f0i\u00f0"},"content":{"rendered":"<p><strong>Eyjabla\u00f0i\u00f0<\/strong>. Auka\u00fatg\u00e1fa Nr. 2 af kosningabla\u00f0i s\u00f3s\u00edalista \u00ed Vestmannaeyjum \u00ed kosningunum 1949. Kom \u00fat 27.sept. 1949.<\/p>\n<p><strong>\u00datg\u00e1fa og prentun<\/strong>:<br \/>\n\u00datgefendur: S\u00f3s\u00edalistar Vestmannaeyjum. Prentun: Prentsmi\u00f0jan Eyr\u00fan Vestmannaeyjum.<\/p>\n","protected":false},"excerpt":{"rendered":"<p>Eyjabla\u00f0i\u00f0. Auka\u00fatg\u00e1fa Nr. 2 af kosningabla\u00f0i s\u00f3s\u00edalista \u00ed Vestmannaeyjum \u00ed kosningunum 1949. Kom \u00fat 27.sept. 1949. \u00datg\u00e1fa og prentun: \u00datgefendur: S\u00f3s\u00edalistar Vestmannaeyjum. Prentun: Prentsmi\u00f0jan Eyr\u00fan Vestmannaeyjum.<\/p>\n","protected":false},"featured_media":9649,"template":"","meta":{"slim_seo":{"title":"Eyjabla\u00f0i\u00f0 - KindArt","description":"Eyjabla\u00f0i\u00f0 . Auka\u00fatg\u00e1fa Nr. 2 af kosningabla\u00f0i s\u00f3s\u00edalista \u00ed Vestmannaeyjum \u00ed kosningunum 1949. Kom \u00fat 27.sept. 1949. \u00datg\u00e1fa og prentun : \u00datgefendur: S\u00f3s\u00edalistar"}},"product_brand":[],"product_cat":[83],"product_tag":[],"class_list":{"0":"post-9650","1":"product","2":"type-product","3":"status-publish","4":"has-post-thumbnail","6":"product_cat-books","7":"product_shipping_class-small-en","9":"first","10":"instock","11":"purchasable","12":"product-type-simple"},"_links":{"self":[{"href":"https:\/\/kindart.is\/en\/wp-json\/wp\/v2\/product\/9650","targetHints":{"allow":["GET"]}}],"collection":[{"href":"https:\/\/kindart.is\/en\/wp-json\/wp\/v2\/product"}],"about":[{"href":"https:\/\/kindart.is\/en\/wp-json\/wp\/v2\/types\/product"}],"wp:featuredmedia":[{"embeddable":true,"href":"https:\/\/kindart.is\/en\/wp-json\/wp\/v2\/media\/9649"}],"wp:attachment":[{"href":"https:\/\/kindart.is\/en\/wp-json\/wp\/v2\/media?parent=9650"}],"wp:term":[{"taxonomy":"product_brand","embeddable":true,"href":"https:\/\/kindart.is\/en\/wp-json\/wp\/v2\/product_brand?post=9650"},{"taxonomy":"product_cat","embeddable":true,"href":"https:\/\/kindart.is\/en\/wp-json\/wp\/v2\/product_cat?post=9650"},{"taxonomy":"product_tag","embeddable":true,"href":"https:\/\/kindart.is\/en\/wp-json\/wp\/v2\/product_tag?post=9650"}],"curies":[{"name":"wp","href":"https:\/\/api.w.org\/{rel}","templated":true}]}}