{"id":9654,"date":"2024-10-29T18:16:24","date_gmt":"2024-10-29T18:16:24","guid":{"rendered":"https:\/\/kindart.is\/vara\/okindin\/"},"modified":"2024-10-29T18:16:24","modified_gmt":"2024-10-29T18:16:24","slug":"okindin","status":"publish","type":"product","link":"https:\/\/kindart.is\/en\/vara\/okindin\/","title":{"rendered":"\u00d3kindin"},"content":{"rendered":"<p><strong>\u00d3kindin<\/strong>. \u00d3h\u00e1\u00f0 h\u00e1\u00f0bla\u00f0 sem \u00e1tti a\u00f0 koma \u00fat vikulega. \u00c1byrg\u00f0arma\u00f0ur: Ewald Berndsen. Sigmund teikna\u00f0i myndir.<\/p>\n<p><strong>\u00datg\u00e1fa og prentun<\/strong>:<br \/>\n\u00datgefandi: Sj\u00f3n og Saga. Prentun: Setjarinn og Fjar\u00f0arprent.<\/p>\n","protected":false},"excerpt":{"rendered":"<p>\u00d3kindin. \u00d3h\u00e1\u00f0 h\u00e1\u00f0bla\u00f0 sem \u00e1tti a\u00f0 koma \u00fat vikulega. \u00c1byrg\u00f0arma\u00f0ur: Ewald Berndsen. Sigmund teikna\u00f0i myndir. \u00datg\u00e1fa og prentun: \u00datgefandi: Sj\u00f3n og Saga. Prentun: Setjarinn og Fjar\u00f0arprent.<\/p>\n","protected":false},"featured_media":9653,"template":"","meta":{"slim_seo":{"title":"\u00d3kindin - KindArt","description":"\u00d3kindin . \u00d3h\u00e1\u00f0 h\u00e1\u00f0bla\u00f0 sem \u00e1tti a\u00f0 koma \u00fat vikulega. \u00c1byrg\u00f0arma\u00f0ur: Ewald Berndsen. Sigmund teikna\u00f0i myndir. \u00datg\u00e1fa og prentun : \u00datgefandi: Sj\u00f3n og Saga. Prentu"}},"product_brand":[],"product_cat":[83],"product_tag":[],"class_list":{"0":"post-9654","1":"product","2":"type-product","3":"status-publish","4":"has-post-thumbnail","6":"product_cat-books","7":"product_shipping_class-small-en","9":"first","10":"instock","11":"purchasable","12":"product-type-simple"},"_links":{"self":[{"href":"https:\/\/kindart.is\/en\/wp-json\/wp\/v2\/product\/9654","targetHints":{"allow":["GET"]}}],"collection":[{"href":"https:\/\/kindart.is\/en\/wp-json\/wp\/v2\/product"}],"about":[{"href":"https:\/\/kindart.is\/en\/wp-json\/wp\/v2\/types\/product"}],"wp:featuredmedia":[{"embeddable":true,"href":"https:\/\/kindart.is\/en\/wp-json\/wp\/v2\/media\/9653"}],"wp:attachment":[{"href":"https:\/\/kindart.is\/en\/wp-json\/wp\/v2\/media?parent=9654"}],"wp:term":[{"taxonomy":"product_brand","embeddable":true,"href":"https:\/\/kindart.is\/en\/wp-json\/wp\/v2\/product_brand?post=9654"},{"taxonomy":"product_cat","embeddable":true,"href":"https:\/\/kindart.is\/en\/wp-json\/wp\/v2\/product_cat?post=9654"},{"taxonomy":"product_tag","embeddable":true,"href":"https:\/\/kindart.is\/en\/wp-json\/wp\/v2\/product_tag?post=9654"}],"curies":[{"name":"wp","href":"https:\/\/api.w.org\/{rel}","templated":true}]}}