{"id":9667,"date":"2024-10-29T18:23:46","date_gmt":"2024-10-29T18:23:46","guid":{"rendered":"https:\/\/kindart.is\/vara\/9662\/"},"modified":"2024-10-29T18:26:11","modified_gmt":"2024-10-29T18:26:11","slug":"framsoknarbladid","status":"publish","type":"product","link":"https:\/\/kindart.is\/en\/vara\/framsoknarbladid\/","title":{"rendered":"Frams\u00f3knarbla\u00f0i\u00f0"},"content":{"rendered":"<p><strong>Frams\u00f3knarbla\u00f0i\u00f0<\/strong>, 13.\u00e1rg. 1.tbl.1950. Bla\u00f0i\u00f0 er helga\u00f0 a\u00f0 mestu sj\u00f3slysinu mikla vi\u00f0 Vestmannaeyjar 7. jan\u00faar 1950 \u00feegar v\u00e9lskipi\u00f0 HELGI V.E. 333 f\u00f3rst vi\u00f0 Faxasker. St\u00e6r\u00f0: 39.3 X 26,6 cm.<\/p>\n<p><strong>\u00datg\u00e1fa og prentun<\/strong>:<br \/>\n\u00datgefandi: Frams\u00f3knarflokkurinn \u00ed Vestmannaeyjum. Prentunar ekki geti\u00f0.<\/p>\n","protected":false},"excerpt":{"rendered":"<p>Frams\u00f3knarbla\u00f0i\u00f0, 13.\u00e1rg. 1.tbl.1950. Bla\u00f0i\u00f0 er helga\u00f0 a\u00f0 mestu sj\u00f3slysinu mikla vi\u00f0 Vestmannaeyjar 7. jan\u00faar 1950 \u00feegar v\u00e9lskipi\u00f0 HELGI V.E. 333 f\u00f3rst vi\u00f0 Faxasker. St\u00e6r\u00f0: 39.3 X 26,6 cm. \u00datg\u00e1fa og prentun: \u00datgefandi: Frams\u00f3knarflokkurinn \u00ed Vestmannaeyjum. Prentunar ekki geti\u00f0.<\/p>\n","protected":false},"featured_media":9664,"template":"","meta":{"slim_seo":{"title":"Frams\u00f3knarbla\u00f0i\u00f0 - KindArt","description":"Frams\u00f3knarbla\u00f0i\u00f0 , 13.\u00e1rg. 1.tbl.1950. Bla\u00f0i\u00f0 er helga\u00f0 a\u00f0 mestu sj\u00f3slysinu mikla vi\u00f0 Vestmannaeyjar 7. jan\u00faar 1950 \u00feegar v\u00e9lskipi\u00f0 HELGI V.E. 333 f\u00f3rst vi\u00f0 Fax"}},"product_brand":[],"product_cat":[83],"product_tag":[],"class_list":{"0":"post-9667","1":"product","2":"type-product","3":"status-publish","4":"has-post-thumbnail","6":"product_cat-books","7":"product_shipping_class-small-en","9":"first","10":"instock","11":"purchasable","12":"product-type-simple"},"_links":{"self":[{"href":"https:\/\/kindart.is\/en\/wp-json\/wp\/v2\/product\/9667","targetHints":{"allow":["GET"]}}],"collection":[{"href":"https:\/\/kindart.is\/en\/wp-json\/wp\/v2\/product"}],"about":[{"href":"https:\/\/kindart.is\/en\/wp-json\/wp\/v2\/types\/product"}],"wp:featuredmedia":[{"embeddable":true,"href":"https:\/\/kindart.is\/en\/wp-json\/wp\/v2\/media\/9664"}],"wp:attachment":[{"href":"https:\/\/kindart.is\/en\/wp-json\/wp\/v2\/media?parent=9667"}],"wp:term":[{"taxonomy":"product_brand","embeddable":true,"href":"https:\/\/kindart.is\/en\/wp-json\/wp\/v2\/product_brand?post=9667"},{"taxonomy":"product_cat","embeddable":true,"href":"https:\/\/kindart.is\/en\/wp-json\/wp\/v2\/product_cat?post=9667"},{"taxonomy":"product_tag","embeddable":true,"href":"https:\/\/kindart.is\/en\/wp-json\/wp\/v2\/product_tag?post=9667"}],"curies":[{"name":"wp","href":"https:\/\/api.w.org\/{rel}","templated":true}]}}