{"id":9671,"date":"2024-10-31T19:06:20","date_gmt":"2024-10-31T19:06:20","guid":{"rendered":"https:\/\/kindart.is\/vara\/thor-2\/"},"modified":"2024-10-31T19:06:20","modified_gmt":"2024-10-31T19:06:20","slug":"thor-2","status":"publish","type":"product","link":"https:\/\/kindart.is\/en\/vara\/thor-2\/","title":{"rendered":"\u00de\u00f3r"},"content":{"rendered":"<p><strong>\u00de\u00f3r<\/strong> var gefinn \u00fat \u00ed Vestmannaeyjum 1924-1925. \u00dea\u00f0 var \u00feri\u00f0ja tilraunin til a\u00f0 gefa \u00fear \u00fat bla\u00f0, en \u00fea\u00f0 reyndist illm\u00f6gulegt og bla\u00f0i\u00f0 kom ekki \u00fat nema \u00ed t\u00e6pt \u00e1r og s\u00ed\u00f0asta bla\u00f0i\u00f0 kom \u00fat 30. apr\u00edl 1925. \u00de\u00f3r var \u00ed st\u00f3ru broti: 43 X 27.5 cm. Ritstj\u00f3ri og \u00e1byrg\u00f0arma\u00f0ur var Valdimar B. Hersir.<\/p>\n<p><strong>\u00datg\u00e1fa og prentun<\/strong>:<br \/>\n\u00datgefandi: Valdimar Brynj\u00f3lfsson Hersir (1891-1936) prentari. Bla\u00f0i\u00f0 var prenta\u00f0 \u00ed Prentsmi\u00f0ju G.J. Johnsen.<\/p>\n","protected":false},"excerpt":{"rendered":"<p>\u00de\u00f3r var gefinn \u00fat \u00ed Vestmannaeyjum 1924-1925. \u00dea\u00f0 var \u00feri\u00f0ja tilraunin til a\u00f0 gefa \u00fear \u00fat bla\u00f0, en \u00fea\u00f0 reyndist illm\u00f6gulegt og bla\u00f0i\u00f0 kom ekki \u00fat nema \u00ed t\u00e6pt \u00e1r og s\u00ed\u00f0asta bla\u00f0i\u00f0 kom \u00fat 30. apr\u00edl 1925. \u00de\u00f3r var \u00ed st\u00f3ru broti: 43 X 27.5 cm. Ritstj\u00f3ri og \u00e1byrg\u00f0arma\u00f0ur var Valdimar B. Hersir. \u00datg\u00e1fa [&hellip;]<\/p>\n","protected":false},"featured_media":9670,"template":"","meta":{"slim_seo":{"title":"\u00de\u00f3r - KindArt","description":"\u00de\u00f3r var gefinn \u00fat \u00ed Vestmannaeyjum 1924-1925. \u00dea\u00f0 var \u00feri\u00f0ja tilraunin til a\u00f0 gefa \u00fear \u00fat bla\u00f0, en \u00fea\u00f0 reyndist illm\u00f6gulegt og bla\u00f0i\u00f0 kom ekki \u00fat nema \u00ed t\u00e6pt \u00e1r"}},"product_brand":[],"product_cat":[83],"product_tag":[],"class_list":{"0":"post-9671","1":"product","2":"type-product","3":"status-publish","4":"has-post-thumbnail","6":"product_cat-books","7":"product_shipping_class-small-en","9":"first","10":"instock","11":"purchasable","12":"product-type-simple"},"_links":{"self":[{"href":"https:\/\/kindart.is\/en\/wp-json\/wp\/v2\/product\/9671","targetHints":{"allow":["GET"]}}],"collection":[{"href":"https:\/\/kindart.is\/en\/wp-json\/wp\/v2\/product"}],"about":[{"href":"https:\/\/kindart.is\/en\/wp-json\/wp\/v2\/types\/product"}],"wp:featuredmedia":[{"embeddable":true,"href":"https:\/\/kindart.is\/en\/wp-json\/wp\/v2\/media\/9670"}],"wp:attachment":[{"href":"https:\/\/kindart.is\/en\/wp-json\/wp\/v2\/media?parent=9671"}],"wp:term":[{"taxonomy":"product_brand","embeddable":true,"href":"https:\/\/kindart.is\/en\/wp-json\/wp\/v2\/product_brand?post=9671"},{"taxonomy":"product_cat","embeddable":true,"href":"https:\/\/kindart.is\/en\/wp-json\/wp\/v2\/product_cat?post=9671"},{"taxonomy":"product_tag","embeddable":true,"href":"https:\/\/kindart.is\/en\/wp-json\/wp\/v2\/product_tag?post=9671"}],"curies":[{"name":"wp","href":"https:\/\/api.w.org\/{rel}","templated":true}]}}