{"id":9676,"date":"2024-10-31T19:10:36","date_gmt":"2024-10-31T19:10:36","guid":{"rendered":"https:\/\/kindart.is\/vara\/skjoldur\/"},"modified":"2024-10-31T19:10:36","modified_gmt":"2024-10-31T19:10:36","slug":"skjoldur","status":"publish","type":"product","link":"https:\/\/kindart.is\/en\/vara\/skjoldur\/","title":{"rendered":"Skj\u00f6ldur"},"content":{"rendered":"<p><strong>Skj\u00f6ldur<\/strong> var anna\u00f0 bla\u00f0i\u00f0 sem prenta\u00f0 var \u00ed Vestmannaeyjum og var prenta\u00f0 \u00ed Prentsmi\u00f0ju G\u00edsla J. Johnsen. Fyrsta bla\u00f0i\u00f0 Skeggi kom \u00fat til 1920, en \u00fe\u00e1 lag\u00f0ist rekstur prentsmi\u00f0junnar ni\u00f0ur til 1923 \u00feegar Skj\u00f6ldur byrja\u00f0i a\u00f0 koma \u00fat. Ritstj\u00f3ri og \u00e1byrg\u00f0arma\u00f0ur Skjaldar var: P.V.G. Kolka l\u00e6knir. Bla\u00f0i\u00f0 kom \u00fat \u00e1 laugard\u00f6gum \u00dea\u00f0 var \u00ed st\u00e6rra lagi: 47.6 X 28.5 cm.<\/p>\n<p><strong>\u00datg\u00e1fa og prentun<\/strong>:<br \/>\nEigendur: F\u00e9lag \u00ed Vestmannaeyjum. \u00datg\u00e1funefnd: Jes A. G\u00edslason, Fri\u00f0rik \u00deorsteinsson, Sigurj\u00f3n J\u00f3nsson, J\u00f3n Sverrisson og Georg G\u00edslason. Prentun: Prentsmi\u00f0ja Vestmannaeyja.<\/p>\n","protected":false},"excerpt":{"rendered":"<p>Skj\u00f6ldur var anna\u00f0 bla\u00f0i\u00f0 sem prenta\u00f0 var \u00ed Vestmannaeyjum og var prenta\u00f0 \u00ed Prentsmi\u00f0ju G\u00edsla J. Johnsen. Fyrsta bla\u00f0i\u00f0 Skeggi kom \u00fat til 1920, en \u00fe\u00e1 lag\u00f0ist rekstur prentsmi\u00f0junnar ni\u00f0ur til 1923 \u00feegar Skj\u00f6ldur byrja\u00f0i a\u00f0 koma \u00fat. Ritstj\u00f3ri og \u00e1byrg\u00f0arma\u00f0ur Skjaldar var: P.V.G. Kolka l\u00e6knir. Bla\u00f0i\u00f0 kom \u00fat \u00e1 laugard\u00f6gum \u00dea\u00f0 var \u00ed st\u00e6rra [&hellip;]<\/p>\n","protected":false},"featured_media":9675,"template":"","meta":{"slim_seo":{"title":"Skj\u00f6ldur - KindArt","description":"Skj\u00f6ldur var anna\u00f0 bla\u00f0i\u00f0 sem prenta\u00f0 var \u00ed Vestmannaeyjum og var prenta\u00f0 \u00ed Prentsmi\u00f0ju G\u00edsla J. Johnsen. Fyrsta bla\u00f0i\u00f0 Skeggi kom \u00fat til 1920, en \u00fe\u00e1 lag\u00f0ist re"}},"product_brand":[],"product_cat":[83],"product_tag":[],"class_list":{"0":"post-9676","1":"product","2":"type-product","3":"status-publish","4":"has-post-thumbnail","6":"product_cat-books","7":"product_shipping_class-small-en","9":"first","10":"instock","11":"purchasable","12":"product-type-simple"},"_links":{"self":[{"href":"https:\/\/kindart.is\/en\/wp-json\/wp\/v2\/product\/9676","targetHints":{"allow":["GET"]}}],"collection":[{"href":"https:\/\/kindart.is\/en\/wp-json\/wp\/v2\/product"}],"about":[{"href":"https:\/\/kindart.is\/en\/wp-json\/wp\/v2\/types\/product"}],"wp:featuredmedia":[{"embeddable":true,"href":"https:\/\/kindart.is\/en\/wp-json\/wp\/v2\/media\/9675"}],"wp:attachment":[{"href":"https:\/\/kindart.is\/en\/wp-json\/wp\/v2\/media?parent=9676"}],"wp:term":[{"taxonomy":"product_brand","embeddable":true,"href":"https:\/\/kindart.is\/en\/wp-json\/wp\/v2\/product_brand?post=9676"},{"taxonomy":"product_cat","embeddable":true,"href":"https:\/\/kindart.is\/en\/wp-json\/wp\/v2\/product_cat?post=9676"},{"taxonomy":"product_tag","embeddable":true,"href":"https:\/\/kindart.is\/en\/wp-json\/wp\/v2\/product_tag?post=9676"}],"curies":[{"name":"wp","href":"https:\/\/api.w.org\/{rel}","templated":true}]}}