{"id":9680,"date":"2024-10-31T19:14:32","date_gmt":"2024-10-31T19:14:32","guid":{"rendered":"https:\/\/kindart.is\/vara\/vikan-2\/"},"modified":"2024-10-31T19:14:32","modified_gmt":"2024-10-31T19:14:32","slug":"vikan-2","status":"publish","type":"product","link":"https:\/\/kindart.is\/en\/vara\/vikan-2\/","title":{"rendered":"VIKAN"},"content":{"rendered":"<p><strong>VIKAN<\/strong> var bla\u00f0 Steind\u00f3rs Sigur\u00f0ssonar rith\u00f6fundar eftir a\u00f0 hann t\u00f3k prentsmi\u00f0juna \u00e1 Helgafellsbraut 19 \u00ed Vestmannaeyjum \u00e1 leigu. \u00deetta var \u00ed n\u00f3vember 1928. Bla\u00f0i\u00f0 kom \u00fat vikulega og var Steind\u00f3r skr\u00e1\u00f0ur ritstj\u00f3ri \u00feess<\/p>\n<p><strong>\u00datg\u00e1fa og prentun<\/strong>:<br \/>\n\u00datgefandi: Jafna\u00f0armannaf\u00e9lag Vestmannaeyja. Prentun: Prentsmi\u00f0ja Vikunnar.<\/p>\n","protected":false},"excerpt":{"rendered":"<p>VIKAN var bla\u00f0 Steind\u00f3rs Sigur\u00f0ssonar rith\u00f6fundar eftir a\u00f0 hann t\u00f3k prentsmi\u00f0juna \u00e1 Helgafellsbraut 19 \u00ed Vestmannaeyjum \u00e1 leigu. \u00deetta var \u00ed n\u00f3vember 1928. Bla\u00f0i\u00f0 kom \u00fat vikulega og var Steind\u00f3r skr\u00e1\u00f0ur ritstj\u00f3ri \u00feess \u00datg\u00e1fa og prentun: \u00datgefandi: Jafna\u00f0armannaf\u00e9lag Vestmannaeyja. Prentun: Prentsmi\u00f0ja Vikunnar.<\/p>\n","protected":false},"featured_media":9679,"template":"","meta":{"slim_seo":{"title":"VIKAN - KindArt","description":"VIKAN var bla\u00f0 Steind\u00f3rs Sigur\u00f0ssonar rith\u00f6fundar eftir a\u00f0 hann t\u00f3k prentsmi\u00f0juna \u00e1 Helgafellsbraut 19 \u00ed Vestmannaeyjum \u00e1 leigu. \u00deetta var \u00ed n\u00f3vember 1928. Bla\u00f0"}},"product_brand":[],"product_cat":[83],"product_tag":[],"class_list":{"0":"post-9680","1":"product","2":"type-product","3":"status-publish","4":"has-post-thumbnail","6":"product_cat-books","7":"product_shipping_class-small-en","9":"first","10":"instock","11":"purchasable","12":"product-type-simple"},"_links":{"self":[{"href":"https:\/\/kindart.is\/en\/wp-json\/wp\/v2\/product\/9680","targetHints":{"allow":["GET"]}}],"collection":[{"href":"https:\/\/kindart.is\/en\/wp-json\/wp\/v2\/product"}],"about":[{"href":"https:\/\/kindart.is\/en\/wp-json\/wp\/v2\/types\/product"}],"wp:featuredmedia":[{"embeddable":true,"href":"https:\/\/kindart.is\/en\/wp-json\/wp\/v2\/media\/9679"}],"wp:attachment":[{"href":"https:\/\/kindart.is\/en\/wp-json\/wp\/v2\/media?parent=9680"}],"wp:term":[{"taxonomy":"product_brand","embeddable":true,"href":"https:\/\/kindart.is\/en\/wp-json\/wp\/v2\/product_brand?post=9680"},{"taxonomy":"product_cat","embeddable":true,"href":"https:\/\/kindart.is\/en\/wp-json\/wp\/v2\/product_cat?post=9680"},{"taxonomy":"product_tag","embeddable":true,"href":"https:\/\/kindart.is\/en\/wp-json\/wp\/v2\/product_tag?post=9680"}],"curies":[{"name":"wp","href":"https:\/\/api.w.org\/{rel}","templated":true}]}}