{"id":9686,"date":"2024-10-31T19:20:20","date_gmt":"2024-10-31T19:20:20","guid":{"rendered":"https:\/\/kindart.is\/vara\/vidir\/"},"modified":"2024-10-31T19:20:20","modified_gmt":"2024-10-31T19:20:20","slug":"vidir","status":"publish","type":"product","link":"https:\/\/kindart.is\/en\/vara\/vidir\/","title":{"rendered":"V\u00ed\u00f0ir"},"content":{"rendered":"<p><strong>V\u00ed\u00f0ir<\/strong> var bla\u00f0 \u00ed Vestmannaeyjum sem var fyrst prenta\u00f0 \u00ed prentsmi\u00f0ju G\u00edsla J. Johnsen en s\u00ed\u00f0an var prentsmi\u00f0jan tekin \u00e1 leigu og flutt a\u00f0 Vestmannabraut 30. \u00de\u00e1 var\u00f0 nafnbreyting \u00e1 henni og fr\u00e1 18. des. 1929 var h\u00fan nefnd Prentsmi\u00f0ja V\u00ed\u00f0is. Stofnandi bla\u00f0sins V\u00ed\u00f0is var \u00d3lafur Magn\u00fasson l\u00e6knanemi \u00ed Vestmannaeyjum, sem l\u00e9st nokkrum m\u00e1nu\u00f0um seinna e\u00f0a 30. mars 1930 \u00e1 V\u00edfilsta\u00f0asp\u00edtala. Magn\u00fas J\u00f3nsson fa\u00f0ir \u00d3lafs heitins var lengst ritstj\u00f3ri bla\u00f0sins, en Einar Sigur\u00f0sson (r\u00edki) var l\u00edka lengi ritstj\u00f3ri, Gu\u00f0mundur Eggerz o.fl.<\/p>\n<p><strong>\u00datg\u00e1fa og prentun<\/strong>:<br \/>\nBla\u00f0i\u00f0 V\u00ed\u00f0ir kom lengi \u00fat \u00ed Vestmannaeyjum eftir \u00fea\u00f0 sem segir h\u00e9r a\u00f0 ofan e\u00f0a til 1953, alls \u00ed um 25 \u00e1r. \u00dea\u00f0 voru \u00fev\u00ed margir sem ritst\u00fdr\u00f0u \u00fev\u00ed og \u00fea\u00f0 var prenta\u00f0 \u00ed fleiri Eyjaprentsmi\u00f0jum og einnig \u00ed Reykjav\u00edk: V\u00edkingsprent, \u00cdsafold og v\u00ed\u00f0ar.<\/p>\n","protected":false},"excerpt":{"rendered":"<p>V\u00ed\u00f0ir var bla\u00f0 \u00ed Vestmannaeyjum sem var fyrst prenta\u00f0 \u00ed prentsmi\u00f0ju G\u00edsla J. Johnsen en s\u00ed\u00f0an var prentsmi\u00f0jan tekin \u00e1 leigu og flutt a\u00f0 Vestmannabraut 30. \u00de\u00e1 var\u00f0 nafnbreyting \u00e1 henni og fr\u00e1 18. des. 1929 var h\u00fan nefnd Prentsmi\u00f0ja V\u00ed\u00f0is. Stofnandi bla\u00f0sins V\u00ed\u00f0is var \u00d3lafur Magn\u00fasson l\u00e6knanemi \u00ed Vestmannaeyjum, sem l\u00e9st nokkrum m\u00e1nu\u00f0um seinna [&hellip;]<\/p>\n","protected":false},"featured_media":9683,"template":"","meta":{"slim_seo":{"title":"V\u00ed\u00f0ir - KindArt","description":"V\u00ed\u00f0ir var bla\u00f0 \u00ed Vestmannaeyjum sem var fyrst prenta\u00f0 \u00ed prentsmi\u00f0ju G\u00edsla J. Johnsen en s\u00ed\u00f0an var prentsmi\u00f0jan tekin \u00e1 leigu og flutt a\u00f0 Vestmannabraut 30. \u00de\u00e1 v"}},"product_brand":[],"product_cat":[83],"product_tag":[],"class_list":{"0":"post-9686","1":"product","2":"type-product","3":"status-publish","4":"has-post-thumbnail","6":"product_cat-books","7":"product_shipping_class-small-en","9":"first","10":"instock","11":"purchasable","12":"product-type-simple"},"_links":{"self":[{"href":"https:\/\/kindart.is\/en\/wp-json\/wp\/v2\/product\/9686","targetHints":{"allow":["GET"]}}],"collection":[{"href":"https:\/\/kindart.is\/en\/wp-json\/wp\/v2\/product"}],"about":[{"href":"https:\/\/kindart.is\/en\/wp-json\/wp\/v2\/types\/product"}],"wp:featuredmedia":[{"embeddable":true,"href":"https:\/\/kindart.is\/en\/wp-json\/wp\/v2\/media\/9683"}],"wp:attachment":[{"href":"https:\/\/kindart.is\/en\/wp-json\/wp\/v2\/media?parent=9686"}],"wp:term":[{"taxonomy":"product_brand","embeddable":true,"href":"https:\/\/kindart.is\/en\/wp-json\/wp\/v2\/product_brand?post=9686"},{"taxonomy":"product_cat","embeddable":true,"href":"https:\/\/kindart.is\/en\/wp-json\/wp\/v2\/product_cat?post=9686"},{"taxonomy":"product_tag","embeddable":true,"href":"https:\/\/kindart.is\/en\/wp-json\/wp\/v2\/product_tag?post=9686"}],"curies":[{"name":"wp","href":"https:\/\/api.w.org\/{rel}","templated":true}]}}