{"id":9692,"date":"2024-10-31T19:25:44","date_gmt":"2024-10-31T19:25:44","guid":{"rendered":"https:\/\/kindart.is\/vara\/hamar\/"},"modified":"2024-10-31T19:25:44","modified_gmt":"2024-10-31T19:25:44","slug":"hamar","status":"publish","type":"product","link":"https:\/\/kindart.is\/en\/vara\/hamar\/","title":{"rendered":"Hamar"},"content":{"rendered":"<p><strong>Hamar<\/strong> var l\u00edti\u00f0 bla\u00f0 sem gefi\u00f0 var \u00fat \u00ed Vestmannaeyjum \u00ed sm\u00e1t\u00edma \u00ed apr\u00edl 1936 &#8211; j\u00fan\u00ed 1937. \u00dea\u00f0 fylgdi sj\u00e1lfst\u00e6\u00f0ism\u00f6nnum a\u00f0 m\u00e1lum. Ritstj\u00f3ri: Gu\u00f0laugur Br. J\u00f3nsson. Mark bla\u00f0sins var: Menning, frelsi og r\u00e9ttl\u00e6ti. St\u00e6r\u00f0 \u00feess var: 33 X 22 cm og 4 bls.<\/p>\n<p><strong>\u00datg\u00e1fa og prentun<\/strong>:<br \/>\n\u00datgefandi: Gu\u00f0laugur Br. J\u00f3nsson. Prentun: Eyjaprentsmi\u00f0jan. Vestmannaeyjum.<\/p>\n","protected":false},"excerpt":{"rendered":"<p>Hamar var l\u00edti\u00f0 bla\u00f0 sem gefi\u00f0 var \u00fat \u00ed Vestmannaeyjum \u00ed sm\u00e1t\u00edma \u00ed apr\u00edl 1936 &#8211; j\u00fan\u00ed 1937. \u00dea\u00f0 fylgdi sj\u00e1lfst\u00e6\u00f0ism\u00f6nnum a\u00f0 m\u00e1lum. Ritstj\u00f3ri: Gu\u00f0laugur Br. J\u00f3nsson. Mark bla\u00f0sins var: Menning, frelsi og r\u00e9ttl\u00e6ti. St\u00e6r\u00f0 \u00feess var: 33 X 22 cm og 4 bls. \u00datg\u00e1fa og prentun: \u00datgefandi: Gu\u00f0laugur Br. J\u00f3nsson. Prentun: Eyjaprentsmi\u00f0jan. Vestmannaeyjum.<\/p>\n","protected":false},"featured_media":9690,"template":"","meta":{"slim_seo":{"title":"Hamar - KindArt","description":"Hamar var l\u00edti\u00f0 bla\u00f0 sem gefi\u00f0 var \u00fat \u00ed Vestmannaeyjum \u00ed sm\u00e1t\u00edma \u00ed apr\u00edl 1936 - j\u00fan\u00ed 1937. \u00dea\u00f0 fylgdi sj\u00e1lfst\u00e6\u00f0ism\u00f6nnum a\u00f0 m\u00e1lum. Ritstj\u00f3ri: Gu\u00f0laugur Br. J\u00f3nss"}},"product_brand":[],"product_cat":[83],"product_tag":[],"class_list":{"0":"post-9692","1":"product","2":"type-product","3":"status-publish","4":"has-post-thumbnail","6":"product_cat-books","7":"product_shipping_class-small-en","9":"first","10":"instock","11":"purchasable","12":"product-type-simple"},"_links":{"self":[{"href":"https:\/\/kindart.is\/en\/wp-json\/wp\/v2\/product\/9692","targetHints":{"allow":["GET"]}}],"collection":[{"href":"https:\/\/kindart.is\/en\/wp-json\/wp\/v2\/product"}],"about":[{"href":"https:\/\/kindart.is\/en\/wp-json\/wp\/v2\/types\/product"}],"wp:featuredmedia":[{"embeddable":true,"href":"https:\/\/kindart.is\/en\/wp-json\/wp\/v2\/media\/9690"}],"wp:attachment":[{"href":"https:\/\/kindart.is\/en\/wp-json\/wp\/v2\/media?parent=9692"}],"wp:term":[{"taxonomy":"product_brand","embeddable":true,"href":"https:\/\/kindart.is\/en\/wp-json\/wp\/v2\/product_brand?post=9692"},{"taxonomy":"product_cat","embeddable":true,"href":"https:\/\/kindart.is\/en\/wp-json\/wp\/v2\/product_cat?post=9692"},{"taxonomy":"product_tag","embeddable":true,"href":"https:\/\/kindart.is\/en\/wp-json\/wp\/v2\/product_tag?post=9692"}],"curies":[{"name":"wp","href":"https:\/\/api.w.org\/{rel}","templated":true}]}}