{"id":9696,"date":"2024-10-31T19:30:10","date_gmt":"2024-10-31T19:30:10","guid":{"rendered":"https:\/\/kindart.is\/vara\/eyjabladid-2\/"},"modified":"2024-10-31T19:30:10","modified_gmt":"2024-10-31T19:30:10","slug":"eyjabladid-2","status":"publish","type":"product","link":"https:\/\/kindart.is\/en\/vara\/eyjabladid-2\/","title":{"rendered":"Eyjabla\u00f0i\u00f0"},"content":{"rendered":"<p><strong>Eyjabla\u00f0i\u00f0<\/strong> var m\u00e1lgagn al\u00fe\u00fd\u00f0u \u00ed Vestmannaeyjum. Prenta\u00f0 me\u00f0 rau\u00f0u \u00e1 fors\u00ed\u00f0u. Ritstj\u00f3rn: \u00cdsleifur H\u00f6gnason, Haukur Bj\u00f6rnsson og J\u00f3n Rafnsson. \u00dea\u00f0 var ca. \u00ed A 4<br \/>\nst\u00e6r\u00f0. H\u00e9r er bo\u00f0i\u00f0 upp \u00e1 lj\u00f3srita\u00f0 eintak af fors\u00ed\u00f0u, 1.\u00e1rg. Nr. 1.<\/p>\n<p><strong>\u00datg\u00e1fa og prentun<\/strong>:<br \/>\n\u00datgefandi: Verkamannaf\u00e9lagi\u00f0 Dr\u00edfandi Vestmannaeyjum. Prentun: Prentsmi\u00f0ja Gu\u00f0j\u00f3nsbr\u00e6\u00f0ra Vestmannaeyjum. Var seinna prenta\u00f0 \u00ed Prentsmi\u00f0ju Eyjabla\u00f0sins.<\/p>\n","protected":false},"excerpt":{"rendered":"<p>Eyjabla\u00f0i\u00f0 var m\u00e1lgagn al\u00fe\u00fd\u00f0u \u00ed Vestmannaeyjum. Prenta\u00f0 me\u00f0 rau\u00f0u \u00e1 fors\u00ed\u00f0u. Ritstj\u00f3rn: \u00cdsleifur H\u00f6gnason, Haukur Bj\u00f6rnsson og J\u00f3n Rafnsson. \u00dea\u00f0 var ca. \u00ed A 4 st\u00e6r\u00f0. H\u00e9r er bo\u00f0i\u00f0 upp \u00e1 lj\u00f3srita\u00f0 eintak af fors\u00ed\u00f0u, 1.\u00e1rg. Nr. 1. \u00datg\u00e1fa og prentun: \u00datgefandi: Verkamannaf\u00e9lagi\u00f0 Dr\u00edfandi Vestmannaeyjum. Prentun: Prentsmi\u00f0ja Gu\u00f0j\u00f3nsbr\u00e6\u00f0ra Vestmannaeyjum. Var seinna prenta\u00f0 \u00ed Prentsmi\u00f0ju Eyjabla\u00f0sins.<\/p>\n","protected":false},"featured_media":9695,"template":"","meta":{"slim_seo":{"title":"Eyjabla\u00f0i\u00f0 - KindArt","description":"Eyjabla\u00f0i\u00f0 var m\u00e1lgagn al\u00fe\u00fd\u00f0u \u00ed Vestmannaeyjum. Prenta\u00f0 me\u00f0 rau\u00f0u \u00e1 fors\u00ed\u00f0u. Ritstj\u00f3rn: \u00cdsleifur H\u00f6gnason, Haukur Bj\u00f6rnsson og J\u00f3n Rafnsson. \u00dea\u00f0 var ca. \u00ed A 4 s"}},"product_brand":[],"product_cat":[83],"product_tag":[],"class_list":{"0":"post-9696","1":"product","2":"type-product","3":"status-publish","4":"has-post-thumbnail","6":"product_cat-books","7":"product_shipping_class-small-en","9":"first","10":"instock","11":"purchasable","12":"product-type-simple"},"_links":{"self":[{"href":"https:\/\/kindart.is\/en\/wp-json\/wp\/v2\/product\/9696","targetHints":{"allow":["GET"]}}],"collection":[{"href":"https:\/\/kindart.is\/en\/wp-json\/wp\/v2\/product"}],"about":[{"href":"https:\/\/kindart.is\/en\/wp-json\/wp\/v2\/types\/product"}],"wp:featuredmedia":[{"embeddable":true,"href":"https:\/\/kindart.is\/en\/wp-json\/wp\/v2\/media\/9695"}],"wp:attachment":[{"href":"https:\/\/kindart.is\/en\/wp-json\/wp\/v2\/media?parent=9696"}],"wp:term":[{"taxonomy":"product_brand","embeddable":true,"href":"https:\/\/kindart.is\/en\/wp-json\/wp\/v2\/product_brand?post=9696"},{"taxonomy":"product_cat","embeddable":true,"href":"https:\/\/kindart.is\/en\/wp-json\/wp\/v2\/product_cat?post=9696"},{"taxonomy":"product_tag","embeddable":true,"href":"https:\/\/kindart.is\/en\/wp-json\/wp\/v2\/product_tag?post=9696"}],"curies":[{"name":"wp","href":"https:\/\/api.w.org\/{rel}","templated":true}]}}