{"id":9702,"date":"2024-10-31T19:34:48","date_gmt":"2024-10-31T19:34:48","guid":{"rendered":"https:\/\/kindart.is\/vara\/blomid\/"},"modified":"2024-10-31T19:34:48","modified_gmt":"2024-10-31T19:34:48","slug":"blomid","status":"publish","type":"product","link":"https:\/\/kindart.is\/en\/vara\/blomid\/","title":{"rendered":"Bl\u00f3mi\u00f0"},"content":{"rendered":"<p><strong>Bl\u00f3mi\u00f0<\/strong>, Ritstj\u00f3ri: \u00deorsteinn \u00de. V\u00edglundsson. \u00deetta er barnabla\u00f0, 1.\u00e1rg. 1.tbl. \u00ed desember 1928. \u00dea\u00f0 flutti sm\u00e1s\u00f6gur handa b\u00f6rnum. H\u00e9r er bo\u00f0i\u00f0 j\u00f3labla\u00f0i\u00f0 af Bl\u00f3minu sem flutti allskonar augl\u00fdsingar \u00ed tilefni j\u00f3lanna, \u00fear sem augl\u00fdstar eru margv\u00edslegar j\u00f3lagjafir af \u00fdnsu tagi. Bla\u00f0i\u00f0 er l\u00edti\u00f0 \u00ed sni\u00f0um: St\u00e6r\u00f0: 22.3 X 14.5 cm. og 8 bls. + k\u00e1pa.<\/p>\n<p><strong>\u00datg\u00e1fa og prentun<\/strong>:<br \/>\n\u00datgefandi: Reglustarfsemin \u00ed Vetmannaeyjum. Prentun: 1928, Prentsmi\u00f0ja Vikunnar og seinna 1929, Prentsmi\u00f0ja V\u00ed\u00f0is \u00ed Vestmannaeyjum.<\/p>\n","protected":false},"excerpt":{"rendered":"<p>Bl\u00f3mi\u00f0, Ritstj\u00f3ri: \u00deorsteinn \u00de. V\u00edglundsson. \u00deetta er barnabla\u00f0, 1.\u00e1rg. 1.tbl. \u00ed desember 1928. \u00dea\u00f0 flutti sm\u00e1s\u00f6gur handa b\u00f6rnum. H\u00e9r er bo\u00f0i\u00f0 j\u00f3labla\u00f0i\u00f0 af Bl\u00f3minu sem flutti allskonar augl\u00fdsingar \u00ed tilefni j\u00f3lanna, \u00fear sem augl\u00fdstar eru margv\u00edslegar j\u00f3lagjafir af \u00fdnsu tagi. Bla\u00f0i\u00f0 er l\u00edti\u00f0 \u00ed sni\u00f0um: St\u00e6r\u00f0: 22.3 X 14.5 cm. og 8 bls. + k\u00e1pa. [&hellip;]<\/p>\n","protected":false},"featured_media":9699,"template":"","meta":{"slim_seo":{"title":"Bl\u00f3mi\u00f0 - KindArt","description":"Bl\u00f3mi\u00f0 , Ritstj\u00f3ri: \u00deorsteinn \u00de. V\u00edglundsson. \u00deetta er barnabla\u00f0, 1.\u00e1rg. 1.tbl. \u00ed desember 1928. \u00dea\u00f0 flutti sm\u00e1s\u00f6gur handa b\u00f6rnum. H\u00e9r er bo\u00f0i\u00f0 j\u00f3labla\u00f0i\u00f0 af Bl"}},"product_brand":[],"product_cat":[83],"product_tag":[],"class_list":{"0":"post-9702","1":"product","2":"type-product","3":"status-publish","4":"has-post-thumbnail","6":"product_cat-books","7":"product_shipping_class-small-en","9":"first","10":"instock","11":"purchasable","12":"product-type-simple"},"_links":{"self":[{"href":"https:\/\/kindart.is\/en\/wp-json\/wp\/v2\/product\/9702","targetHints":{"allow":["GET"]}}],"collection":[{"href":"https:\/\/kindart.is\/en\/wp-json\/wp\/v2\/product"}],"about":[{"href":"https:\/\/kindart.is\/en\/wp-json\/wp\/v2\/types\/product"}],"wp:featuredmedia":[{"embeddable":true,"href":"https:\/\/kindart.is\/en\/wp-json\/wp\/v2\/media\/9699"}],"wp:attachment":[{"href":"https:\/\/kindart.is\/en\/wp-json\/wp\/v2\/media?parent=9702"}],"wp:term":[{"taxonomy":"product_brand","embeddable":true,"href":"https:\/\/kindart.is\/en\/wp-json\/wp\/v2\/product_brand?post=9702"},{"taxonomy":"product_cat","embeddable":true,"href":"https:\/\/kindart.is\/en\/wp-json\/wp\/v2\/product_cat?post=9702"},{"taxonomy":"product_tag","embeddable":true,"href":"https:\/\/kindart.is\/en\/wp-json\/wp\/v2\/product_tag?post=9702"}],"curies":[{"name":"wp","href":"https:\/\/api.w.org\/{rel}","templated":true}]}}