{"id":9706,"date":"2024-10-31T19:40:05","date_gmt":"2024-10-31T19:40:05","guid":{"rendered":"https:\/\/kindart.is\/vara\/thjodhatidarblad-vestmannaeyja-thor-1984\/"},"modified":"2024-10-31T19:40:05","modified_gmt":"2024-10-31T19:40:05","slug":"thjodhatidarblad-vestmannaeyja-thor-1984","status":"publish","type":"product","link":"https:\/\/kindart.is\/en\/vara\/thjodhatidarblad-vestmannaeyja-thor-1984\/","title":{"rendered":"\u00dej\u00f3\u00f0h\u00e1t\u00ed\u00f0arbla\u00f0 Vestmannaeyja \u00de\u00f3r 1984"},"content":{"rendered":"<p><strong>\u00dej\u00f3\u00f0h\u00e1t\u00ed\u00f0arbla\u00f0 Vestmannaeyja \u00de\u00f3r 1984<\/strong>. Ritstj\u00f3ri og \u00e1byrg\u00f0arma\u00f0ur: \u00c1rni Johnsen. \u00c1 fors\u00ed\u00f0u er Teistumynd eftir Sigurgeir J\u00f3nasson. \u00c1 baks\u00ed\u00f0u er mynd af bjargsigi, l\u00edka eftir Sigurgeir. \u00dej\u00f3\u00f0h\u00e1t\u00ed\u00f0arnefnd \u00de\u00f3rs 1984: \u00de\u00f3r Vilhj\u00e1lmsson, \u00d3skar \u00d3skarsson, \u00deorsteinn Ing\u00f3lfsson, Engilbert G\u00edslason, \u00c1smundur Fri\u00f0riksson, P\u00e1ll Scheving og \u00c1rni Johnsen. Bla\u00f0i\u00f0 er 25 X 18,6 cm a\u00f0 st\u00e6r\u00f0, 78 bls. me\u00f0 litprenta\u00f0ri k\u00e1pu og v\u00edrheft.<\/p>\n<p><strong>\u00datg\u00e1fa og prentun<\/strong>:<br \/>\n\u00datgefandi: \u00cd\u00fer\u00f3ttaf\u00e9lagi\u00f0 \u00de\u00f3r \u00ed Vestmannaeyjum. Prentun: Eyjaprent Vestmannaeyjum 1984.<\/p>\n","protected":false},"excerpt":{"rendered":"<p>\u00dej\u00f3\u00f0h\u00e1t\u00ed\u00f0arbla\u00f0 Vestmannaeyja \u00de\u00f3r 1984. Ritstj\u00f3ri og \u00e1byrg\u00f0arma\u00f0ur: \u00c1rni Johnsen. \u00c1 fors\u00ed\u00f0u er Teistumynd eftir Sigurgeir J\u00f3nasson. \u00c1 baks\u00ed\u00f0u er mynd af bjargsigi, l\u00edka eftir Sigurgeir. \u00dej\u00f3\u00f0h\u00e1t\u00ed\u00f0arnefnd \u00de\u00f3rs 1984: \u00de\u00f3r Vilhj\u00e1lmsson, \u00d3skar \u00d3skarsson, \u00deorsteinn Ing\u00f3lfsson, Engilbert G\u00edslason, \u00c1smundur Fri\u00f0riksson, P\u00e1ll Scheving og \u00c1rni Johnsen. Bla\u00f0i\u00f0 er 25 X 18,6 cm a\u00f0 st\u00e6r\u00f0, 78 bls. me\u00f0 litprenta\u00f0ri [&hellip;]<\/p>\n","protected":false},"featured_media":9705,"template":"","meta":{"slim_seo":{"title":"\u00dej\u00f3\u00f0h\u00e1t\u00ed\u00f0arbla\u00f0 Vestmannaeyja \u00de\u00f3r 1984 - KindArt","description":"\u00dej\u00f3\u00f0h\u00e1t\u00ed\u00f0arbla\u00f0 Vestmannaeyja \u00de\u00f3r 1984 . Ritstj\u00f3ri og \u00e1byrg\u00f0arma\u00f0ur: \u00c1rni Johnsen. \u00c1 fors\u00ed\u00f0u er Teistumynd eftir Sigurgeir J\u00f3nasson. \u00c1 baks\u00ed\u00f0u er mynd af bjargs"}},"product_brand":[],"product_cat":[83],"product_tag":[],"class_list":{"0":"post-9706","1":"product","2":"type-product","3":"status-publish","4":"has-post-thumbnail","6":"product_cat-books","7":"product_shipping_class-small-en","9":"first","10":"instock","11":"purchasable","12":"product-type-simple"},"_links":{"self":[{"href":"https:\/\/kindart.is\/en\/wp-json\/wp\/v2\/product\/9706","targetHints":{"allow":["GET"]}}],"collection":[{"href":"https:\/\/kindart.is\/en\/wp-json\/wp\/v2\/product"}],"about":[{"href":"https:\/\/kindart.is\/en\/wp-json\/wp\/v2\/types\/product"}],"wp:featuredmedia":[{"embeddable":true,"href":"https:\/\/kindart.is\/en\/wp-json\/wp\/v2\/media\/9705"}],"wp:attachment":[{"href":"https:\/\/kindart.is\/en\/wp-json\/wp\/v2\/media?parent=9706"}],"wp:term":[{"taxonomy":"product_brand","embeddable":true,"href":"https:\/\/kindart.is\/en\/wp-json\/wp\/v2\/product_brand?post=9706"},{"taxonomy":"product_cat","embeddable":true,"href":"https:\/\/kindart.is\/en\/wp-json\/wp\/v2\/product_cat?post=9706"},{"taxonomy":"product_tag","embeddable":true,"href":"https:\/\/kindart.is\/en\/wp-json\/wp\/v2\/product_tag?post=9706"}],"curies":[{"name":"wp","href":"https:\/\/api.w.org\/{rel}","templated":true}]}}