{"id":9714,"date":"2024-11-14T17:28:49","date_gmt":"2024-11-14T17:28:49","guid":{"rendered":"https:\/\/kindart.is\/vara\/aldan-2\/"},"modified":"2024-11-14T17:28:49","modified_gmt":"2024-11-14T17:28:49","slug":"aldan-2","status":"publish","type":"product","link":"https:\/\/kindart.is\/en\/vara\/aldan-2\/","title":{"rendered":"Aldan"},"content":{"rendered":"<p><strong>Aldan 1. \u00e1rg. 2. tbl. 1992. <\/strong>Prentsmi\u00f0jan Dalprent t\u00f3k til starfa \u00ed B\u00fa\u00f0ardal \u00ed mars 1992. \u00dea\u00f0 var b\u00fainn a\u00f0 vera nokkur a\u00f0dragandi. Dalabla\u00f0i\u00f0 haf\u00f0i komi\u00f0 \u00fat fr\u00e1 1985 og var \u00der\u00fa\u00f0ur Kristj\u00e1nsd\u00f3ttir (1938-) sk\u00f3lastj\u00f3ri \u00ed B\u00fa\u00f0ardal a\u00f0alhvatama\u00f0ur a\u00f0 \u00fatkomu \u00feess. H\u00fan og Svala Valdimarsd\u00f3ttir, kona l\u00e6knisins \u00ed B\u00fa\u00f0ardal, fengu Ragnar Inga A\u00f0alsteinsson (1944-) kennara til a\u00f0 ritst\u00fdra \u00fev\u00ed og var hann ritstj\u00f3ri \u00feess fyrstu 3 \u00e1rin. Eftir \u00fea\u00f0 s\u00e1 \u00der\u00fa\u00f0ur Kristj\u00e1nsd\u00f3ttir um bla\u00f0i\u00f0 og var \u00fea\u00f0 \u00fe\u00e1 prenta\u00f0 \u00e1 \u00fdmsum st\u00f6\u00f0um svo sem \u00ed Svansprenti \u00ed K\u00f3pavogi, Prentsmi\u00f0junni Odda \u00ed Reykjav\u00edk e\u00f0a \u00ed Prentborg \u00ed Borgarnesi. Sj\u00e1lfsagt hefur Dalam\u00f6nnum \u00fe\u00f3tt h\u00e6fa a\u00f0 f\u00e6ra prentunina heim \u00ed h\u00e9ra\u00f0 \u00fev\u00ed langt var s\u00ed\u00f0an prentsmi\u00f0ja haf\u00f0i veri\u00f0 \u00ed Dalas\u00fdslu, l\u00edklega ekki s\u00ed\u00f0an prenta\u00f0 var \u00ed Hrappsey 1773-1794.<\/p>\n<p>\u00dea\u00f0 var svo 1. desember 1991 a\u00f0 prentsmi\u00f0jan Dalprent er skr\u00e1\u00f0 hj\u00e1 R\u00edkisskattstj\u00f3ra og \u00ed framhaldi af \u00fev\u00ed var keypt g\u00f6mul \u00fe\u00fdsk Heidelberg offsetprentv\u00e9l hj\u00e1 Prentsmi\u00f0junni Odda \u00ed Reykjav\u00edk \u00e1samt \u00fdmsum \u00f6\u00f0rum t\u00e6kjum. Prentun Dalabla\u00f0sins f\u00e6r\u00f0ist n\u00fa heim \u00ed B\u00fa\u00f0ardal, en eftir \u00fea\u00f0 var bla\u00f0i\u00f0 gefi\u00f0 sjaldnar \u00fat, e\u00f0a \u00e1rsfj\u00f3r\u00f0ungslega \u00ed sta\u00f0 einu sinni \u00ed m\u00e1nu\u00f0i. Um svipa\u00f0 leyti var\u00f0 Kaupf\u00e9lag Hvammsfjar\u00f0ar gjald\u00ferota og bjart og r\u00famgott h\u00fasn\u00e6\u00f0i \u00feess losna\u00f0i \u00e1 efri h\u00e6\u00f0inni a\u00f0 Vesturbraut 10. \u00dear var n\u00fa prentsmi\u00f0junni komi\u00f0 fyrir og Stef\u00e1n Berg\u00fe\u00f3rsson h\u00fasgagnasmi\u00f0ur (1936-), sem haf\u00f0i unni\u00f0 hj\u00e1 Tr\u00e9smi\u00f0ju kaupf\u00e9lagsins t\u00f3k a\u00f0 s\u00e9r a\u00f0 annast prentverki\u00f0, \u00ed fyrstu me\u00f0 a\u00f0sto\u00f0 fr\u00e1 Prentsmi\u00f0junni Odda, en einnig hj\u00e1lpa\u00f0i Kjartan Eggertsson t\u00f3nlistarkennari \u00ed B\u00fa\u00f0ardal vi\u00f0 umbrot \u00e1 bla\u00f0inu.<\/p>\n<p>S\u00ed\u00f0an var\u00f0 sm\u00e1hl\u00e9 \u00e1 \u00fatg\u00e1funni en \u00fe\u00e1 f\u00f3r Kjartan Eggertsson (1954-) a\u00f0 gefa \u00fat fr\u00e9ttabla\u00f0 sem h\u00e9t Aldan og kom \u00fea\u00f0 \u00fat annan hvern m\u00e1nu\u00f0. \u00dea\u00f0 var prenta\u00f0 \u00ed Dalprenti og hugsa\u00f0 sem fr\u00e9ttabla\u00f0 fyrir allar bygg\u00f0irnar \u00ed kring um Brei\u00f0afj\u00f6r\u00f0. Ennfremur voru \u00fear prentu\u00f0 reikningsey\u00f0ubl\u00f6\u00f0 og b\u00e6klingar af \u00fdmsu tagi. \u00de\u00e1 flutti Kjartan til \u00d3lafsv\u00edkur og Aldan h\u00e6tti a\u00f0 koma \u00fat. \u00de\u00e1 h\u00f3f n\u00fdtt bla\u00f0 g\u00f6ngu s\u00edna \u00ed B\u00fa\u00f0ardal undir forystu Fri\u00f0j\u00f3ns \u00de\u00f3r\u00f0arsonar (1923-2009) s\u00fdslumanns. \u00dea\u00f0 h\u00e9t \u00ed fyrstu Dalabygg\u00f0 og kom a\u00f0eins \u00fat einu sinni \u00e1 \u00e1ri. Nafninu var s\u00ed\u00f0an breytt \u00ed Dalam\u00f3t \u00feegar 6 hreppar \u00ed Dalas\u00fdslu sameinu\u00f0ust undir sama nafni. \u00dea\u00f0 var prenta\u00f0 \u00ed Dalprenti og kom \u00fat til \u00e1rsins 2000, en \u00fe\u00e1 lei\u00f0 prentsmi\u00f0jan undir lok og v\u00e9larnar voru seldar.<\/p>\n<p><strong>Prentun og \u00fatgefandi<\/strong>:<br \/>\nAldan, 1. \u00e1rg. 2. tbl. 1992. J\u00fan\u00ed, Dalprent, B\u00fa\u00f0ardal 1992.<\/p>\n","protected":false},"excerpt":{"rendered":"<p>Aldan 1. \u00e1rg. 2. tbl. 1992. Prentsmi\u00f0jan Dalprent t\u00f3k til starfa \u00ed B\u00fa\u00f0ardal \u00ed mars 1992. \u00dea\u00f0 var b\u00fainn a\u00f0 vera nokkur a\u00f0dragandi. Dalabla\u00f0i\u00f0 haf\u00f0i komi\u00f0 \u00fat fr\u00e1 1985 og var \u00der\u00fa\u00f0ur Kristj\u00e1nsd\u00f3ttir (1938-) sk\u00f3lastj\u00f3ri \u00ed B\u00fa\u00f0ardal a\u00f0alhvatama\u00f0ur a\u00f0 \u00fatkomu \u00feess. H\u00fan og Svala Valdimarsd\u00f3ttir, kona l\u00e6knisins \u00ed B\u00fa\u00f0ardal, fengu Ragnar Inga A\u00f0alsteinsson (1944-) kennara [&hellip;]<\/p>\n","protected":false},"featured_media":9712,"template":"","meta":{"slim_seo":{"title":"Aldan - KindArt","description":"Aldan 1. \u00e1rg. 2. tbl. 1992. Prentsmi\u00f0jan Dalprent t\u00f3k til starfa \u00ed B\u00fa\u00f0ardal \u00ed mars 1992. \u00dea\u00f0 var b\u00fainn a\u00f0 vera nokkur a\u00f0dragandi. Dalabla\u00f0i\u00f0 haf\u00f0i komi\u00f0 \u00fat fr\u00e1"}},"product_brand":[],"product_cat":[83],"product_tag":[],"class_list":{"0":"post-9714","1":"product","2":"type-product","3":"status-publish","4":"has-post-thumbnail","6":"product_cat-books","7":"product_shipping_class-small-en","9":"first","10":"instock","11":"purchasable","12":"product-type-simple"},"_links":{"self":[{"href":"https:\/\/kindart.is\/en\/wp-json\/wp\/v2\/product\/9714","targetHints":{"allow":["GET"]}}],"collection":[{"href":"https:\/\/kindart.is\/en\/wp-json\/wp\/v2\/product"}],"about":[{"href":"https:\/\/kindart.is\/en\/wp-json\/wp\/v2\/types\/product"}],"wp:featuredmedia":[{"embeddable":true,"href":"https:\/\/kindart.is\/en\/wp-json\/wp\/v2\/media\/9712"}],"wp:attachment":[{"href":"https:\/\/kindart.is\/en\/wp-json\/wp\/v2\/media?parent=9714"}],"wp:term":[{"taxonomy":"product_brand","embeddable":true,"href":"https:\/\/kindart.is\/en\/wp-json\/wp\/v2\/product_brand?post=9714"},{"taxonomy":"product_cat","embeddable":true,"href":"https:\/\/kindart.is\/en\/wp-json\/wp\/v2\/product_cat?post=9714"},{"taxonomy":"product_tag","embeddable":true,"href":"https:\/\/kindart.is\/en\/wp-json\/wp\/v2\/product_tag?post=9714"}],"curies":[{"name":"wp","href":"https:\/\/api.w.org\/{rel}","templated":true}]}}