{"id":9732,"date":"2025-01-02T13:14:55","date_gmt":"2025-01-02T13:14:55","guid":{"rendered":"https:\/\/kindart.is\/vara\/bjorninn-ur-bjarmalandi\/"},"modified":"2025-01-02T13:14:55","modified_gmt":"2025-01-02T13:14:55","slug":"bjorninn-ur-bjarmalandi","status":"publish","type":"product","link":"https:\/\/kindart.is\/en\/vara\/bjorninn-ur-bjarmalandi\/","title":{"rendered":"Bj\u00f6rninn \u00far Bjarmalandi"},"content":{"rendered":"<p><strong>Bj\u00f6rninn \u00far Bjarmalandi<\/strong> eftir \u00deorstein \u00de. \u00deorsteinsson. T\u00f3lf sundurlausir \u00fe\u00e6ttir \u00far 25 \u00e1ra s\u00f6gu r\u00fassnesku frelsisbyltingarinnar og heimsm\u00e1lum \u00feeirra \u00e1ra og framt\u00ed\u00f0arhorfum eftir styrj\u00f6ld \u00feessara s\u00ed\u00f0ustu og verstu daga. B\u00f3kin er saumheft og sett \u00ed kartonk\u00e1pu og skorin.St\u00e6r\u00f0: 22 X 15 cm og 184 bls.<\/p>\n<p><strong>\u00datg\u00e1fa og prentun<\/strong>:<br \/>\nJ. Th. Beck og \u00c1. Gu\u00f0johnsen. Winnipeg, Canada 1945. Prentun: Columbia Press.<\/p>\n","protected":false},"excerpt":{"rendered":"<p>Bj\u00f6rninn \u00far Bjarmalandi eftir \u00deorstein \u00de. \u00deorsteinsson. T\u00f3lf sundurlausir \u00fe\u00e6ttir \u00far 25 \u00e1ra s\u00f6gu r\u00fassnesku frelsisbyltingarinnar og heimsm\u00e1lum \u00feeirra \u00e1ra og framt\u00ed\u00f0arhorfum eftir styrj\u00f6ld \u00feessara s\u00ed\u00f0ustu og verstu daga. B\u00f3kin er saumheft og sett \u00ed kartonk\u00e1pu og skorin.St\u00e6r\u00f0: 22 X 15 cm og 184 bls. \u00datg\u00e1fa og prentun: J. Th. Beck og \u00c1. Gu\u00f0johnsen. Winnipeg, [&hellip;]<\/p>\n","protected":false},"featured_media":9728,"template":"","meta":{"slim_seo":{"title":"Bj\u00f6rninn \u00far Bjarmalandi - KindArt","description":"Bj\u00f6rninn \u00far Bjarmalandi eftir \u00deorstein \u00de. \u00deorsteinsson. T\u00f3lf sundurlausir \u00fe\u00e6ttir \u00far 25 \u00e1ra s\u00f6gu r\u00fassnesku frelsisbyltingarinnar og heimsm\u00e1lum \u00feeirra \u00e1ra og fram"}},"product_brand":[],"product_cat":[83],"product_tag":[],"class_list":{"0":"post-9732","1":"product","2":"type-product","3":"status-publish","4":"has-post-thumbnail","6":"product_cat-books","7":"product_shipping_class-small-en","9":"first","10":"outofstock","11":"purchasable","12":"product-type-simple"},"_links":{"self":[{"href":"https:\/\/kindart.is\/en\/wp-json\/wp\/v2\/product\/9732","targetHints":{"allow":["GET"]}}],"collection":[{"href":"https:\/\/kindart.is\/en\/wp-json\/wp\/v2\/product"}],"about":[{"href":"https:\/\/kindart.is\/en\/wp-json\/wp\/v2\/types\/product"}],"wp:featuredmedia":[{"embeddable":true,"href":"https:\/\/kindart.is\/en\/wp-json\/wp\/v2\/media\/9728"}],"wp:attachment":[{"href":"https:\/\/kindart.is\/en\/wp-json\/wp\/v2\/media?parent=9732"}],"wp:term":[{"taxonomy":"product_brand","embeddable":true,"href":"https:\/\/kindart.is\/en\/wp-json\/wp\/v2\/product_brand?post=9732"},{"taxonomy":"product_cat","embeddable":true,"href":"https:\/\/kindart.is\/en\/wp-json\/wp\/v2\/product_cat?post=9732"},{"taxonomy":"product_tag","embeddable":true,"href":"https:\/\/kindart.is\/en\/wp-json\/wp\/v2\/product_tag?post=9732"}],"curies":[{"name":"wp","href":"https:\/\/api.w.org\/{rel}","templated":true}]}}