{"id":9738,"date":"2025-01-02T13:22:53","date_gmt":"2025-01-02T13:22:53","guid":{"rendered":"https:\/\/kindart.is\/vara\/ljod-1947-1951-eftir-sigfus-dadason\/"},"modified":"2025-01-02T13:22:53","modified_gmt":"2025-01-02T13:22:53","slug":"ljod-1947-1951-eftir-sigfus-dadason","status":"publish","type":"product","link":"https:\/\/kindart.is\/en\/vara\/ljod-1947-1951-eftir-sigfus-dadason\/","title":{"rendered":"LJ\u00d3\u00d0 1947-1951 eftir Sigf\u00fas Da\u00f0ason"},"content":{"rendered":"<p><strong>LJ\u00d3\u00d0 1947-1951 eftir Sigf\u00fas Da\u00f0ason<\/strong>. Lj\u00f3\u00f0ab\u00f3kin er gefin \u00fat \u00ed 150 eint\u00f6kum, t\u00f6lusettum og \u00e1ritu\u00f0um af h\u00f6fundi. Sverrir Haraldsson teikna\u00f0i k\u00e1pu. \u00deetta eintak vir\u00f0ist samt ekki t\u00f6lusett og ekki \u00e1ritu\u00f0 af h\u00f6fundi, heldur \u00fatgefanda. \u00deetta er sem sagt eintak \u00fatgefanda.\u2028B\u00f3kin er saumheft og l\u00edmd \u00ed kartonk\u00e1pu. St\u00e6r\u00f0: 22.1 X 14.6 cm og 48 bls.<\/p>\n<p><strong>\u00datg\u00e1fa og prentun<\/strong>:<br \/>\nHeimskringla gaf \u00fat \u00ed Reykjav\u00edk 1951. Prentu\u00f0 \u00ed Prentsmi\u00f0junni H\u00f3lum.<\/p>\n","protected":false},"excerpt":{"rendered":"<p>LJ\u00d3\u00d0 1947-1951 eftir Sigf\u00fas Da\u00f0ason. Lj\u00f3\u00f0ab\u00f3kin er gefin \u00fat \u00ed 150 eint\u00f6kum, t\u00f6lusettum og \u00e1ritu\u00f0um af h\u00f6fundi. Sverrir Haraldsson teikna\u00f0i k\u00e1pu. \u00deetta eintak vir\u00f0ist samt ekki t\u00f6lusett og ekki \u00e1ritu\u00f0 af h\u00f6fundi, heldur \u00fatgefanda. \u00deetta er sem sagt eintak \u00fatgefanda.\u2028B\u00f3kin er saumheft og l\u00edmd \u00ed kartonk\u00e1pu. St\u00e6r\u00f0: 22.1 X 14.6 cm og 48 bls. \u00datg\u00e1fa [&hellip;]<\/p>\n","protected":false},"featured_media":9735,"template":"","meta":{"slim_seo":{"title":"LJ\u00d3\u00d0 1947-1951 eftir Sigf\u00fas Da\u00f0ason - KindArt","description":"LJ\u00d3\u00d0 1947-1951 eftir Sigf\u00fas Da\u00f0ason . Lj\u00f3\u00f0ab\u00f3kin er gefin \u00fat \u00ed 150 eint\u00f6kum, t\u00f6lusettum og \u00e1ritu\u00f0um af h\u00f6fundi. Sverrir Haraldsson teikna\u00f0i k\u00e1pu. \u00deetta eintak v"}},"product_brand":[],"product_cat":[83],"product_tag":[],"class_list":{"0":"post-9738","1":"product","2":"type-product","3":"status-publish","4":"has-post-thumbnail","6":"product_cat-books","7":"product_shipping_class-small-en","9":"first","10":"outofstock","11":"purchasable","12":"product-type-simple"},"_links":{"self":[{"href":"https:\/\/kindart.is\/en\/wp-json\/wp\/v2\/product\/9738","targetHints":{"allow":["GET"]}}],"collection":[{"href":"https:\/\/kindart.is\/en\/wp-json\/wp\/v2\/product"}],"about":[{"href":"https:\/\/kindart.is\/en\/wp-json\/wp\/v2\/types\/product"}],"wp:featuredmedia":[{"embeddable":true,"href":"https:\/\/kindart.is\/en\/wp-json\/wp\/v2\/media\/9735"}],"wp:attachment":[{"href":"https:\/\/kindart.is\/en\/wp-json\/wp\/v2\/media?parent=9738"}],"wp:term":[{"taxonomy":"product_brand","embeddable":true,"href":"https:\/\/kindart.is\/en\/wp-json\/wp\/v2\/product_brand?post=9738"},{"taxonomy":"product_cat","embeddable":true,"href":"https:\/\/kindart.is\/en\/wp-json\/wp\/v2\/product_cat?post=9738"},{"taxonomy":"product_tag","embeddable":true,"href":"https:\/\/kindart.is\/en\/wp-json\/wp\/v2\/product_tag?post=9738"}],"curies":[{"name":"wp","href":"https:\/\/api.w.org\/{rel}","templated":true}]}}