{"id":9751,"date":"2025-01-02T14:07:13","date_gmt":"2025-01-02T14:07:13","guid":{"rendered":"https:\/\/kindart.is\/vara\/lendur-elskhugans\/"},"modified":"2025-01-02T14:16:29","modified_gmt":"2025-01-02T14:16:29","slug":"lendur-elskhugans","status":"publish","type":"product","link":"https:\/\/kindart.is\/en\/vara\/lendur-elskhugans\/","title":{"rendered":"Lendur elskhugans"},"content":{"rendered":"<p><strong>Lendur elskhugans<\/strong> eftir Vigd\u00edsi Gr\u00edmsd\u00f3ttur. \u00d3r\u00edmu\u00f0 lj\u00f3\u00f0. \u00deessi b\u00f3k er af \u00f3venjulegri st\u00e6r\u00f0. H\u00fan er 24.5 X 13 cm og er \u00fev\u00ed h\u00e6rri en venjulegar b\u00e6kur og \u00e9g held h\u00fan s\u00e9 ekki heldur \u00ed st\u00e6r\u00f0inni Gullinsni\u00f0, en \u00fe\u00f3 svoldi\u00f0 \u00ed \u00fe\u00e1 \u00e1tt. B\u00f3kin er saumu\u00f0 og bundin \u00ed svartan taushirting, gyllt \u00e1 kj\u00f6l. me\u00f0 hl\u00edf\u00f0ark\u00e1pu og teikna\u00f0ri mynd \u00e1 eftir Berglindi Sigur\u00f0ard\u00f3ttur. Sama teikning er \u00e1 saurbl\u00f6\u00f0um. B\u00f3kin er tileinku\u00f0 systur h\u00f6fundar \u00d6nnu \u00der\u00fa\u00f0i.<\/p>\n<p><strong>\u00datg\u00e1fa og prentun<\/strong>:<br \/>\n\u00datgefandi: I\u00f0unn, Reykjav\u00edk 1991. Prentun: Prentb\u00e6r hf.<\/p>\n","protected":false},"excerpt":{"rendered":"<p>Lendur elskhugans eftir Vigd\u00edsi Gr\u00edmsd\u00f3ttur. \u00d3r\u00edmu\u00f0 lj\u00f3\u00f0. \u00deessi b\u00f3k er af \u00f3venjulegri st\u00e6r\u00f0. H\u00fan er 24.5 X 13 cm og er \u00fev\u00ed h\u00e6rri en venjulegar b\u00e6kur og \u00e9g held h\u00fan s\u00e9 ekki heldur \u00ed st\u00e6r\u00f0inni Gullinsni\u00f0, en \u00fe\u00f3 svoldi\u00f0 \u00ed \u00fe\u00e1 \u00e1tt. B\u00f3kin er saumu\u00f0 og bundin \u00ed svartan taushirting, gyllt \u00e1 kj\u00f6l. me\u00f0 hl\u00edf\u00f0ark\u00e1pu [&hellip;]<\/p>\n","protected":false},"featured_media":9741,"template":"","meta":{"slim_seo":{"title":"Lendur elskhugans - KindArt","description":"Lendur elskhugans eftir Vigd\u00edsi Gr\u00edmsd\u00f3ttur. \u00d3r\u00edmu\u00f0 lj\u00f3\u00f0. \u00deessi b\u00f3k er af \u00f3venjulegri st\u00e6r\u00f0. H\u00fan er 24.5 X 13 cm og er \u00fev\u00ed h\u00e6rri en venjulegar b\u00e6kur og \u00e9g held"}},"product_brand":[],"product_cat":[83],"product_tag":[],"class_list":{"0":"post-9751","1":"product","2":"type-product","3":"status-publish","4":"has-post-thumbnail","6":"product_cat-books","7":"product_shipping_class-small-en","9":"first","10":"instock","11":"purchasable","12":"product-type-simple"},"_links":{"self":[{"href":"https:\/\/kindart.is\/en\/wp-json\/wp\/v2\/product\/9751","targetHints":{"allow":["GET"]}}],"collection":[{"href":"https:\/\/kindart.is\/en\/wp-json\/wp\/v2\/product"}],"about":[{"href":"https:\/\/kindart.is\/en\/wp-json\/wp\/v2\/types\/product"}],"wp:featuredmedia":[{"embeddable":true,"href":"https:\/\/kindart.is\/en\/wp-json\/wp\/v2\/media\/9741"}],"wp:attachment":[{"href":"https:\/\/kindart.is\/en\/wp-json\/wp\/v2\/media?parent=9751"}],"wp:term":[{"taxonomy":"product_brand","embeddable":true,"href":"https:\/\/kindart.is\/en\/wp-json\/wp\/v2\/product_brand?post=9751"},{"taxonomy":"product_cat","embeddable":true,"href":"https:\/\/kindart.is\/en\/wp-json\/wp\/v2\/product_cat?post=9751"},{"taxonomy":"product_tag","embeddable":true,"href":"https:\/\/kindart.is\/en\/wp-json\/wp\/v2\/product_tag?post=9751"}],"curies":[{"name":"wp","href":"https:\/\/api.w.org\/{rel}","templated":true}]}}