{"id":9760,"date":"2025-01-03T18:40:29","date_gmt":"2025-01-03T18:40:29","guid":{"rendered":"https:\/\/kindart.is\/vara\/vikuritid-og-sogusafnid\/"},"modified":"2025-01-03T18:48:55","modified_gmt":"2025-01-03T18:48:55","slug":"vikuritid-og-sogusafnid","status":"publish","type":"product","link":"https:\/\/kindart.is\/en\/vara\/vikuritid-og-sogusafnid\/","title":{"rendered":"Vikuriti\u00f0 og s\u00f6gusafni\u00f0"},"content":{"rendered":"<p><strong>Vikuriti\u00f0 og s\u00f6gusafni\u00f0<\/strong>. Fyrirskipun kard\u00edn\u00e1lans sk\u00e1ldsaga eftir Stanley J. Weyman.<br \/>\n\u00d3keypis fylgirit til fastra kaupenda Vikuritsins. Framhaldss\u00f6gur sem koma \u00fat vikulega. Heftin eru bundin inn \u00ed eina b\u00f3k, svart rex\u00ednband kj\u00f6l og horn me\u00f0 gr\u00e1um spjaldapapp\u00edr. St\u00e6r\u00f0: 19 X 12.2 cm og 2.6 cm \u00feykk.<\/p>\n<p><strong>\u00datg\u00e1fa og prentun<\/strong>:<br \/>\nVikuriti\u00f0 &#8211; Reykjav\u00edk &#8211; 1935-36. Prentun: Prentsmi\u00f0jan Vi\u00f0ey T\u00fang. 5 Reykjav\u00edk.<\/p>\n","protected":false},"excerpt":{"rendered":"<p>Vikuriti\u00f0 og s\u00f6gusafni\u00f0. Fyrirskipun kard\u00edn\u00e1lans sk\u00e1ldsaga eftir Stanley J. Weyman. \u00d3keypis fylgirit til fastra kaupenda Vikuritsins. Framhaldss\u00f6gur sem koma \u00fat vikulega. Heftin eru bundin inn \u00ed eina b\u00f3k, svart rex\u00ednband kj\u00f6l og horn me\u00f0 gr\u00e1um spjaldapapp\u00edr. St\u00e6r\u00f0: 19 X 12.2 cm og 2.6 cm \u00feykk. \u00datg\u00e1fa og prentun: Vikuriti\u00f0 &#8211; Reykjav\u00edk &#8211; 1935-36. Prentun: Prentsmi\u00f0jan [&hellip;]<\/p>\n","protected":false},"featured_media":9757,"template":"","meta":{"slim_seo":{"title":"Vikuriti\u00f0 og s\u00f6gusafni\u00f0 - KindArt","description":"Vikuriti\u00f0 og s\u00f6gusafni\u00f0 . Fyrirskipun kard\u00edn\u00e1lans sk\u00e1ldsaga eftir Stanley J. Weyman. \u00d3keypis fylgirit til fastra kaupenda Vikuritsins. Framhaldss\u00f6gur sem koma \u00fa"}},"product_brand":[],"product_cat":[83],"product_tag":[],"class_list":{"0":"post-9760","1":"product","2":"type-product","3":"status-publish","4":"has-post-thumbnail","6":"product_cat-books","7":"product_shipping_class-small-en","9":"first","10":"instock","11":"purchasable","12":"product-type-simple"},"_links":{"self":[{"href":"https:\/\/kindart.is\/en\/wp-json\/wp\/v2\/product\/9760","targetHints":{"allow":["GET"]}}],"collection":[{"href":"https:\/\/kindart.is\/en\/wp-json\/wp\/v2\/product"}],"about":[{"href":"https:\/\/kindart.is\/en\/wp-json\/wp\/v2\/types\/product"}],"wp:featuredmedia":[{"embeddable":true,"href":"https:\/\/kindart.is\/en\/wp-json\/wp\/v2\/media\/9757"}],"wp:attachment":[{"href":"https:\/\/kindart.is\/en\/wp-json\/wp\/v2\/media?parent=9760"}],"wp:term":[{"taxonomy":"product_brand","embeddable":true,"href":"https:\/\/kindart.is\/en\/wp-json\/wp\/v2\/product_brand?post=9760"},{"taxonomy":"product_cat","embeddable":true,"href":"https:\/\/kindart.is\/en\/wp-json\/wp\/v2\/product_cat?post=9760"},{"taxonomy":"product_tag","embeddable":true,"href":"https:\/\/kindart.is\/en\/wp-json\/wp\/v2\/product_tag?post=9760"}],"curies":[{"name":"wp","href":"https:\/\/api.w.org\/{rel}","templated":true}]}}