{"id":9768,"date":"2025-01-03T18:53:51","date_gmt":"2025-01-03T18:53:51","guid":{"rendered":"https:\/\/kindart.is\/vara\/neckermans\/"},"modified":"2025-01-03T18:56:24","modified_gmt":"2025-01-03T18:56:24","slug":"neckermans","status":"publish","type":"product","link":"https:\/\/kindart.is\/en\/vara\/neckermans\/","title":{"rendered":"Neckermans"},"content":{"rendered":"<p><strong>Neckermans<\/strong>, rauns\u00e6issk\u00e1ldsaga eftir Helle Hellberg. B\u00f3kin er saumu\u00f0 og l\u00edmborin \u00ed k\u00e1pu. St\u00e6r\u00f0: 19.2 X 13.5 cm. og 198 bls. Teikning \u00e1 k\u00e1pu. B\u00f3kin er \u00e1ritu\u00f0 \u00e1 fremstu s\u00ed\u00f0u<br \/>\ntil J\u00f3hannesar \u00far K\u00f6tlum af h\u00f6fundi.<\/p>\n<p><strong>\u00datg\u00e1fa og prentun<\/strong>:<br \/>\nS\u00f6derstr\u00f6m &amp; Co: F\u00f6rlagsaktigebolag Helsingfors 1944. Prentun: Tidnings A.B. Nylands Tryckeri.<\/p>\n","protected":false},"excerpt":{"rendered":"<p>Neckermans, rauns\u00e6issk\u00e1ldsaga eftir Helle Hellberg. B\u00f3kin er saumu\u00f0 og l\u00edmborin \u00ed k\u00e1pu. St\u00e6r\u00f0: 19.2 X 13.5 cm. og 198 bls. Teikning \u00e1 k\u00e1pu. B\u00f3kin er \u00e1ritu\u00f0 \u00e1 fremstu s\u00ed\u00f0u til J\u00f3hannesar \u00far K\u00f6tlum af h\u00f6fundi. \u00datg\u00e1fa og prentun: S\u00f6derstr\u00f6m &amp; Co: F\u00f6rlagsaktigebolag Helsingfors 1944. Prentun: Tidnings A.B. Nylands Tryckeri.<\/p>\n","protected":false},"featured_media":9763,"template":"","meta":{"slim_seo":{"title":"Neckermans - KindArt","description":"Neckermans , rauns\u00e6issk\u00e1ldsaga eftir Helle Hellberg. B\u00f3kin er saumu\u00f0 og l\u00edmborin \u00ed k\u00e1pu. St\u00e6r\u00f0: 19.2 X 13.5 cm. og 198 bls. Teikning \u00e1 k\u00e1pu. B\u00f3kin er \u00e1ritu\u00f0 \u00e1 f"}},"product_brand":[],"product_cat":[83],"product_tag":[],"class_list":{"0":"post-9768","1":"product","2":"type-product","3":"status-publish","4":"has-post-thumbnail","6":"product_cat-books","7":"product_shipping_class-small-en","9":"first","10":"instock","11":"purchasable","12":"product-type-simple"},"_links":{"self":[{"href":"https:\/\/kindart.is\/en\/wp-json\/wp\/v2\/product\/9768","targetHints":{"allow":["GET"]}}],"collection":[{"href":"https:\/\/kindart.is\/en\/wp-json\/wp\/v2\/product"}],"about":[{"href":"https:\/\/kindart.is\/en\/wp-json\/wp\/v2\/types\/product"}],"wp:featuredmedia":[{"embeddable":true,"href":"https:\/\/kindart.is\/en\/wp-json\/wp\/v2\/media\/9763"}],"wp:attachment":[{"href":"https:\/\/kindart.is\/en\/wp-json\/wp\/v2\/media?parent=9768"}],"wp:term":[{"taxonomy":"product_brand","embeddable":true,"href":"https:\/\/kindart.is\/en\/wp-json\/wp\/v2\/product_brand?post=9768"},{"taxonomy":"product_cat","embeddable":true,"href":"https:\/\/kindart.is\/en\/wp-json\/wp\/v2\/product_cat?post=9768"},{"taxonomy":"product_tag","embeddable":true,"href":"https:\/\/kindart.is\/en\/wp-json\/wp\/v2\/product_tag?post=9768"}],"curies":[{"name":"wp","href":"https:\/\/api.w.org\/{rel}","templated":true}]}}