{"id":9776,"date":"2025-01-03T18:59:54","date_gmt":"2025-01-03T18:59:54","guid":{"rendered":"https:\/\/kindart.is\/vara\/septemberdagar\/"},"modified":"2025-01-03T19:03:54","modified_gmt":"2025-01-03T19:03:54","slug":"septemberdagar","status":"publish","type":"product","link":"https:\/\/kindart.is\/en\/vara\/septemberdagar\/","title":{"rendered":"Septemberdagar"},"content":{"rendered":"<p><strong>Septemberdagar<\/strong>, sm\u00e1s\u00f6gur eftir Einar Kristj\u00e1nsson. B\u00f3kin er saumu\u00f0 og heft \u00ed kartonk\u00e1pu, en hl\u00edf\u00f0ark\u00e1pa utan yfir. El\u00edsabet Geirmundsd\u00f3ttir ger\u00f0i teikningar. St\u00e6r\u00f0: 18.4 X 13 cm og 130 bls. B\u00f3kin er \u00e1ritu\u00f0 af h\u00f6fundi til J\u00f3hannesar \u00far K\u00f6tlum.<\/p>\n<p><strong>\u00datg\u00e1fa og prentun<\/strong>:<br \/>\n\u00datgefanda ekki geti\u00f0 en s\u00f6luumbo\u00f0 haf\u00f0i P\u00e1lmi H. J\u00f3nsson, Akureyri 1952. Prentun: Prentverk Odds Bj\u00f6rnssonar.<\/p>\n","protected":false},"excerpt":{"rendered":"<p>Septemberdagar, sm\u00e1s\u00f6gur eftir Einar Kristj\u00e1nsson. B\u00f3kin er saumu\u00f0 og heft \u00ed kartonk\u00e1pu, en hl\u00edf\u00f0ark\u00e1pa utan yfir. El\u00edsabet Geirmundsd\u00f3ttir ger\u00f0i teikningar. St\u00e6r\u00f0: 18.4 X 13 cm og 130 bls. B\u00f3kin er \u00e1ritu\u00f0 af h\u00f6fundi til J\u00f3hannesar \u00far K\u00f6tlum. \u00datg\u00e1fa og prentun: \u00datgefanda ekki geti\u00f0 en s\u00f6luumbo\u00f0 haf\u00f0i P\u00e1lmi H. J\u00f3nsson, Akureyri 1952. Prentun: Prentverk Odds Bj\u00f6rnssonar.<\/p>\n","protected":false},"featured_media":9771,"template":"","meta":{"slim_seo":{"title":"Septemberdagar - KindArt","description":"Septemberdagar , sm\u00e1s\u00f6gur eftir Einar Kristj\u00e1nsson. B\u00f3kin er saumu\u00f0 og heft \u00ed kartonk\u00e1pu, en hl\u00edf\u00f0ark\u00e1pa utan yfir. El\u00edsabet Geirmundsd\u00f3ttir ger\u00f0i teikningar. S"}},"product_brand":[],"product_cat":[83],"product_tag":[],"class_list":{"0":"post-9776","1":"product","2":"type-product","3":"status-publish","4":"has-post-thumbnail","6":"product_cat-books","7":"product_shipping_class-small-en","9":"first","10":"outofstock","11":"purchasable","12":"product-type-simple"},"_links":{"self":[{"href":"https:\/\/kindart.is\/en\/wp-json\/wp\/v2\/product\/9776","targetHints":{"allow":["GET"]}}],"collection":[{"href":"https:\/\/kindart.is\/en\/wp-json\/wp\/v2\/product"}],"about":[{"href":"https:\/\/kindart.is\/en\/wp-json\/wp\/v2\/types\/product"}],"wp:featuredmedia":[{"embeddable":true,"href":"https:\/\/kindart.is\/en\/wp-json\/wp\/v2\/media\/9771"}],"wp:attachment":[{"href":"https:\/\/kindart.is\/en\/wp-json\/wp\/v2\/media?parent=9776"}],"wp:term":[{"taxonomy":"product_brand","embeddable":true,"href":"https:\/\/kindart.is\/en\/wp-json\/wp\/v2\/product_brand?post=9776"},{"taxonomy":"product_cat","embeddable":true,"href":"https:\/\/kindart.is\/en\/wp-json\/wp\/v2\/product_cat?post=9776"},{"taxonomy":"product_tag","embeddable":true,"href":"https:\/\/kindart.is\/en\/wp-json\/wp\/v2\/product_tag?post=9776"}],"curies":[{"name":"wp","href":"https:\/\/api.w.org\/{rel}","templated":true}]}}