{"id":9786,"date":"2025-01-04T22:01:58","date_gmt":"2025-01-04T22:01:58","guid":{"rendered":"https:\/\/kindart.is\/vara\/klukkan-i-turninum\/"},"modified":"2025-01-04T22:01:58","modified_gmt":"2025-01-04T22:01:58","slug":"klukkan-i-turninum","status":"publish","type":"product","link":"https:\/\/kindart.is\/en\/vara\/klukkan-i-turninum\/","title":{"rendered":"Klukkan \u00ed turninum"},"content":{"rendered":"<p><strong>Klukkan \u00ed turninum<\/strong>. Lj\u00f3\u00f0ab\u00f3k eftir Vilborgu Dagbjartsd\u00f3ttur.\u00deetta er falleg b\u00f3k, \u00ed Gullinsni\u00f0i e\u00f0a n\u00e6stum \u00fev\u00ed. St\u00e6r\u00f0: 21 X 12.8 cm og um 60 bls. B\u00f3kin er saumu\u00f0 og sett \u00ed kartonk\u00e1pu me\u00f0 innanbrotum. Mynd af h\u00f6fundi \u00e1 innanbroti a\u00f0 framan. Valgar\u00f0ur Gunnarsson m\u00e1la\u00f0i mynd \u00e1 k\u00e1pu.<\/p>\n<p><strong>\u00datg\u00e1fa og prentun<\/strong>:<br \/>\n\u00datgefandi: Forlagi\u00f0 Reykjav\u00edk 1992. Prentun: Prentsmi\u00f0jan Oddi.<\/p>\n","protected":false},"excerpt":{"rendered":"<p>Klukkan \u00ed turninum. Lj\u00f3\u00f0ab\u00f3k eftir Vilborgu Dagbjartsd\u00f3ttur.\u00deetta er falleg b\u00f3k, \u00ed Gullinsni\u00f0i e\u00f0a n\u00e6stum \u00fev\u00ed. St\u00e6r\u00f0: 21 X 12.8 cm og um 60 bls. B\u00f3kin er saumu\u00f0 og sett \u00ed kartonk\u00e1pu me\u00f0 innanbrotum. Mynd af h\u00f6fundi \u00e1 innanbroti a\u00f0 framan. Valgar\u00f0ur Gunnarsson m\u00e1la\u00f0i mynd \u00e1 k\u00e1pu. \u00datg\u00e1fa og prentun: \u00datgefandi: Forlagi\u00f0 Reykjav\u00edk 1992. Prentun: Prentsmi\u00f0jan [&hellip;]<\/p>\n","protected":false},"featured_media":0,"template":"","meta":{"slim_seo":{"title":"Klukkan \u00ed turninum - KindArt","description":"Klukkan \u00ed turninum . Lj\u00f3\u00f0ab\u00f3k eftir Vilborgu Dagbjartsd\u00f3ttur.\u00deetta er falleg b\u00f3k, \u00ed Gullinsni\u00f0i e\u00f0a n\u00e6stum \u00fev\u00ed. St\u00e6r\u00f0: 21 X 12.8 cm og um 60 bls. B\u00f3kin er saumu"}},"product_brand":[],"product_cat":[],"product_tag":[],"class_list":{"0":"post-9786","1":"product","2":"type-product","3":"status-publish","6":"first","7":"instock","8":"taxable","9":"shipping-taxable","10":"product-type-simple"},"_links":{"self":[{"href":"https:\/\/kindart.is\/en\/wp-json\/wp\/v2\/product\/9786","targetHints":{"allow":["GET"]}}],"collection":[{"href":"https:\/\/kindart.is\/en\/wp-json\/wp\/v2\/product"}],"about":[{"href":"https:\/\/kindart.is\/en\/wp-json\/wp\/v2\/types\/product"}],"wp:attachment":[{"href":"https:\/\/kindart.is\/en\/wp-json\/wp\/v2\/media?parent=9786"}],"wp:term":[{"taxonomy":"product_brand","embeddable":true,"href":"https:\/\/kindart.is\/en\/wp-json\/wp\/v2\/product_brand?post=9786"},{"taxonomy":"product_cat","embeddable":true,"href":"https:\/\/kindart.is\/en\/wp-json\/wp\/v2\/product_cat?post=9786"},{"taxonomy":"product_tag","embeddable":true,"href":"https:\/\/kindart.is\/en\/wp-json\/wp\/v2\/product_tag?post=9786"}],"curies":[{"name":"wp","href":"https:\/\/api.w.org\/{rel}","templated":true}]}}