{"id":9798,"date":"2025-01-05T12:31:59","date_gmt":"2025-01-05T12:31:59","guid":{"rendered":"https:\/\/kindart.is\/vara\/thrilaekir\/"},"modified":"2025-01-05T12:31:59","modified_gmt":"2025-01-05T12:31:59","slug":"thrilaekir","status":"publish","type":"product","link":"https:\/\/kindart.is\/en\/vara\/thrilaekir\/","title":{"rendered":"\u00der\u00edl\u00e6kir"},"content":{"rendered":"<p><strong>\u00der\u00edl\u00e6kir<\/strong>, Lj\u00f3\u00f0ab\u00f3k eftir Kristj\u00e1n fr\u00e1 Dj\u00fapal\u00e6k. B\u00f3kin er bundin \u00ed shirtingsband me\u00f0 litfeldi \u00e1 kili og gyllt. Hl\u00edf\u00f0ark\u00e1pa fylgir me\u00f0 innl\u00edmd framan og aftan. St\u00e6r\u00f0: 21.7 X 13.8 cm og 88 bls.<\/p>\n<p><strong>\u00datg\u00e1fa og prentun<\/strong>:<br \/>\n\u00datgefandi: B\u00f3kaforlag Odds Bj\u00f6rnssonar 1972. Akureyri. Prentun: Prentverk Odds Bj\u00f6rnssonar Akureyri.<\/p>\n","protected":false},"excerpt":{"rendered":"<p>\u00der\u00edl\u00e6kir, Lj\u00f3\u00f0ab\u00f3k eftir Kristj\u00e1n fr\u00e1 Dj\u00fapal\u00e6k. B\u00f3kin er bundin \u00ed shirtingsband me\u00f0 litfeldi \u00e1 kili og gyllt. Hl\u00edf\u00f0ark\u00e1pa fylgir me\u00f0 innl\u00edmd framan og aftan. St\u00e6r\u00f0: 21.7 X 13.8 cm og 88 bls. \u00datg\u00e1fa og prentun: \u00datgefandi: B\u00f3kaforlag Odds Bj\u00f6rnssonar 1972. Akureyri. Prentun: Prentverk Odds Bj\u00f6rnssonar Akureyri.<\/p>\n","protected":false},"featured_media":9790,"template":"","meta":{"slim_seo":{"title":"\u00der\u00edl\u00e6kir - KindArt","description":"\u00der\u00edl\u00e6kir , Lj\u00f3\u00f0ab\u00f3k eftir Kristj\u00e1n fr\u00e1 Dj\u00fapal\u00e6k. B\u00f3kin er bundin \u00ed shirtingsband me\u00f0 litfeldi \u00e1 kili og gyllt. Hl\u00edf\u00f0ark\u00e1pa fylgir me\u00f0 innl\u00edmd framan og aftan. S"}},"product_brand":[],"product_cat":[83],"product_tag":[],"class_list":{"0":"post-9798","1":"product","2":"type-product","3":"status-publish","4":"has-post-thumbnail","6":"product_cat-books","7":"product_shipping_class-small-en","9":"first","10":"instock","11":"purchasable","12":"product-type-simple"},"_links":{"self":[{"href":"https:\/\/kindart.is\/en\/wp-json\/wp\/v2\/product\/9798","targetHints":{"allow":["GET"]}}],"collection":[{"href":"https:\/\/kindart.is\/en\/wp-json\/wp\/v2\/product"}],"about":[{"href":"https:\/\/kindart.is\/en\/wp-json\/wp\/v2\/types\/product"}],"wp:featuredmedia":[{"embeddable":true,"href":"https:\/\/kindart.is\/en\/wp-json\/wp\/v2\/media\/9790"}],"wp:attachment":[{"href":"https:\/\/kindart.is\/en\/wp-json\/wp\/v2\/media?parent=9798"}],"wp:term":[{"taxonomy":"product_brand","embeddable":true,"href":"https:\/\/kindart.is\/en\/wp-json\/wp\/v2\/product_brand?post=9798"},{"taxonomy":"product_cat","embeddable":true,"href":"https:\/\/kindart.is\/en\/wp-json\/wp\/v2\/product_cat?post=9798"},{"taxonomy":"product_tag","embeddable":true,"href":"https:\/\/kindart.is\/en\/wp-json\/wp\/v2\/product_tag?post=9798"}],"curies":[{"name":"wp","href":"https:\/\/api.w.org\/{rel}","templated":true}]}}