{"id":9806,"date":"2025-01-05T13:04:12","date_gmt":"2025-01-05T13:04:12","guid":{"rendered":"https:\/\/kindart.is\/vara\/astin-ein-taugahruga-enginn-dans-vid-ufsaklett\/"},"modified":"2025-01-05T13:07:47","modified_gmt":"2025-01-05T13:07:47","slug":"astin-ein-taugahruga-enginn-dans-vid-ufsaklett","status":"publish","type":"product","link":"https:\/\/kindart.is\/en\/vara\/astin-ein-taugahruga-enginn-dans-vid-ufsaklett\/","title":{"rendered":"\u00c1stin ein taugahr\u00faga, Enginn dans vi\u00f0 Ufsaklett"},"content":{"rendered":"<p><strong>\u00c1stin ein taugahr\u00faga, Enginn dans vi\u00f0 Ufsaklett<\/strong>. Lj\u00f3\u00f0 eftir El\u00edasbetu Krist\u00ednu J\u00f6kulsd\u00f3ttur. L\u00fdsing \u00e1 \u00e1stars\u00f6gu. B\u00f3kin er saumu\u00f0, l\u00edmborin og sett \u00ed kartonk\u00e1pu me\u00f0 innafbrotum og teikningum eftir E\u00edsabetu. St\u00e6r\u00f0: 21 X 14.2 cm og 88 bls.<br \/>\nTeikningar \u00ed b\u00f3kinni eru eftir El\u00edsabetu Krist\u00ednu J\u00f6kulsd\u00f3ttur.<\/p>\n<p><strong>\u00datg\u00e1fa og prentun<\/strong>:<br \/>\nViti menn 2014. Reykjav\u00edk. Prentun: Prentsmi\u00f0ja Gu\u00f0j\u00f3n\u00d3.<\/p>\n","protected":false},"excerpt":{"rendered":"<p>\u00c1stin ein taugahr\u00faga, Enginn dans vi\u00f0 Ufsaklett. Lj\u00f3\u00f0 eftir El\u00edasbetu Krist\u00ednu J\u00f6kulsd\u00f3ttur. L\u00fdsing \u00e1 \u00e1stars\u00f6gu. B\u00f3kin er saumu\u00f0, l\u00edmborin og sett \u00ed kartonk\u00e1pu me\u00f0 innafbrotum og teikningum eftir E\u00edsabetu. St\u00e6r\u00f0: 21 X 14.2 cm og 88 bls. Teikningar \u00ed b\u00f3kinni eru eftir El\u00edsabetu Krist\u00ednu J\u00f6kulsd\u00f3ttur. \u00datg\u00e1fa og prentun: Viti menn 2014. Reykjav\u00edk. Prentun: Prentsmi\u00f0ja Gu\u00f0j\u00f3n\u00d3.<\/p>\n","protected":false},"featured_media":9801,"template":"","meta":{"slim_seo":{"title":"\u00c1stin ein taugahr\u00faga, Enginn dans vi\u00f0 Ufsaklett - KindArt","description":"\u00c1stin ein taugahr\u00faga, Enginn dans vi\u00f0 Ufsaklett . Lj\u00f3\u00f0 eftir El\u00edasbetu Krist\u00ednu J\u00f6kulsd\u00f3ttur. L\u00fdsing \u00e1 \u00e1stars\u00f6gu. B\u00f3kin er saumu\u00f0, l\u00edmborin og sett \u00ed kartonk\u00e1pu"}},"product_brand":[],"product_cat":[83],"product_tag":[],"class_list":{"0":"post-9806","1":"product","2":"type-product","3":"status-publish","4":"has-post-thumbnail","6":"product_cat-books","7":"product_shipping_class-small-en","9":"first","10":"instock","11":"purchasable","12":"product-type-simple"},"_links":{"self":[{"href":"https:\/\/kindart.is\/en\/wp-json\/wp\/v2\/product\/9806","targetHints":{"allow":["GET"]}}],"collection":[{"href":"https:\/\/kindart.is\/en\/wp-json\/wp\/v2\/product"}],"about":[{"href":"https:\/\/kindart.is\/en\/wp-json\/wp\/v2\/types\/product"}],"wp:featuredmedia":[{"embeddable":true,"href":"https:\/\/kindart.is\/en\/wp-json\/wp\/v2\/media\/9801"}],"wp:attachment":[{"href":"https:\/\/kindart.is\/en\/wp-json\/wp\/v2\/media?parent=9806"}],"wp:term":[{"taxonomy":"product_brand","embeddable":true,"href":"https:\/\/kindart.is\/en\/wp-json\/wp\/v2\/product_brand?post=9806"},{"taxonomy":"product_cat","embeddable":true,"href":"https:\/\/kindart.is\/en\/wp-json\/wp\/v2\/product_cat?post=9806"},{"taxonomy":"product_tag","embeddable":true,"href":"https:\/\/kindart.is\/en\/wp-json\/wp\/v2\/product_tag?post=9806"}],"curies":[{"name":"wp","href":"https:\/\/api.w.org\/{rel}","templated":true}]}}