{"id":9812,"date":"2025-01-06T13:05:59","date_gmt":"2025-01-06T13:05:59","guid":{"rendered":"https:\/\/kindart.is\/vara\/thad-gefur-a-batinn\/"},"modified":"2025-01-06T13:05:59","modified_gmt":"2025-01-06T13:05:59","slug":"thad-gefur-a-batinn","status":"publish","type":"product","link":"https:\/\/kindart.is\/en\/vara\/thad-gefur-a-batinn\/","title":{"rendered":"\u00dea\u00f0 gefur \u00e1 b\u00e1tinn"},"content":{"rendered":"<p><strong>\u00dea\u00f0 gefur \u00e1 b\u00e1tinn<\/strong>. Textar Kristj\u00e1ns fr\u00e1 Dj\u00fapal\u00e6k. \u00deetta eru danslagatextar sem Kristj\u00e1n ger\u00f0i um mi\u00f0ja 20. \u00f6ldina \u00feegar bandar\u00edski herinn var h\u00e9r \u00e1 landi. St\u00e6r\u00f0: 18.3 X 12.7 cm og 48 bls.<\/p>\n<p><strong>\u00datg\u00e1fa og prentun<\/strong>:<br \/>\nHeimskringla Reykjav\u00edk 1957. Prentun: Prentsmi\u00f0jan H\u00f3lar.<\/p>\n","protected":false},"excerpt":{"rendered":"<p>\u00dea\u00f0 gefur \u00e1 b\u00e1tinn. Textar Kristj\u00e1ns fr\u00e1 Dj\u00fapal\u00e6k. \u00deetta eru danslagatextar sem Kristj\u00e1n ger\u00f0i um mi\u00f0ja 20. \u00f6ldina \u00feegar bandar\u00edski herinn var h\u00e9r \u00e1 landi. St\u00e6r\u00f0: 18.3 X 12.7 cm og 48 bls. \u00datg\u00e1fa og prentun: Heimskringla Reykjav\u00edk 1957. Prentun: Prentsmi\u00f0jan H\u00f3lar.<\/p>\n","protected":false},"featured_media":9809,"template":"","meta":{"slim_seo":{"title":"\u00dea\u00f0 gefur \u00e1 b\u00e1tinn - KindArt","description":"\u00dea\u00f0 gefur \u00e1 b\u00e1tinn . Textar Kristj\u00e1ns fr\u00e1 Dj\u00fapal\u00e6k. \u00deetta eru danslagatextar sem Kristj\u00e1n ger\u00f0i um mi\u00f0ja 20. \u00f6ldina \u00feegar bandar\u00edski herinn var h\u00e9r \u00e1 landi. St\u00e6"}},"product_brand":[],"product_cat":[83],"product_tag":[],"class_list":{"0":"post-9812","1":"product","2":"type-product","3":"status-publish","4":"has-post-thumbnail","6":"product_cat-books","7":"product_shipping_class-small-en","9":"first","10":"instock","11":"purchasable","12":"product-type-simple"},"_links":{"self":[{"href":"https:\/\/kindart.is\/en\/wp-json\/wp\/v2\/product\/9812","targetHints":{"allow":["GET"]}}],"collection":[{"href":"https:\/\/kindart.is\/en\/wp-json\/wp\/v2\/product"}],"about":[{"href":"https:\/\/kindart.is\/en\/wp-json\/wp\/v2\/types\/product"}],"wp:featuredmedia":[{"embeddable":true,"href":"https:\/\/kindart.is\/en\/wp-json\/wp\/v2\/media\/9809"}],"wp:attachment":[{"href":"https:\/\/kindart.is\/en\/wp-json\/wp\/v2\/media?parent=9812"}],"wp:term":[{"taxonomy":"product_brand","embeddable":true,"href":"https:\/\/kindart.is\/en\/wp-json\/wp\/v2\/product_brand?post=9812"},{"taxonomy":"product_cat","embeddable":true,"href":"https:\/\/kindart.is\/en\/wp-json\/wp\/v2\/product_cat?post=9812"},{"taxonomy":"product_tag","embeddable":true,"href":"https:\/\/kindart.is\/en\/wp-json\/wp\/v2\/product_tag?post=9812"}],"curies":[{"name":"wp","href":"https:\/\/api.w.org\/{rel}","templated":true}]}}