{"id":9820,"date":"2025-01-06T13:22:28","date_gmt":"2025-01-06T13:22:28","guid":{"rendered":"https:\/\/kindart.is\/vara\/lilje-og-sverd\/"},"modified":"2025-01-06T13:22:28","modified_gmt":"2025-01-06T13:22:28","slug":"lilje-og-sverd","status":"publish","type":"product","link":"https:\/\/kindart.is\/en\/vara\/lilje-og-sverd\/","title":{"rendered":"Lilje og Sverd"},"content":{"rendered":"<p><strong>Lilje og Sverd<\/strong>, Lj\u00f3\u00f0 eftir Ivar Orgland. B\u00f3kin er saumu\u00f0 og l\u00edmd \u00ed kartonk\u00e1pu. K\u00e1pan er teiknu\u00f0 af Erik Engebretsen. St\u00e6r\u00f0: 20 X 13.8 cm og 55 bls. \u00c1ritu\u00f0 af h\u00f6fundi til J\u00f3hannesar \u00far K\u00f6tlum.<\/p>\n<p><strong>\u00datg\u00e1fa og prentun<\/strong>:<br \/>\nGyldendal Norsk Forlag Oslo 1950. Prentun: Norway Centrasltrykkeriet Oslo.<\/p>\n","protected":false},"excerpt":{"rendered":"<p>Lilje og Sverd, Lj\u00f3\u00f0 eftir Ivar Orgland. B\u00f3kin er saumu\u00f0 og l\u00edmd \u00ed kartonk\u00e1pu. K\u00e1pan er teiknu\u00f0 af Erik Engebretsen. St\u00e6r\u00f0: 20 X 13.8 cm og 55 bls. \u00c1ritu\u00f0 af h\u00f6fundi til J\u00f3hannesar \u00far K\u00f6tlum. \u00datg\u00e1fa og prentun: Gyldendal Norsk Forlag Oslo 1950. Prentun: Norway Centrasltrykkeriet Oslo.<\/p>\n","protected":false},"featured_media":9815,"template":"","meta":{"slim_seo":{"title":"Lilje og Sverd - KindArt","description":"Lilje og Sverd , Lj\u00f3\u00f0 eftir Ivar Orgland. B\u00f3kin er saumu\u00f0 og l\u00edmd \u00ed kartonk\u00e1pu. K\u00e1pan er teiknu\u00f0 af Erik Engebretsen. St\u00e6r\u00f0: 20 X 13.8 cm og 55 bls. \u00c1ritu\u00f0 af h"}},"product_brand":[],"product_cat":[83],"product_tag":[],"class_list":{"0":"post-9820","1":"product","2":"type-product","3":"status-publish","4":"has-post-thumbnail","6":"product_cat-books","7":"product_shipping_class-small-en","9":"first","10":"instock","11":"purchasable","12":"product-type-simple"},"_links":{"self":[{"href":"https:\/\/kindart.is\/en\/wp-json\/wp\/v2\/product\/9820","targetHints":{"allow":["GET"]}}],"collection":[{"href":"https:\/\/kindart.is\/en\/wp-json\/wp\/v2\/product"}],"about":[{"href":"https:\/\/kindart.is\/en\/wp-json\/wp\/v2\/types\/product"}],"wp:featuredmedia":[{"embeddable":true,"href":"https:\/\/kindart.is\/en\/wp-json\/wp\/v2\/media\/9815"}],"wp:attachment":[{"href":"https:\/\/kindart.is\/en\/wp-json\/wp\/v2\/media?parent=9820"}],"wp:term":[{"taxonomy":"product_brand","embeddable":true,"href":"https:\/\/kindart.is\/en\/wp-json\/wp\/v2\/product_brand?post=9820"},{"taxonomy":"product_cat","embeddable":true,"href":"https:\/\/kindart.is\/en\/wp-json\/wp\/v2\/product_cat?post=9820"},{"taxonomy":"product_tag","embeddable":true,"href":"https:\/\/kindart.is\/en\/wp-json\/wp\/v2\/product_tag?post=9820"}],"curies":[{"name":"wp","href":"https:\/\/api.w.org\/{rel}","templated":true}]}}