{"id":9830,"date":"2025-01-06T13:30:58","date_gmt":"2025-01-06T13:30:58","guid":{"rendered":"https:\/\/kindart.is\/vara\/vid-brunninn\/"},"modified":"2025-01-06T13:38:37","modified_gmt":"2025-01-06T13:38:37","slug":"vid-brunninn","status":"publish","type":"product","link":"https:\/\/kindart.is\/en\/vara\/vid-brunninn\/","title":{"rendered":"Vi\u00f0 brunninn"},"content":{"rendered":"<p><strong>Vi\u00f0 brunninn<\/strong>, lj\u00f3\u00f0ab\u00f3k eftir Kristj\u00e1n fr\u00e1 Dj\u00fapal\u00e6k. B\u00f3kin er bundin \u00ed rautt rex\u00edn, \u00e1 kj\u00f6l og horn me\u00f0 spjaldapapp\u00edr og gyllt \u00e1 kj\u00f6l. St\u00e6r\u00f0: 18.9 X 12.4 cm og 101 bls.<\/p>\n<p><strong>\u00datg\u00e1fa og prentun<\/strong>:<br \/>\n\u00datgefandi: Prentsmi\u00f0jan Leiftur, Reykjav\u00edk 1960. Prentun: Prentsmi\u00f0jan Leiftur.<\/p>\n","protected":false},"excerpt":{"rendered":"<p>Vi\u00f0 brunninn, lj\u00f3\u00f0ab\u00f3k eftir Kristj\u00e1n fr\u00e1 Dj\u00fapal\u00e6k. B\u00f3kin er bundin \u00ed rautt rex\u00edn, \u00e1 kj\u00f6l og horn me\u00f0 spjaldapapp\u00edr og gyllt \u00e1 kj\u00f6l. St\u00e6r\u00f0: 18.9 X 12.4 cm og 101 bls. \u00datg\u00e1fa og prentun: \u00datgefandi: Prentsmi\u00f0jan Leiftur, Reykjav\u00edk 1960. Prentun: Prentsmi\u00f0jan Leiftur.<\/p>\n","protected":false},"featured_media":9824,"template":"","meta":{"slim_seo":{"title":"Vi\u00f0 brunninn - KindArt","description":"Vi\u00f0 brunninn , lj\u00f3\u00f0ab\u00f3k eftir Kristj\u00e1n fr\u00e1 Dj\u00fapal\u00e6k. B\u00f3kin er bundin \u00ed rautt rex\u00edn, \u00e1 kj\u00f6l og horn me\u00f0 spjaldapapp\u00edr og gyllt \u00e1 kj\u00f6l. St\u00e6r\u00f0: 18.9 X 12.4 cm og 1"}},"product_brand":[],"product_cat":[83],"product_tag":[],"class_list":{"0":"post-9830","1":"product","2":"type-product","3":"status-publish","4":"has-post-thumbnail","6":"product_cat-books","7":"product_shipping_class-small-en","9":"first","10":"instock","11":"purchasable","12":"product-type-simple"},"_links":{"self":[{"href":"https:\/\/kindart.is\/en\/wp-json\/wp\/v2\/product\/9830","targetHints":{"allow":["GET"]}}],"collection":[{"href":"https:\/\/kindart.is\/en\/wp-json\/wp\/v2\/product"}],"about":[{"href":"https:\/\/kindart.is\/en\/wp-json\/wp\/v2\/types\/product"}],"wp:featuredmedia":[{"embeddable":true,"href":"https:\/\/kindart.is\/en\/wp-json\/wp\/v2\/media\/9824"}],"wp:attachment":[{"href":"https:\/\/kindart.is\/en\/wp-json\/wp\/v2\/media?parent=9830"}],"wp:term":[{"taxonomy":"product_brand","embeddable":true,"href":"https:\/\/kindart.is\/en\/wp-json\/wp\/v2\/product_brand?post=9830"},{"taxonomy":"product_cat","embeddable":true,"href":"https:\/\/kindart.is\/en\/wp-json\/wp\/v2\/product_cat?post=9830"},{"taxonomy":"product_tag","embeddable":true,"href":"https:\/\/kindart.is\/en\/wp-json\/wp\/v2\/product_tag?post=9830"}],"curies":[{"name":"wp","href":"https:\/\/api.w.org\/{rel}","templated":true}]}}