{"id":9837,"date":"2025-01-07T12:21:48","date_gmt":"2025-01-07T12:21:48","guid":{"rendered":"https:\/\/kindart.is\/vara\/fjallaglod\/"},"modified":"2025-01-07T12:25:28","modified_gmt":"2025-01-07T12:25:28","slug":"fjallaglod","status":"publish","type":"product","link":"https:\/\/kindart.is\/en\/vara\/fjallaglod\/","title":{"rendered":"Fjallagl\u00f3\u00f0"},"content":{"rendered":"<p><strong>Fjallagl\u00f3\u00f0<\/strong>, Lj\u00f3\u00f0asafn eftir R\u00f3su B. Bl\u00f6ndals. B\u00f3kin er saumu\u00f0 og l\u00edmd \u00ed kartonk\u00e1pu. St\u00e6r\u00f0: 16.3 X 12.3 cm og 181 bls. \u00c1ritun til J\u00f3hannesar \u00far K\u00f6tlum.<\/p>\n<p><strong>\u00datg\u00e1fa og prentun<\/strong>:<br \/>\nHelgafell Reykjav\u00edk 1966. Prentun: V\u00edkingsprent.<\/p>\n","protected":false},"excerpt":{"rendered":"<p>Fjallagl\u00f3\u00f0, Lj\u00f3\u00f0asafn eftir R\u00f3su B. Bl\u00f6ndals. B\u00f3kin er saumu\u00f0 og l\u00edmd \u00ed kartonk\u00e1pu. St\u00e6r\u00f0: 16.3 X 12.3 cm og 181 bls. \u00c1ritun til J\u00f3hannesar \u00far K\u00f6tlum. \u00datg\u00e1fa og prentun: Helgafell Reykjav\u00edk 1966. Prentun: V\u00edkingsprent.<\/p>\n","protected":false},"featured_media":9834,"template":"","meta":{"slim_seo":{"title":"Fjallagl\u00f3\u00f0 - KindArt","description":"Fjallagl\u00f3\u00f0 , Lj\u00f3\u00f0asafn eftir R\u00f3su B. Bl\u00f6ndals. B\u00f3kin er saumu\u00f0 og l\u00edmd \u00ed kartonk\u00e1pu. St\u00e6r\u00f0: 16.3 X 12.3 cm og 181 bls. \u00c1ritun til J\u00f3hannesar \u00far K\u00f6tlum. \u00datg\u00e1fa o"}},"product_brand":[],"product_cat":[83],"product_tag":[],"class_list":{"0":"post-9837","1":"product","2":"type-product","3":"status-publish","4":"has-post-thumbnail","6":"product_cat-books","7":"product_shipping_class-small-en","9":"first","10":"outofstock","11":"purchasable","12":"product-type-simple"},"_links":{"self":[{"href":"https:\/\/kindart.is\/en\/wp-json\/wp\/v2\/product\/9837","targetHints":{"allow":["GET"]}}],"collection":[{"href":"https:\/\/kindart.is\/en\/wp-json\/wp\/v2\/product"}],"about":[{"href":"https:\/\/kindart.is\/en\/wp-json\/wp\/v2\/types\/product"}],"wp:featuredmedia":[{"embeddable":true,"href":"https:\/\/kindart.is\/en\/wp-json\/wp\/v2\/media\/9834"}],"wp:attachment":[{"href":"https:\/\/kindart.is\/en\/wp-json\/wp\/v2\/media?parent=9837"}],"wp:term":[{"taxonomy":"product_brand","embeddable":true,"href":"https:\/\/kindart.is\/en\/wp-json\/wp\/v2\/product_brand?post=9837"},{"taxonomy":"product_cat","embeddable":true,"href":"https:\/\/kindart.is\/en\/wp-json\/wp\/v2\/product_cat?post=9837"},{"taxonomy":"product_tag","embeddable":true,"href":"https:\/\/kindart.is\/en\/wp-json\/wp\/v2\/product_tag?post=9837"}],"curies":[{"name":"wp","href":"https:\/\/api.w.org\/{rel}","templated":true}]}}