{"id":9841,"date":"2025-01-07T13:11:37","date_gmt":"2025-01-07T13:11:37","guid":{"rendered":"https:\/\/kindart.is\/vara\/ennnyall\/"},"modified":"2025-01-07T13:16:48","modified_gmt":"2025-01-07T13:16:48","slug":"ennnyall","status":"publish","type":"product","link":"https:\/\/kindart.is\/en\/vara\/ennnyall\/","title":{"rendered":"Ennn\u00fdall"},"content":{"rendered":"<p><strong>Ennn\u00fdall<\/strong> eftir Helga Pjeturs. Nokkur \u00edslensk dr\u00f6g til skilnings \u00e1 heimi og l\u00edfi. B\u00f3kin er saumu\u00f0 og sett \u00ed k\u00e1pu, sem vantar a\u00f0 framan. \u00c1ritun Helga \u00e1 titilbla\u00f0s\u00ed\u00f0u til J\u00f3hannesar \u00far K\u00f6tlum. St\u00e6r\u00f0: 19 X 13 cm og 256 bls.<\/p>\n<p><strong>\u00datg\u00e1fa og prentun<\/strong>:<br \/>\nF\u00e9lagsprentsmi\u00f0jan Reykjav\u00edk 1929. Prentun: F\u00e9lagsprentsmi\u00f0jan,<\/p>\n","protected":false},"excerpt":{"rendered":"<p>Ennn\u00fdall eftir Helga Pjeturs. Nokkur \u00edslensk dr\u00f6g til skilnings \u00e1 heimi og l\u00edfi. B\u00f3kin er saumu\u00f0 og sett \u00ed k\u00e1pu, sem vantar a\u00f0 framan. \u00c1ritun Helga \u00e1 titilbla\u00f0s\u00ed\u00f0u til J\u00f3hannesar \u00far K\u00f6tlum. St\u00e6r\u00f0: 19 X 13 cm og 256 bls. \u00datg\u00e1fa og prentun: F\u00e9lagsprentsmi\u00f0jan Reykjav\u00edk 1929. Prentun: F\u00e9lagsprentsmi\u00f0jan,<\/p>\n","protected":false},"featured_media":9840,"template":"","meta":{"slim_seo":{"title":"Ennn\u00fdall - KindArt","description":"Ennn\u00fdall eftir Helga Pjeturs. Nokkur \u00edslensk dr\u00f6g til skilnings \u00e1 heimi og l\u00edfi. B\u00f3kin er saumu\u00f0 og sett \u00ed k\u00e1pu, sem vantar a\u00f0 framan. \u00c1ritun Helga \u00e1 titilbla\u00f0s"}},"product_brand":[],"product_cat":[83],"product_tag":[],"class_list":{"0":"post-9841","1":"product","2":"type-product","3":"status-publish","4":"has-post-thumbnail","6":"product_cat-books","7":"product_shipping_class-small-en","9":"first","10":"outofstock","11":"purchasable","12":"product-type-simple"},"_links":{"self":[{"href":"https:\/\/kindart.is\/en\/wp-json\/wp\/v2\/product\/9841","targetHints":{"allow":["GET"]}}],"collection":[{"href":"https:\/\/kindart.is\/en\/wp-json\/wp\/v2\/product"}],"about":[{"href":"https:\/\/kindart.is\/en\/wp-json\/wp\/v2\/types\/product"}],"wp:featuredmedia":[{"embeddable":true,"href":"https:\/\/kindart.is\/en\/wp-json\/wp\/v2\/media\/9840"}],"wp:attachment":[{"href":"https:\/\/kindart.is\/en\/wp-json\/wp\/v2\/media?parent=9841"}],"wp:term":[{"taxonomy":"product_brand","embeddable":true,"href":"https:\/\/kindart.is\/en\/wp-json\/wp\/v2\/product_brand?post=9841"},{"taxonomy":"product_cat","embeddable":true,"href":"https:\/\/kindart.is\/en\/wp-json\/wp\/v2\/product_cat?post=9841"},{"taxonomy":"product_tag","embeddable":true,"href":"https:\/\/kindart.is\/en\/wp-json\/wp\/v2\/product_tag?post=9841"}],"curies":[{"name":"wp","href":"https:\/\/api.w.org\/{rel}","templated":true}]}}