{"id":9848,"date":"2025-01-07T13:23:42","date_gmt":"2025-01-07T13:23:42","guid":{"rendered":"https:\/\/kindart.is\/vara\/nyforoyskur-skaldskapur-urval\/"},"modified":"2025-01-07T13:34:55","modified_gmt":"2025-01-07T13:34:55","slug":"nyforoyskur-skaldskapur-urval","status":"publish","type":"product","link":"https:\/\/kindart.is\/en\/vara\/nyforoyskur-skaldskapur-urval\/","title":{"rendered":"N\u00fdf\u00f8royskur sk\u00e1ldskapur &#8211; \u00darval"},"content":{"rendered":"<p><strong>N\u00fdf\u00f8royskur sk\u00e1ldskapur &#8211; \u00darval<\/strong>. Me\u00f0 form\u00e1la eftir William Heinesen. B\u00f3kin er saumu\u00f0 og sett \u00ed kartonk\u00e1pu me\u00f0 mynd eftir Jacob Olsen. St\u00e6r\u00f0: 18.3 X 13.1 cm og 78 bls.<\/p>\n<p><strong>\u00datg\u00e1fa og prentun<\/strong>:<br \/>\nF\u00e9lagi\u00f0 Var\u00f0in. \u00de\u00f3rsh\u00f6fn 1930. Prentun: Prentsmi\u00f0ja \u201eDimmal\u00e6ttingar\u2018\u2018 Torshavn.<\/p>\n<p>&nbsp;<\/p>\n","protected":false},"excerpt":{"rendered":"<p>N\u00fdf\u00f8royskur sk\u00e1ldskapur &#8211; \u00darval. Me\u00f0 form\u00e1la eftir William Heinesen. B\u00f3kin er saumu\u00f0 og sett \u00ed kartonk\u00e1pu me\u00f0 mynd eftir Jacob Olsen. St\u00e6r\u00f0: 18.3 X 13.1 cm og 78 bls. \u00datg\u00e1fa og prentun: F\u00e9lagi\u00f0 Var\u00f0in. \u00de\u00f3rsh\u00f6fn 1930. Prentun: Prentsmi\u00f0ja \u201eDimmal\u00e6ttingar\u2018\u2018 Torshavn. &nbsp;<\/p>\n","protected":false},"featured_media":9845,"template":"","meta":{"slim_seo":{"title":"N\u00fdf\u00f8royskur sk\u00e1ldskapur - \u00darval - KindArt","description":"N\u00fdf\u00f8royskur sk\u00e1ldskapur - \u00darval . Me\u00f0 form\u00e1la eftir William Heinesen. B\u00f3kin er saumu\u00f0 og sett \u00ed kartonk\u00e1pu me\u00f0 mynd eftir Jacob Olsen. St\u00e6r\u00f0: 18.3 X 13.1 cm og"}},"product_brand":[],"product_cat":[83],"product_tag":[],"class_list":{"0":"post-9848","1":"product","2":"type-product","3":"status-publish","4":"has-post-thumbnail","6":"product_cat-books","7":"product_shipping_class-small-en","9":"first","10":"instock","11":"purchasable","12":"product-type-simple"},"_links":{"self":[{"href":"https:\/\/kindart.is\/en\/wp-json\/wp\/v2\/product\/9848","targetHints":{"allow":["GET"]}}],"collection":[{"href":"https:\/\/kindart.is\/en\/wp-json\/wp\/v2\/product"}],"about":[{"href":"https:\/\/kindart.is\/en\/wp-json\/wp\/v2\/types\/product"}],"wp:featuredmedia":[{"embeddable":true,"href":"https:\/\/kindart.is\/en\/wp-json\/wp\/v2\/media\/9845"}],"wp:attachment":[{"href":"https:\/\/kindart.is\/en\/wp-json\/wp\/v2\/media?parent=9848"}],"wp:term":[{"taxonomy":"product_brand","embeddable":true,"href":"https:\/\/kindart.is\/en\/wp-json\/wp\/v2\/product_brand?post=9848"},{"taxonomy":"product_cat","embeddable":true,"href":"https:\/\/kindart.is\/en\/wp-json\/wp\/v2\/product_cat?post=9848"},{"taxonomy":"product_tag","embeddable":true,"href":"https:\/\/kindart.is\/en\/wp-json\/wp\/v2\/product_tag?post=9848"}],"curies":[{"name":"wp","href":"https:\/\/api.w.org\/{rel}","templated":true}]}}