{"id":9857,"date":"2025-01-10T04:57:23","date_gmt":"2025-01-10T04:57:23","guid":{"rendered":"https:\/\/kindart.is\/vara\/lesarinn\/"},"modified":"2025-01-10T04:59:48","modified_gmt":"2025-01-10T04:59:48","slug":"lesarinn","status":"publish","type":"product","link":"https:\/\/kindart.is\/en\/vara\/lesarinn\/","title":{"rendered":"Lesarinn"},"content":{"rendered":"<p><strong>Lesarinn<\/strong> eftir Bernhard Schlink. Arth\u00far Bj\u00f6rgvin Bollason \u00fe\u00fdddi. B\u00f3kin er \u00ed kiljubandi og l\u00edmd og fest \u00ed k\u00e1pu \u00ed s\u00e9rstakri kilju-\u00edsetningarv\u00e9l og er papp\u00edrinn s\u00e9rstalega valinn til \u00feess St\u00e6r\u00f0: 20 X 12.7 cm og 189 bls.<\/p>\n<p><strong>\u00datg\u00e1fa og prentun<\/strong>:<br \/>\nM\u00e1l og menning Kilju\u00fatg\u00e1fa 1998. \u00cdslenski kiljukl\u00fabburinn 2000. Prentun: N\u00f8rhaven a\/s Viborg, Danm\u00f6rku.<\/p>\n","protected":false},"excerpt":{"rendered":"<p>Lesarinn eftir Bernhard Schlink. Arth\u00far Bj\u00f6rgvin Bollason \u00fe\u00fdddi. B\u00f3kin er \u00ed kiljubandi og l\u00edmd og fest \u00ed k\u00e1pu \u00ed s\u00e9rstakri kilju-\u00edsetningarv\u00e9l og er papp\u00edrinn s\u00e9rstalega valinn til \u00feess St\u00e6r\u00f0: 20 X 12.7 cm og 189 bls. \u00datg\u00e1fa og prentun: M\u00e1l og menning Kilju\u00fatg\u00e1fa 1998. \u00cdslenski kiljukl\u00fabburinn 2000. Prentun: N\u00f8rhaven a\/s Viborg, Danm\u00f6rku.<\/p>\n","protected":false},"featured_media":9852,"template":"","meta":{"slim_seo":{"title":"Lesarinn - KindArt","description":"Lesarinn eftir Bernhard Schlink. Arth\u00far Bj\u00f6rgvin Bollason \u00fe\u00fdddi. B\u00f3kin er \u00ed kiljubandi og l\u00edmd og fest \u00ed k\u00e1pu \u00ed s\u00e9rstakri kilju-\u00edsetningarv\u00e9l og er papp\u00edrinn s\u00e9"}},"product_brand":[],"product_cat":[83],"product_tag":[],"class_list":{"0":"post-9857","1":"product","2":"type-product","3":"status-publish","4":"has-post-thumbnail","6":"product_cat-books","7":"product_shipping_class-small-en","9":"first","10":"instock","11":"purchasable","12":"product-type-simple"},"_links":{"self":[{"href":"https:\/\/kindart.is\/en\/wp-json\/wp\/v2\/product\/9857","targetHints":{"allow":["GET"]}}],"collection":[{"href":"https:\/\/kindart.is\/en\/wp-json\/wp\/v2\/product"}],"about":[{"href":"https:\/\/kindart.is\/en\/wp-json\/wp\/v2\/types\/product"}],"wp:featuredmedia":[{"embeddable":true,"href":"https:\/\/kindart.is\/en\/wp-json\/wp\/v2\/media\/9852"}],"wp:attachment":[{"href":"https:\/\/kindart.is\/en\/wp-json\/wp\/v2\/media?parent=9857"}],"wp:term":[{"taxonomy":"product_brand","embeddable":true,"href":"https:\/\/kindart.is\/en\/wp-json\/wp\/v2\/product_brand?post=9857"},{"taxonomy":"product_cat","embeddable":true,"href":"https:\/\/kindart.is\/en\/wp-json\/wp\/v2\/product_cat?post=9857"},{"taxonomy":"product_tag","embeddable":true,"href":"https:\/\/kindart.is\/en\/wp-json\/wp\/v2\/product_tag?post=9857"}],"curies":[{"name":"wp","href":"https:\/\/api.w.org\/{rel}","templated":true}]}}