{"id":9864,"date":"2025-01-10T05:03:35","date_gmt":"2025-01-10T05:03:35","guid":{"rendered":"https:\/\/kindart.is\/vara\/haustmal\/"},"modified":"2025-01-10T05:06:29","modified_gmt":"2025-01-10T05:06:29","slug":"haustmal","status":"publish","type":"product","link":"https:\/\/kindart.is\/en\/vara\/haustmal\/","title":{"rendered":"Haustm\u00e1l"},"content":{"rendered":"<p><strong>Haustm\u00e1l<\/strong>. Lj\u00f3\u00f0ab\u00f3k eftir Hallberg Hallmundsson. B\u00f3kin er saumu\u00f0 og fest \u00ed kartonk\u00e1pu. St\u00e6r\u00f0: 18 X 121.4 cm og 78 bls.<\/p>\n<p><strong>\u00datg\u00e1fa og prentun<\/strong>:<br \/>\nAlmenna b\u00f3kaf\u00e9lagi\u00f0 Reykjav\u00edk 1968. Prentun: Prentsmi\u00f0jan Oddi.<\/p>\n","protected":false},"excerpt":{"rendered":"<p>Haustm\u00e1l. Lj\u00f3\u00f0ab\u00f3k eftir Hallberg Hallmundsson. B\u00f3kin er saumu\u00f0 og fest \u00ed kartonk\u00e1pu. St\u00e6r\u00f0: 18 X 121.4 cm og 78 bls. \u00datg\u00e1fa og prentun: Almenna b\u00f3kaf\u00e9lagi\u00f0 Reykjav\u00edk 1968. Prentun: Prentsmi\u00f0jan Oddi.<\/p>\n","protected":false},"featured_media":9861,"template":"","meta":{"slim_seo":{"title":"Haustm\u00e1l - KindArt","description":"Haustm\u00e1l . Lj\u00f3\u00f0ab\u00f3k eftir Hallberg Hallmundsson. B\u00f3kin er saumu\u00f0 og fest \u00ed kartonk\u00e1pu. St\u00e6r\u00f0: 18 X 121.4 cm og 78 bls. \u00datg\u00e1fa og prentun : Almenna b\u00f3kaf\u00e9lagi\u00f0 R"}},"product_brand":[],"product_cat":[83],"product_tag":[],"class_list":{"0":"post-9864","1":"product","2":"type-product","3":"status-publish","4":"has-post-thumbnail","6":"product_cat-books","7":"product_shipping_class-small-en","9":"first","10":"instock","11":"purchasable","12":"product-type-simple"},"_links":{"self":[{"href":"https:\/\/kindart.is\/en\/wp-json\/wp\/v2\/product\/9864","targetHints":{"allow":["GET"]}}],"collection":[{"href":"https:\/\/kindart.is\/en\/wp-json\/wp\/v2\/product"}],"about":[{"href":"https:\/\/kindart.is\/en\/wp-json\/wp\/v2\/types\/product"}],"wp:featuredmedia":[{"embeddable":true,"href":"https:\/\/kindart.is\/en\/wp-json\/wp\/v2\/media\/9861"}],"wp:attachment":[{"href":"https:\/\/kindart.is\/en\/wp-json\/wp\/v2\/media?parent=9864"}],"wp:term":[{"taxonomy":"product_brand","embeddable":true,"href":"https:\/\/kindart.is\/en\/wp-json\/wp\/v2\/product_brand?post=9864"},{"taxonomy":"product_cat","embeddable":true,"href":"https:\/\/kindart.is\/en\/wp-json\/wp\/v2\/product_cat?post=9864"},{"taxonomy":"product_tag","embeddable":true,"href":"https:\/\/kindart.is\/en\/wp-json\/wp\/v2\/product_tag?post=9864"}],"curies":[{"name":"wp","href":"https:\/\/api.w.org\/{rel}","templated":true}]}}