{"id":9872,"date":"2025-01-10T05:20:08","date_gmt":"2025-01-10T05:20:08","guid":{"rendered":"https:\/\/kindart.is\/vara\/ad-laufferjum-og-brunnum\/"},"modified":"2025-01-10T05:27:30","modified_gmt":"2025-01-10T05:27:30","slug":"ad-laufferjum-og-brunnum","status":"publish","type":"product","link":"https:\/\/kindart.is\/en\/vara\/ad-laufferjum-og-brunnum\/","title":{"rendered":"A\u00f0 laufferjum og brunnum"},"content":{"rendered":"<p><strong>A\u00f0 laufferjum og brunnum<\/strong>-\u00d3lafur J\u00f3h. Sig. Texti. B\u00f3kmenntaver\u00f0laun Nor\u00f0urlandar\u00e1\u00f0s 1976. Ver\u00f0launab\u00e6kur \u00d3lafs J\u00f3hanns Sigur\u00f0ssonar: A\u00f0 laufferjum 1972 og a\u00f0 brunnum 1974. N\u00fa \u00ed einu bindi. B\u00f3kin er bundin, saumu\u00f0 og me\u00f0 hl\u00edf\u00f0ark\u00e1pu. St\u00e6r\u00f0: 21.4 X15 cm og 146 bls.<\/p>\n<p><strong>\u00datg\u00e1fa og prentun<\/strong>:<br \/>\nB\u00f3ka\u00fatg\u00e1fa Menningarsj\u00f3\u00f0s Reykjav\u00edk 1976. 2. \u00fatg\u00e1fa. Prentun: Prentsmi\u00f0ja Hafnarfjar\u00f0ar.<\/p>\n","protected":false},"excerpt":{"rendered":"<p>A\u00f0 laufferjum og brunnum-\u00d3lafur J\u00f3h. Sig. Texti. B\u00f3kmenntaver\u00f0laun Nor\u00f0urlandar\u00e1\u00f0s 1976. Ver\u00f0launab\u00e6kur \u00d3lafs J\u00f3hanns Sigur\u00f0ssonar: A\u00f0 laufferjum 1972 og a\u00f0 brunnum 1974. N\u00fa \u00ed einu bindi. B\u00f3kin er bundin, saumu\u00f0 og me\u00f0 hl\u00edf\u00f0ark\u00e1pu. St\u00e6r\u00f0: 21.4 X15 cm og 146 bls. \u00datg\u00e1fa og prentun: B\u00f3ka\u00fatg\u00e1fa Menningarsj\u00f3\u00f0s Reykjav\u00edk 1976. 2. \u00fatg\u00e1fa. Prentun: Prentsmi\u00f0ja Hafnarfjar\u00f0ar.<\/p>\n","protected":false},"featured_media":9867,"template":"","meta":{"slim_seo":{"title":"A\u00f0 laufferjum og brunnum - KindArt","description":"A\u00f0 laufferjum og brunnum -\u00d3lafur J\u00f3h. Sig. Texti. B\u00f3kmenntaver\u00f0laun Nor\u00f0urlandar\u00e1\u00f0s 1976. Ver\u00f0launab\u00e6kur \u00d3lafs J\u00f3hanns Sigur\u00f0ssonar: A\u00f0 laufferjum 1972 og a\u00f0 br"}},"product_brand":[],"product_cat":[88],"product_tag":[],"class_list":{"0":"post-9872","1":"product","2":"type-product","3":"status-publish","4":"has-post-thumbnail","6":"product_cat-uncategorized-en","7":"product_shipping_class-small-en","9":"first","10":"instock","11":"purchasable","12":"product-type-simple"},"_links":{"self":[{"href":"https:\/\/kindart.is\/en\/wp-json\/wp\/v2\/product\/9872","targetHints":{"allow":["GET"]}}],"collection":[{"href":"https:\/\/kindart.is\/en\/wp-json\/wp\/v2\/product"}],"about":[{"href":"https:\/\/kindart.is\/en\/wp-json\/wp\/v2\/types\/product"}],"wp:featuredmedia":[{"embeddable":true,"href":"https:\/\/kindart.is\/en\/wp-json\/wp\/v2\/media\/9867"}],"wp:attachment":[{"href":"https:\/\/kindart.is\/en\/wp-json\/wp\/v2\/media?parent=9872"}],"wp:term":[{"taxonomy":"product_brand","embeddable":true,"href":"https:\/\/kindart.is\/en\/wp-json\/wp\/v2\/product_brand?post=9872"},{"taxonomy":"product_cat","embeddable":true,"href":"https:\/\/kindart.is\/en\/wp-json\/wp\/v2\/product_cat?post=9872"},{"taxonomy":"product_tag","embeddable":true,"href":"https:\/\/kindart.is\/en\/wp-json\/wp\/v2\/product_tag?post=9872"}],"curies":[{"name":"wp","href":"https:\/\/api.w.org\/{rel}","templated":true}]}}