{"id":9886,"date":"2025-01-10T18:28:12","date_gmt":"2025-01-10T18:28:12","guid":{"rendered":"https:\/\/kindart.is\/vara\/sogur-og-sagnamal-jons-yngva\/"},"modified":"2025-01-10T18:28:12","modified_gmt":"2025-01-10T18:28:12","slug":"sogur-og-sagnamal-jons-yngva","status":"publish","type":"product","link":"https:\/\/kindart.is\/en\/vara\/sogur-og-sagnamal-jons-yngva\/","title":{"rendered":"S\u00f6gur og sagnam\u00e1l J\u00f3ns Yngva"},"content":{"rendered":"<p><strong>S\u00f6gur og sagnam\u00e1l J\u00f3ns Yngva<\/strong>. H\u00f6fundur: J\u00f3n Yngvi Yngvason fr\u00e1 Grindav\u00edk.\u00deorsteinn Antonsson bj\u00f3 til prentunar. B\u00f3kin er l\u00edmheft \u00ed kartonk\u00e1pu. St\u00e6r\u00f0: 20.4 X14.2 cm og 125 bls. J\u00f3n Yngvi var br\u00f3\u00f0ursonur J\u00f3ns fr\u00e1 Lj\u00e1rsk\u00f3gum.<\/p>\n<p><strong>\u00datg\u00e1fa og prentun<\/strong>:<br \/>\nSagnasmi\u00f0jan. dinek@internet.is. Umbrot: Prentverk Selfoss. Prentun: H\u00e1sk\u00f3laprent.<\/p>\n","protected":false},"excerpt":{"rendered":"<p>S\u00f6gur og sagnam\u00e1l J\u00f3ns Yngva. H\u00f6fundur: J\u00f3n Yngvi Yngvason fr\u00e1 Grindav\u00edk.\u00deorsteinn Antonsson bj\u00f3 til prentunar. B\u00f3kin er l\u00edmheft \u00ed kartonk\u00e1pu. St\u00e6r\u00f0: 20.4 X14.2 cm og 125 bls. J\u00f3n Yngvi var br\u00f3\u00f0ursonur J\u00f3ns fr\u00e1 Lj\u00e1rsk\u00f3gum. \u00datg\u00e1fa og prentun: Sagnasmi\u00f0jan. dinek@internet.is. Umbrot: Prentverk Selfoss. Prentun: H\u00e1sk\u00f3laprent.<\/p>\n","protected":false},"featured_media":9881,"template":"","meta":{"slim_seo":{"title":"S\u00f6gur og sagnam\u00e1l J\u00f3ns Yngva - KindArt","description":"S\u00f6gur og sagnam\u00e1l J\u00f3ns Yngva . H\u00f6fundur: J\u00f3n Yngvi Yngvason fr\u00e1 Grindav\u00edk.\u00deorsteinn Antonsson bj\u00f3 til prentunar. B\u00f3kin er l\u00edmheft \u00ed kartonk\u00e1pu. St\u00e6r\u00f0: 20.4 X14."}},"product_brand":[],"product_cat":[83],"product_tag":[],"class_list":{"0":"post-9886","1":"product","2":"type-product","3":"status-publish","4":"has-post-thumbnail","6":"product_cat-books","7":"product_shipping_class-small-en","9":"first","10":"outofstock","11":"purchasable","12":"product-type-simple"},"_links":{"self":[{"href":"https:\/\/kindart.is\/en\/wp-json\/wp\/v2\/product\/9886","targetHints":{"allow":["GET"]}}],"collection":[{"href":"https:\/\/kindart.is\/en\/wp-json\/wp\/v2\/product"}],"about":[{"href":"https:\/\/kindart.is\/en\/wp-json\/wp\/v2\/types\/product"}],"wp:featuredmedia":[{"embeddable":true,"href":"https:\/\/kindart.is\/en\/wp-json\/wp\/v2\/media\/9881"}],"wp:attachment":[{"href":"https:\/\/kindart.is\/en\/wp-json\/wp\/v2\/media?parent=9886"}],"wp:term":[{"taxonomy":"product_brand","embeddable":true,"href":"https:\/\/kindart.is\/en\/wp-json\/wp\/v2\/product_brand?post=9886"},{"taxonomy":"product_cat","embeddable":true,"href":"https:\/\/kindart.is\/en\/wp-json\/wp\/v2\/product_cat?post=9886"},{"taxonomy":"product_tag","embeddable":true,"href":"https:\/\/kindart.is\/en\/wp-json\/wp\/v2\/product_tag?post=9886"}],"curies":[{"name":"wp","href":"https:\/\/api.w.org\/{rel}","templated":true}]}}